{"id":15,"date":"2008-10-23T16:17:11","date_gmt":"2008-10-23T14:17:11","guid":{"rendered":"http:\/\/www.parroquiasanmiguelarcangel.es\/web\/?page_id=15"},"modified":"2014-02-09T15:54:25","modified_gmt":"2014-02-09T14:54:25","slug":"la-voz-del-parroco","status":"publish","type":"page","link":"http:\/\/www.parroquiasanmiguelarcangel.es\/web\/la-voz-del-parroco","title":{"rendered":"La voz del P\u00e1rroco"},"content":{"rendered":"<div id=\"attachment_77\" style=\"width: 210px\" class=\"wp-caption alignleft\"><a href=\"http:\/\/www.parroquiasanmiguelarcangel.es\/web\/wp-content\/uploads\/2008\/10\/Jose-Andres-001.jpg\"><img loading=\"lazy\" decoding=\"async\" aria-describedby=\"caption-attachment-77\" class=\"size-thumbnail wp-image-77\" title=\"Jos\u00e9 Andr\u00e9s\" alt=\"Jose Andr\u00e9s Silva\" src=\"http:\/\/www.parroquiasanmiguelarcangel.es\/web\/wp-content\/uploads\/2008\/10\/Jose-Andres-001.jpg\" width=\"200\" height=\"255\" \/><\/a><p id=\"caption-attachment-77\" class=\"wp-caption-text\">Jose Andr\u00e9s Silva<\/p><\/div>\n<p style=\"text-align: justify;\">\u00a0\u00a0\u00a0A trav\u00e9s de esta p\u00e1gina, nuestro p\u00e1rroco, Jose Andr\u00e9s, como pastor de San Miguel, nos escribe anim\u00e1ndonos a caminar en la fe y unidos a nuestra Madre la Iglesia.<\/p>\n<h4><center><a title=\"\u00daltima voz\" href=\"http:\/\/www.parroquiasanmiguelarcangel.es\/web\/la-voz-del-parroco\/ultima-voz\" target=\"_blank\">[pl_label type=&#8221;important&#8221;]\u00daltima Voz[\/pl_label]<\/a><\/center><\/h4>\n<h4><center><a title=\"Voces anteriores\" href=\"http:\/\/www.parroquiasanmiguelarcangel.es\/web\/la-voz-del-parroco\/voces-anteriores\" target=\"_blank\">[pl_label type=&#8221;important&#8221;]Voces anteriores[\/pl_label]<\/a><\/center><\/h4>\n","protected":false},"excerpt":{"rendered":"<p>\u00a0\u00a0\u00a0A trav\u00e9s de esta p\u00e1gina, nuestro p\u00e1rroco, Jose Andr\u00e9s, como pastor de San Miguel, nos escribe anim\u00e1ndonos a caminar en la fe y unidos a nuestra Madre la Iglesia. [pl_label [&hellip;]<\/p>\n","protected":false},"author":2,"featured_media":0,"parent":0,"menu_order":0,"comment_status":"closed","ping_status":"closed","template":"","meta":{"_et_pb_use_builder":"","_et_pb_old_content":"","_et_gb_content_width":"","_mc_calendar":[],"footnotes":""},"class_list":["post-15","page","type-page","status-publish","hentry"],"_links":{"self":[{"href":"http:\/\/www.parroquiasanmiguelarcangel.es\/web\/wp-json\/wp\/v2\/pages\/15","targetHints":{"allow":["GET"]}}],"collection":[{"href":"http:\/\/www.parroquiasanmiguelarcangel.es\/web\/wp-json\/wp\/v2\/pages"}],"about":[{"href":"http:\/\/www.parroquiasanmiguelarcangel.es\/web\/wp-json\/wp\/v2\/types\/page"}],"author":[{"embeddable":true,"href":"http:\/\/www.parroquiasanmiguelarcangel.es\/web\/wp-json\/wp\/v2\/users\/2"}],"replies":[{"embeddable":true,"href":"http:\/\/www.parroquiasanmiguelarcangel.es\/web\/wp-json\/wp\/v2\/comments?post=15"}],"version-history":[{"count":39,"href":"http:\/\/www.parroquiasanmiguelarcangel.es\/web\/wp-json\/wp\/v2\/pages\/15\/revisions"}],"predecessor-version":[{"id":3664,"href":"http:\/\/www.parroquiasanmiguelarcangel.es\/web\/wp-json\/wp\/v2\/pages\/15\/revisions\/3664"}],"wp:attachment":[{"href":"http:\/\/www.parroquiasanmiguelarcangel.es\/web\/wp-json\/wp\/v2\/media?parent=15"}],"curies":[{"name":"wp","href":"https:\/\/api.w.org\/{rel}","templated":true}]}}