{"id":23,"date":"2008-10-23T16:31:51","date_gmt":"2008-10-23T14:31:51","guid":{"rendered":"http:\/\/www.parroquiasanmiguelarcangel.es\/web\/?page_id=23"},"modified":"2008-12-03T16:11:03","modified_gmt":"2008-12-03T15:11:03","slug":"retiros-y-oracion","status":"publish","type":"page","link":"http:\/\/www.parroquiasanmiguelarcangel.es\/web\/retiros-y-oracion","title":{"rendered":"Retiros y Oraci\u00f3n"},"content":{"rendered":"<p><\/br><\/p>\n<p style=\"text-align: justify;\"><img loading=\"lazy\" decoding=\"async\" class=\"alignleft size-medium wp-image-41\" title=\"jesus_reza_a_su_padre_dios\" src=\"http:\/\/www.parroquiasanmiguelarcangel.es\/web\/wp-content\/uploads\/2008\/10\/jesus_reza_a_su_padre_dios.jpg\" alt=\"\" width=\"175\" height=\"167\" \/>&nbsp;&nbsp;&nbsp;Uno de los elementos m\u00e1s importantes en la vida de un cristiano es la oraci\u00f3n.Hay personas que creen que la oraci\u00f3n consiste solamente en pedir, y por eso apenas les atrae. En otras ocasiones el problema con la oraci\u00f3n es que puede convertirse en simples pensamientos, lo cual tampoco resulta demasiado \u00fatil; ya pasamos todo el d\u00eda a solas con nuestro cerebro, y el Se\u00f1or se merece que le dediquemos al menos unos momentos de nuestro d\u00eda.<\/p>\n<p style=\"text-align: justify;\">&nbsp;&nbsp;&nbsp;La verdadera oraci\u00f3n es mucho m\u00e1s que pedir o pensar: es hablar, desahogarse, agradecer, comunicarse con miradas o sonrisas, escuchar, y a veces, simplemente estar; estar en silencio, como se est\u00e1 con un amigo de gran confianza, con el que hay momentos en los que sobran las palabras. Que la oraci\u00f3n debe ser una relaci\u00f3n de amistad ya lo dec\u00eda Santa Teresa de \u00c1vila: &#8220;orar es tratar de amistad estando muchas veces a solas con quien sabemos nos ama.&#8221;<\/p>\n<p style=\"text-align: justify;\">&nbsp;&nbsp;&nbsp;Se podr\u00eda decir que cuando practicamos a menudo la oraci\u00f3n nos metemos en una espiral que se muerde la cola: cuanto m\u00e1s se reza m\u00e1s se va ganando poco a poco intimidad con Dios, se le va conociendo; y cuanto m\u00e1s se le va conociendo, mayor es la necesidad de oraci\u00f3n que va surgiendo dentro de nosotros, mayor el deseo del encuentro con el Amigo por excelencia.<\/p>\n<p style=\"text-align: justify;\">&nbsp;&nbsp;&nbsp;La oraci\u00f3n es un don que Dios nos regala, ya que nos permite tener una \u00edntima relaci\u00f3n con \u00c9l. Es, o deber\u00eda ser, una importante necesidad del cristiano, aunque para convertirse en necesidad tenemos que estar acostumbrados a ella.<br \/>\nPero, con nuestro ajetreado ritmo de vida, \u00bfc\u00f3mo sacar ratos de oraci\u00f3n? \u00bfD\u00f3nde encontrar un buen lugar?&#8230;<\/p>\n<p style=\"text-align: justify;\">&nbsp;&nbsp;&nbsp;Desde la parroquia se ofrecen varias posibilidades diferentes de encuentro con el Se\u00f1or a trav\u00e9s de la oraci\u00f3n:<\/p>\n<p style=\"text-align: justify;\">\u21e8 <a href=\"http:\/\/www.parroquiasanmiguelarcangel.es\/web\/retiros-y-oracion\/capilla\" TARGET=\"_blank\">Capilla<\/a>\u00a0 \u00a0<\/p>\n<p style=\"text-align: justify;\">\u21e8 <a href=\"http:\/\/www.parroquiasanmiguelarcangel.es\/web\/retiros-y-oracion\/rosario\" TARGET=\"_blank\">Rosario<\/a> <\/p>\n<p style=\"text-align: justify;\">\u21e8 <a href=\"http:\/\/www.parroquiasanmiguelarcangel.es\/web\/retiros-y-oracion\/visperas\" TARGET=\"_blank\">V\u00edsperas<\/a> <\/p>\n<p style=\"text-align: justify;\">\u21e8 <a href=\"http:\/\/www.parroquiasanmiguelarcangel.es\/web\/retiros-y-oracion\/adoracion-al-santisimo\" TARGET=\"_blank\">Adoraci\u00f3n al Sant\u00edsimo<\/a> <\/p>\n<p style=\"text-align: justify;\">\u21e8 <a href=\"http:\/\/www.parroquiasanmiguelarcangel.es\/web\/retiros-y-oracion\/adoracion-de-jovenes-al-santisimo\" TARGET=\"_blank\">Adoraci\u00f3n de j\u00f3venes al Sant\u00edsimo<\/a> <\/p>\n<p style=\"text-align: justify;\">\u21e8 <a href=\"http:\/\/www.parroquiasanmiguelarcangel.es\/web\/retiros-y-oracion\/ejercicios-espirituales\" TARGET=\"_blank\">Ejercicios Espirituales<\/a><\/p>\n<p style=\"text-align: justify;\">\u21e8 <a href=\"http:\/\/www.parroquiasanmiguelarcangel.es\/web\/retiros-y-oracion\/retiros\" TARGET=\"_blank\">Retiros<\/a><br \/>\n\u00a0<\/p>\n<p>\u00a0<\/p>\n","protected":false},"excerpt":{"rendered":"<p>&nbsp;&nbsp;&nbsp;Uno de los elementos m\u00e1s importantes en la vida de un cristiano es la oraci\u00f3n.Hay personas que creen que la oraci\u00f3n consiste solamente en pedir, y por eso apenas les [&hellip;]<\/p>\n","protected":false},"author":2,"featured_media":0,"parent":0,"menu_order":0,"comment_status":"closed","ping_status":"closed","template":"","meta":{"_et_pb_use_builder":"","_et_pb_old_content":"","_et_gb_content_width":"","_mc_calendar":[],"footnotes":""},"class_list":["post-23","page","type-page","status-publish","hentry"],"_links":{"self":[{"href":"http:\/\/www.parroquiasanmiguelarcangel.es\/web\/wp-json\/wp\/v2\/pages\/23","targetHints":{"allow":["GET"]}}],"collection":[{"href":"http:\/\/www.parroquiasanmiguelarcangel.es\/web\/wp-json\/wp\/v2\/pages"}],"about":[{"href":"http:\/\/www.parroquiasanmiguelarcangel.es\/web\/wp-json\/wp\/v2\/types\/page"}],"author":[{"embeddable":true,"href":"http:\/\/www.parroquiasanmiguelarcangel.es\/web\/wp-json\/wp\/v2\/users\/2"}],"replies":[{"embeddable":true,"href":"http:\/\/www.parroquiasanmiguelarcangel.es\/web\/wp-json\/wp\/v2\/comments?post=23"}],"version-history":[{"count":12,"href":"http:\/\/www.parroquiasanmiguelarcangel.es\/web\/wp-json\/wp\/v2\/pages\/23\/revisions"}],"predecessor-version":[{"id":523,"href":"http:\/\/www.parroquiasanmiguelarcangel.es\/web\/wp-json\/wp\/v2\/pages\/23\/revisions\/523"}],"wp:attachment":[{"href":"http:\/\/www.parroquiasanmiguelarcangel.es\/web\/wp-json\/wp\/v2\/media?parent=23"}],"curies":[{"name":"wp","href":"https:\/\/api.w.org\/{rel}","templated":true}]}}