{"id":237,"date":"2008-11-03T00:44:18","date_gmt":"2008-11-02T23:44:18","guid":{"rendered":"http:\/\/www.parroquiasanmiguelarcangel.es\/web\/?page_id=237"},"modified":"2009-05-16T15:09:55","modified_gmt":"2009-05-16T14:09:55","slug":"gonzalo-mazarrasa","status":"publish","type":"page","link":"http:\/\/www.parroquiasanmiguelarcangel.es\/web\/musica\/gonzalo-mazarrasa","title":{"rendered":"Gonzalo Mazarrasa"},"content":{"rendered":"<blockquote>\n<p style=\"text-align: justify;\">\n<\/blockquote>\n<p style=\"padding-left: 60px;\">\n<blockquote>\n<p style=\"padding-left: 60px;\">\n<\/blockquote>\n<ul>\n<li><span style=\"text-decoration: underline;\">CD 1<\/span><\/li>\n<\/ul>\n<p style=\"padding-left: 60px;\"><a href=\"http:\/\/www.goear.com\/listen.php?v=c8050f5\">Ahora que estamos solos<\/a><\/p>\n<p style=\"padding-left: 60px;\"><a href=\"http:\/\/www.goear.com\/listen.php?v=ad3d858\">Busco un amigo<\/a><\/p>\n<p style=\"padding-left: 60px;\"><a href=\"http:\/\/www.goear.com\/listen.php?v=a0fc868\">Como busca el agua<\/a><\/p>\n<p style=\"padding-left: 60px;\"><a href=\"http:\/\/www.goear.com\/listen.php?v=c1df66a\">Coraz\u00f3n<\/a><\/p>\n<p style=\"padding-left: 60px;\"><a href=\"http:\/\/www.goear.com\/listen.php?v=68075fd\">Cristo, Dios y hombre<\/a><\/p>\n<p style=\"padding-left: 60px;\"><a href=\"http:\/\/www.goear.com\/listen.php?v=d27ce67\">Cuando siento el silencio de mi vida<\/a><\/p>\n<p style=\"padding-left: 60px;\"><a href=\"http:\/\/www.goear.com\/listen.php?v=22ff799\">Cuando te veo s\u00f3lo<\/a><\/p>\n<p style=\"padding-left: 60px;\"><a href=\"http:\/\/www.goear.com\/listen.php?v=fd897a8\">Dime qu\u00e9 m\u00e1s queda<\/a><\/p>\n<p style=\"padding-left: 60px;\"><a href=\"http:\/\/www.goear.com\/listen.php?v=75e2e20\">Hay algo dentro de m\u00ed<\/a><\/p>\n<p style=\"padding-left: 60px;\"><a href=\"http:\/\/www.goear.com\/listen.php?v=e4e7865\">\u00a1Jesucristo Vivo!<\/a><\/p>\n<p style=\"padding-left: 60px;\"><a href=\"http:\/\/www.goear.com\/listen.php?v=cfc0047\">Junto al mar de Galilea<\/a><\/p>\n<p style=\"padding-left: 60px;\"><a href=\"http:\/\/www.goear.com\/listen.php?v=06ca1da\">Oigo decir<\/a><\/p>\n<p style=\"padding-left: 60px;\"><a href=\"http:\/\/www.goear.com\/listen.php?v=5366170\">Porque siento la necesidad<\/a><\/p>\n<p style=\"padding-left: 60px;\"><a href=\"http:\/\/www.goear.com\/listen.php?v=d1d35c5\">Porque te quiero tanto<\/a><\/p>\n<p style=\"padding-left: 60px;\"><a href=\"http:\/\/www.goear.com\/listen.php?v=dba170e\">Porque te tengo a ti<\/a><\/p>\n<p style=\"padding-left: 60px;\"><a href=\"http:\/\/www.goear.com\/listen.php?v=f59eaf3\">Si hubieras estado aqu\u00ed<\/a><\/p>\n<p style=\"padding-left: 60px;\"><a href=\"http:\/\/www.goear.com\/listen.php?v=98bdf51\">Si yo pudiera<\/a><\/p>\n<p style=\"padding-left: 60px;\"><a href=\"http:\/\/www.goear.com\/listen.php?v=23f6428\">Te busco<\/a><\/p>\n<p style=\"padding-left: 60px;\"><a href=\"http:\/\/www.goear.com\/listen.php?v=fb26144\">T\u00fa, mi Dios y Se\u00f1or<\/a><\/p>\n<ul>\n<li><span style=\"text-decoration: underline;\">CD 2<\/span><\/li>\n<\/ul>\n<p style=\"padding-left: 60px;\"><a href=\"http:\/\/www.goear.com\/listen.php?v=b958dbd\">Barro, Se\u00f1or<\/a><\/p>\n<p style=\"padding-left: 60px;\"><a href=\"http:\/\/www.goear.com\/listen.php?v=f35211f\">Cada cosa que hag\u00e1is<\/a><\/p>\n<p style=\"padding-left: 60px;\"><a href=\"http:\/\/www.goear.com\/listen.php?v=45ddd7e\">Coraz\u00f3n de Jesucristo<\/a><\/p>\n<p style=\"padding-left: 60px;\"><a href=\"http:\/\/www.goear.com\/listen.php?v=da1efaf\">Cuando oigo tu nombre al viento<\/a><\/p>\n<p style=\"padding-left: 60px;\"><a href=\"http:\/\/www.goear.com\/listen.php?v=01d2ba4\">De una vez por todas<\/a><\/p>\n<p style=\"padding-left: 60px;\"><a href=\"http:\/\/www.goear.com\/listen.php?v=2dfac30\">Dices que ya no crees en Dios<\/a><\/p>\n<p style=\"padding-left: 60px;\"><a href=\"http:\/\/www.goear.com\/listen.php?v=0120dfb\">El agua de la vida<\/a><\/p>\n<p style=\"padding-left: 60px;\"><a href=\"http:\/\/www.goear.com\/listen.php?v=e007de1\">Eres T\u00fa<\/a><\/p>\n<p style=\"padding-left: 60px;\"><a href=\"http:\/\/www.goear.com\/listen.php?v=789b861\">Ha tenido que hacerse de noche<\/a><\/p>\n<p style=\"padding-left: 60px;\"><a href=\"http:\/\/www.goear.com\/listen.php?v=e7c5624\">Hay muchas maneras de decir<\/a><\/p>\n<p style=\"padding-left: 60px;\"><a href=\"http:\/\/www.goear.com\/listen.php?v=4a3faa7\">Jes\u00fas, mi samaritano<\/a><\/p>\n<p style=\"padding-left: 60px;\"><a href=\"http:\/\/www.goear.com\/listen.php?v=fbd89c4\">Me parece que me voy a enamorar<\/a><\/p>\n<p style=\"padding-left: 60px;\"><a href=\"http:\/\/www.goear.com\/listen.php?v=df59275\">Me sedujiste<\/a><\/p>\n<p style=\"padding-left: 60px;\"><a href=\"http:\/\/www.goear.com\/listen.php?v=d15cbd6\">No s\u00e9 c\u00f3mo decirte<\/a><\/p>\n<p style=\"padding-left: 60px;\"><a href=\"http:\/\/www.goear.com\/listen.php?v=828cf45\">No se te puede cantar<\/a><\/p>\n<p style=\"padding-left: 60px;\"><a href=\"http:\/\/www.goear.com\/listen.php?v=5cfe981\">No te veo ni te puedo tocar<\/a><\/p>\n<p style=\"padding-left: 60px;\"><a href=\"http:\/\/www.goear.com\/listen.php?v=9a06f40\">Siento que mi coraz\u00f3n estalla<\/a><\/p>\n<p style=\"padding-left: 60px;\"><a href=\"http:\/\/www.goear.com\/listen.php?v=937b2c8\">Todo es blanco<\/a><\/p>\n<p style=\"padding-left: 60px;\"><a href=\"http:\/\/www.goear.com\/listen.php?v=9391775\">T\u00fa<\/p>\n<p style=\"padding-left: 60px;\"><a href=\"http:\/\/www.goear.com\/listen.php?v=a33c386\">Voy a correr detr\u00e1s de la verdad<\/p>\n<p style=\"padding-left: 60px;\"><a href=\"http:\/\/www.goear.com\/listen.php?v=c7ca9f3\">Y T\u00fa otra vez<\/a><\/p>\n<ul>\n<li><span style=\"text-decoration: underline;\">CD 3<\/span><\/li>\n<\/ul>\n<p style=\"padding-left: 60px;\"><a href=\"http:\/\/www.goear.com\/listen.php?v=8fd54d7\">Acu\u00e9rdate Madre<\/a><\/p>\n<p style=\"padding-left: 60px;\">Amanecida<\/a><\/p>\n<p style=\"padding-left: 60px;\"><a href=\"http:\/\/www.goear.com\/listen.php?v=fb2dfce\">Aquellos ojos<\/a><\/p>\n<p style=\"padding-left: 60px;\"><a href=\"http:\/\/www.goear.com\/listen.php?v=c366c3d\">As\u00ed eres t\u00fa, Mar\u00eda<\/a><\/p>\n<p style=\"padding-left: 60px;\"><a href=\"http:\/\/www.goear.com\/listen.php?v=7adba8a\">Ave Mar\u00eda<\/a><\/p>\n<p style=\"padding-left: 60px;\"><a href=\"http:\/\/www.goear.com\/listen.php?v=bb2090f\">Beb\u00ed tu vino<\/a><\/p>\n<p style=\"padding-left: 60px;\"><a href=\"http:\/\/www.goear.com\/listen.php?v=fb7fbac\">Blanca<\/a><\/p>\n<p style=\"padding-left: 60px;\"><a href=\"http:\/\/www.goear.com\/listen.php?v=6b42b29\">Entre monta\u00f1as y valles<\/a><\/p>\n<p style=\"padding-left: 60px;\"><a href=\"http:\/\/www.goear.com\/listen.php?v=422258b\">Inmaculada Virgen<\/a><\/p>\n<p style=\"padding-left: 60px;\"><a href=\"http:\/\/www.goear.com\/listen.php?v=679f1d8\">La Visitaci\u00f3n<\/a><\/p>\n<p style=\"padding-left: 60px;\"><a href=\"http:\/\/www.goear.com\/listen.php?v=31dd6c5\">Mar\u00eda de Jes\u00fas <\/a><\/p>\n<p style=\"padding-left: 60px;\"><a href=\"http:\/\/www.goear.com\/listen.php?v=5963c19\">Qu\u00e9date cuando todos se hayan ido<\/a><\/p>\n<p style=\"padding-left: 60px;\"><a href=\"http:\/\/www.goear.com\/listen.php?v=7efc686\">S\u00e9 t\u00fa mi pureza<\/a><\/p>\n<p style=\"padding-left: 60px;\"><a href=\"http:\/\/www.goear.com\/listen.php?v=33acaa4\">Tiendo mi cantar<\/a><\/p>\n<p style=\"padding-left: 60px;\"><a href=\"http:\/\/www.goear.com\/listen.php?v=1858abd\">Todo tuyo soy<\/a><\/p>\n<p style=\"padding-left: 60px;\"><a href=\"http:\/\/www.goear.com\/listen.php?v=2571bca\">Tu peque\u00f1o nombre<\/a><\/p>\n<p style=\"padding-left: 60px;\"><a href=\"http:\/\/www.goear.com\/listen.php?v=b845546\">T\u00fa sabes c\u00f3mo soy<\/a><\/p>\n<p style=\"padding-left: 60px;\"><a href=\"http:\/\/www.goear.com\/listen.php?v=e9476c5\">T\u00fa ser\u00e1s<\/a><\/p>\n<p style=\"padding-left: 60px;\"><a href=\"http:\/\/www.goear.com\/listen.php?v=dcd3377\">Venid a m\u00ed<\/a><\/p>\n<ul>\n<li><span style=\"text-decoration: underline;\">CD 4<\/span><\/li>\n<\/ul>\n<p style=\"padding-left: 60px;\"><a href=\"http:\/\/www.goear.com\/listen.php?v=f7a81c6\">Contar un cuento a Dios<\/a><\/p>\n<p style=\"padding-left: 60px;\"><a href=\"http:\/\/www.goear.com\/listen.php?v=b50ff5e\">En el bosque hay un camino<\/a><\/p>\n<p style=\"padding-left: 60px;\"><a href=\"http:\/\/www.goear.com\/listen.php?v=bda4f6d\">Fuente blanca<\/a><\/p>\n<p style=\"padding-left: 60px;\"><a href=\"http:\/\/www.goear.com\/listen.php?v=83da9c3\">Ha pasado el tiempo<\/a><\/p>\n<p style=\"padding-left: 60px;\"><a href=\"http:\/\/www.goear.com\/listen.php?v=1918cb7\">La peque\u00f1a<\/a><\/p>\n<p style=\"padding-left: 60px;\"><a href=\"http:\/\/www.goear.com\/listen.php?v=05f24d1\">Me gustar\u00eda cantarte una canci\u00f3n<\/a><\/p>\n<p style=\"padding-left: 60px;\"><a href=\"http:\/\/www.goear.com\/listen.php?v=280925a\">Mi camino es la paz<\/a><\/p>\n<p style=\"padding-left: 60px;\"><a href=\"http:\/\/www.goear.com\/listen.php?v=a6a0d0f\">Sacerdote de Dios<\/a><\/p>\n<p style=\"padding-left: 60px;\"><a href=\"http:\/\/www.goear.com\/listen.php?v=f67db06\">San Jos\u00e9<\/a><\/p>\n<p style=\"padding-left: 60px;\"><a href=\"http:\/\/www.goear.com\/listen.php?v=539d43b\">Santa Teresa del Ni\u00f1o Jes\u00fas<\/a><\/p>\n<p style=\"padding-left: 60px;\"><a href=\"http:\/\/www.goear.com\/listen.php?v=363d0c6\">Ven y s\u00edgueme<\/a><\/p>\n<p style=\"padding-left: 60px;\"><a href=\"http:\/\/www.goear.com\/listen.php?v=a7f9a8c\">Vestido Blanco<\/a><\/p>\n<p style=\"padding-left: 60px;\"><a href=\"http:\/\/www.goear.com\/listen.php?v=29a6099\">Vuela, s\u00ed vuela<\/a><\/p>\n<p style=\"padding-left: 60px;\"><a href=\"http:\/\/www.goear.com\/listen.php?v=a2211c7\">Y te vas<\/a><\/p>\n<ul>\n<li><span style=\"text-decoration: underline;\">CD 5<\/span><\/li>\n<\/ul>\n<p style=\"padding-left: 60px;\"><a href=\"http:\/\/www.goear.com\/listen.php?v=2a31012\">Camino de Bel\u00e9n<\/a><\/p>\n<p style=\"padding-left: 60px;\"><a href=\"http:\/\/www.goear.com\/listen.php?v=9e18ace\">Ema\u00fas<\/a><\/p>\n<p style=\"padding-left: 60px;\"><a href=\"http:\/\/www.goear.com\/listen.php?v=1882a55\">Entre las llamas y el fuego<\/a><\/p>\n<p style=\"padding-left: 60px;\"><a href=\"http:\/\/www.goear.com\/listen.php?v=1c4a399\">Es el tiempo<\/a><\/p>\n<p style=\"padding-left: 60px;\"><a href=\"http:\/\/www.goear.com\/listen.php?v=c76c87a\">Fr\u00edo y nieve<\/a><\/p>\n<p style=\"padding-left: 60px;\"><a href=\"http:\/\/www.goear.com\/listen.php?v=cbe9243\">Hay algo m\u00e1s que consuelo<\/a><\/p>\n<p style=\"padding-left: 60px;\"><a href=\"http:\/\/www.goear.com\/listen.php?v=72ee79f\">Juntos otra vez<\/a><\/p>\n<p style=\"padding-left: 60px;\"><a href=\"http:\/\/www.goear.com\/listen.php?v=d9e803b\">La guitarra<\/a><\/p>\n<p style=\"padding-left: 60px;\">La verdad<\/a><\/p>\n<p style=\"padding-left: 60px;\">No me quiero resignar<\/a><\/p>\n<p style=\"padding-left: 60px;\">Rastro de Dios<\/a><\/p>\n<p style=\"padding-left: 60px;\">Se llamaba Mar\u00eda<\/a><\/p>\n<p style=\"padding-left: 60px;\">Si yo puidera hablar<\/a><\/p>\n<p style=\"padding-left: 60px;\">T\u00fa, desde el \u00e1rbol de la cruz<\/a><\/p>\n<p style=\"padding-left: 60px;\">Volver<\/a><\/p>\n<p style=\"padding-left: 60px;\">Vuelve<\/a><\/p>\n<p style=\"padding-left: 60px;\">Vuelve hacia atr\u00e1s<\/a><\/p>\n<p style=\"padding-left: 60px;\">We all long for Heaven<\/a><\/p>\n<ul>\n<li><span style=\"text-decoration: underline;\">CD 6<\/span><\/li>\n<\/ul>\n<p style=\"padding-left: 60px;\">T\u00fa, s\u00edgueme<\/a><\/p>\n<p style=\"padding-left: 60px;\">Amanece de una vez<\/a><\/p>\n<p style=\"padding-left: 60px;\">Busca los bienes de arriba<\/a><\/p>\n<p style=\"padding-left: 60px;\">Buscador de oro<\/a><\/p>\n<p style=\"padding-left: 60px;\">Como t\u00fa, Mar\u00eda<\/a><\/p>\n<p style=\"padding-left: 60px;\">Dame tu coraz\u00f3n<\/a><\/p>\n<p style=\"padding-left: 60px;\">D\u00e9jame estar contigo<\/a><\/p>\n<p style=\"padding-left: 60px;\">D\u00f3nde est\u00e1s, viejo amigo<\/a><\/p>\n<p style=\"padding-left: 60px;\">En un and\u00e9n<\/a><\/p>\n<p style=\"padding-left: 60px;\">Eres Madre de Dios<\/a><\/p>\n<p style=\"padding-left: 60px;\">Iglesia del Se\u00f1or<\/a><\/p>\n<p style=\"padding-left: 60px;\">Juan 21<\/a><\/p>\n<p style=\"padding-left: 60px;\">Juan 21 (ampliaci\u00f3n)<\/a><\/p>\n<p style=\"padding-left: 60px;\">Junto a la cruz de Jes\u00fas<\/a><\/p>\n<p style=\"padding-left: 60px;\">Madre del Redentor<\/a><\/p>\n<p style=\"padding-left: 60px;\">Otra vez en la ventana<\/a><\/p>\n<p style=\"padding-left: 60px;\">Pentecost\u00e9s<\/a><\/p>\n<p style=\"padding-left: 60px;\">Sangre y agua<\/a><\/p>\n<p style=\"padding-left: 60px;\">Segu\u00ed volando<\/a><\/p>\n<p style=\"padding-left: 60px;\">Ser tu hijo<\/a><\/p>\n<p style=\"padding-left: 60px;\">T\u00fa eres como una canci\u00f3n<\/a><\/p>\n<p style=\"padding-left: 60px;\">Ya llega la hora<\/a><\/p>\n<p style=\"padding-left: 60px;\">Yo nac\u00ed con el fr\u00edo<\/a><\/p>\n<ul>\n<li><span style=\"text-decoration: underline;\">CD 7<\/span><\/li>\n<\/ul>\n<p style=\"padding-left: 60px;\">Al final solo T\u00fa y yo<\/a><\/p>\n<p style=\"padding-left: 60px;\">Alma de Cristo<\/a><\/p>\n<p style=\"padding-left: 60px;\">A\u00f1o tras a\u00f1o (Bodas de oro)<\/a><\/p>\n<p style=\"padding-left: 60px;\">Canto al p\u00e1jaro solitario<\/a><\/p>\n<p style=\"padding-left: 60px;\">Coger\u00e9 mi guitarra y cantar\u00e9<\/a><\/p>\n<p style=\"padding-left: 60px;\">Con ella se puede<\/a><\/p>\n<p style=\"padding-left: 60px;\">Crucificado<\/a><\/p>\n<p style=\"padding-left: 60px;\">El caso es que le quiero<\/a><\/p>\n<p style=\"padding-left: 60px;\">El ciego<\/a><\/p>\n<p style=\"padding-left: 60px;\">El soldado<\/a><\/p>\n<p style=\"padding-left: 60px;\">Ema\u00fas 2<\/a><\/p>\n<p style=\"padding-left: 60px;\">Ema\u00fas (La boda)<\/a><\/p>\n<p style=\"padding-left: 60px;\">Ens\u00e9\u00f1ame a esperar<\/a><\/p>\n<p style=\"padding-left: 60px;\">La Asunci\u00f3n de Mar\u00eda<\/a><\/p>\n<p style=\"padding-left: 60px;\">Las tres de la tarde<\/a><\/p>\n<p style=\"padding-left: 60px;\">Mil millones de bocas<\/a><\/p>\n<p style=\"padding-left: 60px;\">No me preguntes por qu\u00e9<\/a><\/p>\n<p style=\"padding-left: 60px;\">Pentecost\u00e9s (en ingl\u00e9s)<\/a><\/p>\n<p style=\"padding-left: 60px;\">Peregrino<\/a><\/p>\n<p style=\"padding-left: 60px;\">Salmo 22<\/a><\/p>\n<p style=\"padding-left: 60px;\">Say\u00e9s<\/a><\/p>\n<p style=\"padding-left: 60px;\">Solo hay una cosa importante<\/a><\/p>\n<p style=\"padding-left: 60px;\">Tierra de Nunca Jam\u00e1s<\/a><\/p>\n<p style=\"padding-left: 60px;\">Un hombre peculiar<\/a><\/p>\n<p style=\"padding-left: 60px;\">Yo tendr\u00eda que<\/a><\/p>\n<ul>\n<li><span style=\"text-decoration: underline;\">CD 8<\/span><\/li>\n<\/ul>\n<p style=\"padding-left: 60px;\">A orillas del Jord\u00e1n (Jn 1,35-42)<\/a><\/p>\n<p style=\"padding-left: 60px;\">A una carta<\/a><\/p>\n<p style=\"padding-left: 60px;\">Agua de lluvia<\/a><\/p>\n<p style=\"padding-left: 60px;\">Alg\u00fan d\u00eda vendr\u00e1<\/a><\/p>\n<p style=\"padding-left: 60px;\">Amanecer en Madrid<\/a><\/p>\n<p style=\"padding-left: 60px;\">De d\u00eda te busco<\/a><\/p>\n<p style=\"padding-left: 60px;\"><a href=\"http:\/\/www.goear.com\/listen\/e72d15e\/El-Amor-Gonzalo-Mazarrasa\">El Amor<\/a><\/p>\n<p style=\"padding-left: 60px;\">El buen samaritano<\/a><\/p>\n<p style=\"padding-left: 60px;\">El ciego de Jeric\u00f3<\/a><\/p>\n<p style=\"padding-left: 60px;\">En una calle gris de la ciudad<\/a><\/p>\n<p style=\"padding-left: 60px;\">Jos\u00e9, el justo de Yahv\u00e9<\/a><\/p>\n<p style=\"padding-left: 60px;\">La Fe<\/a><\/p>\n<p style=\"padding-left: 60px;\">Magnificat<\/a><\/p>\n<p style=\"padding-left: 60px;\">Me Basta<\/a><\/p>\n<p style=\"padding-left: 60px;\">No s\u00e9 cuando ser\u00e1<\/a><\/p>\n<p style=\"padding-left: 60px;\">Paz a vosotros<\/a><\/p>\n<p style=\"padding-left: 60px;\">Pentecost\u00e9s del mar<\/a><\/p>\n<p style=\"padding-left: 60px;\">Qui\u00e9n es el m\u00e1s importante<\/a><\/p>\n<p style=\"padding-left: 60px;\">T\u00fa y yo<\/a><\/p>\n<p style=\"padding-left: 60px;\">Ven, Se\u00f1or, ven<\/a><\/p>\n<p style=\"padding-left: 60px;\">Virgen Mar\u00eda, hoy vengo a ti<\/a><\/p>\n<p style=\"padding-left: 60px;\">Y vosotros qui\u00e9n dec\u00eds que soy yo<\/a><\/p>\n<ul>\n<li><span style=\"text-decoration: underline;\">CD 9<\/span><\/li>\n<\/ul>\n<p style=\"padding-left: 60px;\">A la otra orilla<\/a><\/p>\n<p style=\"padding-left: 60px;\">Amanece en la ciudad<\/a><\/p>\n<p style=\"padding-left: 60px;\">Bienaventuranzas<\/a><\/p>\n<p style=\"padding-left: 60px;\">Busco un amigo (Version)<\/a><\/p>\n<p style=\"padding-left: 60px;\">Centinela<\/a><\/p>\n<p style=\"padding-left: 60px;\">Dame de beber<\/a><\/p>\n<p style=\"padding-left: 60px;\">Dices que ya no crees en Dios(Versi\u00f3n)<\/a><\/p>\n<p style=\"padding-left: 60px;\">El hombre del piano<\/a><\/p>\n<p style=\"padding-left: 60px;\">La peque\u00f1a (Versi\u00f3n)<\/a><\/p>\n<p style=\"padding-left: 60px;\">Llamando a las puertas del cielo<\/a><\/p>\n<p style=\"padding-left: 60px;\">Los tiempos han cambiado<\/a><\/p>\n<p style=\"padding-left: 60px;\">Mar\u00eda de Jes\u00fas (Versi\u00f3n) <\/a><\/p>\n<p style=\"padding-left: 60px;\">Mujer, por qu\u00e9 lloras<\/a><\/p>\n<p style=\"padding-left: 60px;\">Por ti, por m\u00ed<\/a><\/p>\n<p style=\"padding-left: 60px;\">Por una mujer<\/a><\/p>\n<p style=\"padding-left: 60px;\">Sacerdote de Dios(Versi\u00f3n)<\/a><\/p>\n<p style=\"padding-left: 60px;\">Salmo 15<\/a><\/p>\n<p style=\"padding-left: 60px;\">Se acab\u00f3<\/a><\/p>\n<p style=\"padding-left: 60px;\">Sim\u00f3n, hijo de Juan<\/a><\/p>\n<p style=\"padding-left: 60px;\">S\u00f3lo pienso en ti<\/a><\/p>\n<p style=\"padding-left: 60px;\">Una boda en Can\u00e1<\/a><\/p>\n<p style=\"padding-left: 60px;\">Vestido Blanco (Versi\u00f3n)<\/a><\/p>\n","protected":false},"excerpt":{"rendered":"<p>CD 1 Ahora que estamos solos Busco un amigo Como busca el agua Coraz\u00f3n Cristo, Dios y hombre Cuando siento el silencio de mi vida Cuando te veo s\u00f3lo Dime [&hellip;]<\/p>\n","protected":false},"author":2,"featured_media":0,"parent":74,"menu_order":0,"comment_status":"closed","ping_status":"closed","template":"","meta":{"_et_pb_use_builder":"","_et_pb_old_content":"","_et_gb_content_width":"","_mc_calendar":[],"footnotes":""},"class_list":["post-237","page","type-page","status-publish","hentry"],"_links":{"self":[{"href":"http:\/\/www.parroquiasanmiguelarcangel.es\/web\/wp-json\/wp\/v2\/pages\/237","targetHints":{"allow":["GET"]}}],"collection":[{"href":"http:\/\/www.parroquiasanmiguelarcangel.es\/web\/wp-json\/wp\/v2\/pages"}],"about":[{"href":"http:\/\/www.parroquiasanmiguelarcangel.es\/web\/wp-json\/wp\/v2\/types\/page"}],"author":[{"embeddable":true,"href":"http:\/\/www.parroquiasanmiguelarcangel.es\/web\/wp-json\/wp\/v2\/users\/2"}],"replies":[{"embeddable":true,"href":"http:\/\/www.parroquiasanmiguelarcangel.es\/web\/wp-json\/wp\/v2\/comments?post=237"}],"version-history":[{"count":110,"href":"http:\/\/www.parroquiasanmiguelarcangel.es\/web\/wp-json\/wp\/v2\/pages\/237\/revisions"}],"predecessor-version":[{"id":1010,"href":"http:\/\/www.parroquiasanmiguelarcangel.es\/web\/wp-json\/wp\/v2\/pages\/237\/revisions\/1010"}],"up":[{"embeddable":true,"href":"http:\/\/www.parroquiasanmiguelarcangel.es\/web\/wp-json\/wp\/v2\/pages\/74"}],"wp:attachment":[{"href":"http:\/\/www.parroquiasanmiguelarcangel.es\/web\/wp-json\/wp\/v2\/media?parent=237"}],"curies":[{"name":"wp","href":"https:\/\/api.w.org\/{rel}","templated":true}]}}