{"id":25,"date":"2008-10-23T16:32:22","date_gmt":"2008-10-23T14:32:22","guid":{"rendered":"http:\/\/www.parroquiasanmiguelarcangel.es\/web\/?page_id=25"},"modified":"2008-10-30T22:12:19","modified_gmt":"2008-10-30T20:12:19","slug":"ayuda-a-tu-iglesia","status":"publish","type":"page","link":"http:\/\/www.parroquiasanmiguelarcangel.es\/web\/ayuda-a-tu-iglesia","title":{"rendered":"Ayuda a tu Iglesia"},"content":{"rendered":"<blockquote>\n<p style=\"text-align: justify;\">\n<\/blockquote>\n<p style=\"text-align: justify;\">Todos sabemos que los gastos mensuales de una casa son muchos y variados, la luz, el tel\u00e9fono, la calefacci\u00f3n, los art\u00edculos de limpieza, las reparaciones&#8230;., en fin una cuenta inagotable, pues bien en nuestra &#8220;Casa Grande&#8221;, en la casa de nuestra &#8220;gran familia&#8221; que es la Iglesia, son como su nombre indica, muchos m\u00e1s grande, y si se da el caso, como es el nuestro, que esta casa tiene muchos a\u00f1os, los gastos son mayores, porque l\u00f3gicamente tiene como se suele decir &#8220;m\u00e1s goteras&#8221;<\/p>\n<p style=\"text-align: justify;\">Todos los que integramos la Iglesia, somos los responsables de que estos gastos se puedan cubrir, y la mejor manera para hacerlo, al igual que en nuestra casa, apartando un dinero fijo para cada cosa, cada uno dentro de sus posibilidades, pero sin desentendernos.<\/p>\n<p style=\"text-align: justify;\">Os invitamos a que aportemos ese importe para Nuestra Parroquia, para que brille la luz, para que estemos calentitos en invierno, para que no parezca una casa en ruinas, reparando todo aquello que se vaya estropeando, en definitiva a que est\u00e9 como nuestra casa.<\/p>\n<p style=\"text-align: justify;\">Os adjuntamos una solicitud de colaboraci\u00f3n con nuestra Parroquia, s\u00f3lo ten\u00e9is que rellenarla y entregarla en Secretar\u00eda los lunes, mi\u00e9rcoles y viernes de 18 a 20 horas:<\/p>\n<p style=\"text-align: center;\"><a href=\"http:\/\/www.parroquiasanmiguelarcangel.es\/web\/wp-content\/uploads\/2008\/10\/solicitud-de-colaboracion.pdf\" target=\"_blank\">Solicitud de Colaboraci\u00f3n<\/a><\/p>\n<p style=\"text-align: justify;\">Adem\u00e1s, te proporcionamos el siguiente enlace, en el\u00a0 que tienes informaci\u00f3n sobre c\u00f3mo ayudar a la Iglesia al hacer tu declaraci\u00f3n de la Renta:<\/p>\n<p style=\"text-align: center;\"><a href=\"http:\/\/www.portantos.com\/\" target=\"_blank\"><img loading=\"lazy\" decoding=\"async\" class=\"size-medium wp-image-118 aligncenter\" title=\"Por Tantos\" src=\"http:\/\/www.parroquiasanmiguelarcangel.es\/web\/wp-content\/uploads\/2008\/10\/logo-por-tantos-300x225.jpg\" alt=\"\" width=\"190\" height=\"118\" \/><\/a><\/p>\n<p style=\"text-align: justify;\">\n<p style=\"text-align: justify;\">\u00a0<\/p>\n","protected":false},"excerpt":{"rendered":"<p>Todos sabemos que los gastos mensuales de una casa son muchos y variados, la luz, el tel\u00e9fono, la calefacci\u00f3n, los art\u00edculos de limpieza, las reparaciones&#8230;., en fin una cuenta inagotable, [&hellip;]<\/p>\n","protected":false},"author":2,"featured_media":0,"parent":0,"menu_order":0,"comment_status":"closed","ping_status":"closed","template":"","meta":{"_et_pb_use_builder":"","_et_pb_old_content":"","_et_gb_content_width":"","_mc_calendar":[],"footnotes":""},"class_list":["post-25","page","type-page","status-publish","hentry"],"_links":{"self":[{"href":"http:\/\/www.parroquiasanmiguelarcangel.es\/web\/wp-json\/wp\/v2\/pages\/25","targetHints":{"allow":["GET"]}}],"collection":[{"href":"http:\/\/www.parroquiasanmiguelarcangel.es\/web\/wp-json\/wp\/v2\/pages"}],"about":[{"href":"http:\/\/www.parroquiasanmiguelarcangel.es\/web\/wp-json\/wp\/v2\/types\/page"}],"author":[{"embeddable":true,"href":"http:\/\/www.parroquiasanmiguelarcangel.es\/web\/wp-json\/wp\/v2\/users\/2"}],"replies":[{"embeddable":true,"href":"http:\/\/www.parroquiasanmiguelarcangel.es\/web\/wp-json\/wp\/v2\/comments?post=25"}],"version-history":[{"count":8,"href":"http:\/\/www.parroquiasanmiguelarcangel.es\/web\/wp-json\/wp\/v2\/pages\/25\/revisions"}],"predecessor-version":[{"id":170,"href":"http:\/\/www.parroquiasanmiguelarcangel.es\/web\/wp-json\/wp\/v2\/pages\/25\/revisions\/170"}],"wp:attachment":[{"href":"http:\/\/www.parroquiasanmiguelarcangel.es\/web\/wp-json\/wp\/v2\/media?parent=25"}],"curies":[{"name":"wp","href":"https:\/\/api.w.org\/{rel}","templated":true}]}}