{"id":29,"date":"2008-10-23T16:38:24","date_gmt":"2008-10-23T14:38:24","guid":{"rendered":"http:\/\/www.parroquiasanmiguelarcangel.es\/web\/?page_id=29"},"modified":"2020-12-06T23:01:23","modified_gmt":"2020-12-06T22:01:23","slug":"equipo-sacerdotal","status":"publish","type":"page","link":"http:\/\/www.parroquiasanmiguelarcangel.es\/web\/equipo-sacerdotal","title":{"rendered":"Equipo Sacerdotal"},"content":{"rendered":"<p style=\"text-align: justify;\">Estos son los actuales sacerdotes de la Parroquia San Miguel Arc\u00e1ngel de Carabanchel:<\/p>\n<p style=\"text-align: justify;\"><img loading=\"lazy\" decoding=\"async\" class=\"aligncenter size-medium wp-image-4235\" alt=\"MAT\" src=\"http:\/\/www.parroquiasanmiguelarcangel.es\/web\/wp-content\/uploads\/2008\/10\/MAT-254x300.jpeg\" width=\"254\" height=\"300\" srcset=\"http:\/\/www.parroquiasanmiguelarcangel.es\/web\/wp-content\/uploads\/2008\/10\/MAT-254x300.jpeg 254w, http:\/\/www.parroquiasanmiguelarcangel.es\/web\/wp-content\/uploads\/2008\/10\/MAT.jpeg 778w\" sizes=\"(max-width: 254px) 100vw, 254px\" \/><\/p>\n<p style=\"text-align: center;\">D. Miguel \u00c1ngel Torrente Vigil (p\u00e1rroco)<\/p>\n<p style=\"text-align: center;\"><a href=\"http:\/\/www.parroquiasanmiguelarcangel.es\/web\/wp-content\/uploads\/2008\/10\/kiko.jpg\"><img loading=\"lazy\" decoding=\"async\" class=\"alignnone size-medium wp-image-84\" title=\"Quico\" alt=\"\" src=\"http:\/\/www.parroquiasanmiguelarcangel.es\/web\/wp-content\/uploads\/2008\/10\/kiko-300x240.jpg\" width=\"300\" height=\"240\" srcset=\"http:\/\/www.parroquiasanmiguelarcangel.es\/web\/wp-content\/uploads\/2008\/10\/kiko-300x240.jpg 300w, http:\/\/www.parroquiasanmiguelarcangel.es\/web\/wp-content\/uploads\/2008\/10\/kiko.jpg 528w\" sizes=\"(max-width: 300px) 100vw, 300px\" \/><\/a><\/p>\n<p style=\"text-align: center;\">D. Juan Francisco Jim\u00e9nez Santos<\/p>\n<p style=\"text-align: center;\"><a href=\"http:\/\/www.parroquiasanmiguelarcangel.es\/web\/wp-content\/uploads\/2008\/10\/fausto.jpg\"><img loading=\"lazy\" decoding=\"async\" class=\"alignnone size-medium wp-image-83\" title=\"Fausto\" alt=\"\" src=\"http:\/\/www.parroquiasanmiguelarcangel.es\/web\/wp-content\/uploads\/2008\/10\/fausto-300x268.jpg\" width=\"300\" height=\"268\" srcset=\"http:\/\/www.parroquiasanmiguelarcangel.es\/web\/wp-content\/uploads\/2008\/10\/fausto-300x268.jpg 300w, http:\/\/www.parroquiasanmiguelarcangel.es\/web\/wp-content\/uploads\/2008\/10\/fausto.jpg 425w\" sizes=\"(max-width: 300px) 100vw, 300px\" \/><\/a><\/p>\n<p style=\"text-align: center;\">D. Fausto Mar\u00edn S\u00e1nchez<\/p>\n","protected":false},"excerpt":{"rendered":"<p>Estos son los actuales sacerdotes de la Parroquia San Miguel Arc\u00e1ngel de Carabanchel: D. Miguel \u00c1ngel Torrente Vigil (p\u00e1rroco) D. Juan Francisco Jim\u00e9nez Santos D. Fausto Mar\u00edn S\u00e1nchez<\/p>\n","protected":false},"author":2,"featured_media":0,"parent":0,"menu_order":0,"comment_status":"closed","ping_status":"closed","template":"","meta":{"_et_pb_use_builder":"","_et_pb_old_content":"","_et_gb_content_width":"","_mc_calendar":[],"footnotes":""},"class_list":["post-29","page","type-page","status-publish","hentry"],"_links":{"self":[{"href":"http:\/\/www.parroquiasanmiguelarcangel.es\/web\/wp-json\/wp\/v2\/pages\/29","targetHints":{"allow":["GET"]}}],"collection":[{"href":"http:\/\/www.parroquiasanmiguelarcangel.es\/web\/wp-json\/wp\/v2\/pages"}],"about":[{"href":"http:\/\/www.parroquiasanmiguelarcangel.es\/web\/wp-json\/wp\/v2\/types\/page"}],"author":[{"embeddable":true,"href":"http:\/\/www.parroquiasanmiguelarcangel.es\/web\/wp-json\/wp\/v2\/users\/2"}],"replies":[{"embeddable":true,"href":"http:\/\/www.parroquiasanmiguelarcangel.es\/web\/wp-json\/wp\/v2\/comments?post=29"}],"version-history":[{"count":11,"href":"http:\/\/www.parroquiasanmiguelarcangel.es\/web\/wp-json\/wp\/v2\/pages\/29\/revisions"}],"predecessor-version":[{"id":78,"href":"http:\/\/www.parroquiasanmiguelarcangel.es\/web\/wp-json\/wp\/v2\/pages\/29\/revisions\/78"}],"wp:attachment":[{"href":"http:\/\/www.parroquiasanmiguelarcangel.es\/web\/wp-json\/wp\/v2\/media?parent=29"}],"curies":[{"name":"wp","href":"https:\/\/api.w.org\/{rel}","templated":true}]}}