{"id":3077,"date":"2013-03-06T12:25:38","date_gmt":"2013-03-06T11:25:38","guid":{"rendered":"http:\/\/www.parroquiasanmiguelarcangel.es\/web\/?page_id=3077"},"modified":"2013-03-06T19:43:11","modified_gmt":"2013-03-06T18:43:11","slug":"abramos-los-oidos","status":"publish","type":"page","link":"http:\/\/www.parroquiasanmiguelarcangel.es\/web\/la-voz-del-parroco\/voces-anteriores\/abramos-los-oidos","title":{"rendered":"ABRAMOS LOS O\u00cdDOS"},"content":{"rendered":"<h5>6 de diciembre de 2009<\/h5>\n<p>&nbsp;<\/p>\n<p style=\"text-align: center;\"><strong><span style=\"font-size: x-large;\">ABRAMOS LOS O\u00cdDOS<\/span><\/strong><\/p>\n<p>&nbsp;<\/p>\n<p style=\"text-align: justify;\">Queridos amigos y hermanos: Paz<\/p>\n<p style=\"text-align: justify;\">Una voz grita en el desierto que allanemos los caminos, que preparemos el sendero al Se\u00f1or. Ojala, Dios lo quiera, que estemos dispuestos a llenar los barrancos, a rebajar los montes y colinas, a redondear las esquinas; porque \u2013seguro\u2013 que t\u00fa y yo necesitamos de \u201crebajar\u201d muchos montes, \u201cllenar\u201d muchos agujeros y \u201climar\u201d muchas esquinas&#8230;<\/p>\n<p style=\"text-align: justify;\">Me pongo a reflexionar y pienso \u2013d\u00e9jame que te lo cuente\u2013 que a lo que se nos est\u00e1 invitando este domingo en este Evangelio es a que <strong>abramos los o\u00eddos<\/strong>, a que evitemos ruidos, tantos ruidos que nos impiden que oigan nuestros o\u00eddos, que escuchemos la Palabra&#8230; Y mirad, queridos amigos, hermanos, EL SILENCIO NOS AYUDAR\u00c1 A ESCUCHAR MEJOR.<\/p>\n<p style=\"text-align: justify;\">Puedes estar seguro de que a tu lado, muchas personas \u201chablan\u201d del Se\u00f1or que llega. Esas personas que est\u00e1n tan cerca de nosotros, que incluso, se dirigen a nosotros, son como l\u00e1mparas en nuestro camino, lo que suele suceder es que sus \u201cvoces\u201d son casi siempre discretas, aunque tambi\u00e9n es posible que algunas sean fuertes y potentes como la de Juan&#8230; Perm\u00edteme que me pregunte y te pregunte: \u00bfllegan esas voces a nuestros o\u00eddos? \u00bfhacemos caso de ellas? \u00bfEst\u00e1n abiertas las ventanas de nuestros o\u00eddos? Que no pase esta oportunidad de hacer nuestro compromiso: Guardar el silencio debido en nuestro templo.<\/p>\n<p>&nbsp;<\/p>\n<p style=\"text-align: center;\"><span style=\"font-size: medium;\"><strong>\u00a1QUE ABRAMOS NUESTROS O\u00cdDOS A LA VOZ DE DIOS!<\/strong><\/span><\/p>\n","protected":false},"excerpt":{"rendered":"<p>6 de diciembre de 2009 &nbsp; ABRAMOS LOS O\u00cdDOS &nbsp; Queridos amigos y hermanos: Paz Una voz grita en el desierto que allanemos los caminos, que preparemos el sendero al [&hellip;]<\/p>\n","protected":false},"author":2,"featured_media":0,"parent":544,"menu_order":0,"comment_status":"closed","ping_status":"closed","template":"","meta":{"_et_pb_use_builder":"","_et_pb_old_content":"","_et_gb_content_width":"","_mc_calendar":[],"footnotes":""},"class_list":["post-3077","page","type-page","status-publish","hentry"],"_links":{"self":[{"href":"http:\/\/www.parroquiasanmiguelarcangel.es\/web\/wp-json\/wp\/v2\/pages\/3077","targetHints":{"allow":["GET"]}}],"collection":[{"href":"http:\/\/www.parroquiasanmiguelarcangel.es\/web\/wp-json\/wp\/v2\/pages"}],"about":[{"href":"http:\/\/www.parroquiasanmiguelarcangel.es\/web\/wp-json\/wp\/v2\/types\/page"}],"author":[{"embeddable":true,"href":"http:\/\/www.parroquiasanmiguelarcangel.es\/web\/wp-json\/wp\/v2\/users\/2"}],"replies":[{"embeddable":true,"href":"http:\/\/www.parroquiasanmiguelarcangel.es\/web\/wp-json\/wp\/v2\/comments?post=3077"}],"version-history":[{"count":7,"href":"http:\/\/www.parroquiasanmiguelarcangel.es\/web\/wp-json\/wp\/v2\/pages\/3077\/revisions"}],"predecessor-version":[{"id":3082,"href":"http:\/\/www.parroquiasanmiguelarcangel.es\/web\/wp-json\/wp\/v2\/pages\/3077\/revisions\/3082"}],"up":[{"embeddable":true,"href":"http:\/\/www.parroquiasanmiguelarcangel.es\/web\/wp-json\/wp\/v2\/pages\/544"}],"wp:attachment":[{"href":"http:\/\/www.parroquiasanmiguelarcangel.es\/web\/wp-json\/wp\/v2\/media?parent=3077"}],"curies":[{"name":"wp","href":"https:\/\/api.w.org\/{rel}","templated":true}]}}