{"id":3085,"date":"2013-03-06T12:34:38","date_gmt":"2013-03-06T11:34:38","guid":{"rendered":"http:\/\/www.parroquiasanmiguelarcangel.es\/web\/?page_id=3085"},"modified":"2013-03-06T19:43:43","modified_gmt":"2013-03-06T18:43:43","slug":"abramos-los-ojos","status":"publish","type":"page","link":"http:\/\/www.parroquiasanmiguelarcangel.es\/web\/la-voz-del-parroco\/voces-anteriores\/abramos-los-ojos","title":{"rendered":"ABRAMOS LOS OJOS"},"content":{"rendered":"<h5>29 de noviembre de 2009<\/h5>\n<p>&nbsp;<\/p>\n<p style=\"text-align: center;\"><strong><span style=\"font-size: x-large;\">ABRAMOS LOS OJOS<\/span><\/strong><\/p>\n<p>&nbsp;<\/p>\n<p style=\"text-align: justify;\">Queridos amigos y hermanos: Paz<\/p>\n<p style=\"text-align: justify;\">Habr\u00e1 se\u00f1ales en el sol, la luna y las estrellas&#8230; Sin duda habr\u00e1 se\u00f1ales de la llegada del Se\u00f1or, de la llegada del Salvador que necesitan nuestras pobres vidas, la tuya y la m\u00eda. Sin duda, habr\u00e1 se\u00f1ales. Lo autenticamente importante para t\u00ed y para m\u00ed y para todos, es que tengamos los ojos lo suficientemente abiertos para que podamos percibir esas se\u00f1ales de que Dios sigue \u2013perd\u00f3name la expresi\u00f3n\u2013 \u201cpaseando\u201d por nuestra historia, nuestro barrio, nuestra parroquia&#8230;<\/p>\n<p style=\"text-align: justify;\">Parece evidente \u2013me parece a m\u00ed y a ti \u00bfa que s\u00ed?\u2013 que los consejos del Evangelio ante el gran acontecimiento son los \u00fanicamente necesarios: <strong>Hay que estar en pie, hay que levantar la cabeza, hay que estar atentos, hay que permanecer despiertos, hay que rezar.<\/strong><\/p>\n<p style=\"text-align: justify;\">En realidad se nos est\u00e1 invitando a \u201cestar vigilantes\u201d, se nos est\u00e1 invitando a abrir los ojos, a no dormirnos, a actuar, a vivir en pie. Se nos est\u00e1 invitando a no estar simplemente esperando sin dar ni golpe, se nos est\u00e1 invitando a no ser tan \u201cblandos\u201d, a no estar \u2013como tantas y tantas veces\u2013 \u201camodorrados\u201d&#8230;<\/p>\n<p style=\"text-align: justify;\">Se trata de esperar intentando con nuestro esfuerzo hacer posible la llegada de lo esperado, se trata de sentirse responsable y de caminar decididamente. Que no pase esta oportunidad para hacer nuestro compromiso:<\/p>\n<p>&nbsp;<\/p>\n<p style=\"text-align: center;\"><span style=\"font-size: medium;\"><strong>\u00a1QUE ABRAMOS NUESTROS OJOS A LAS NECESIDADES DE LA PARROQUIA!<\/strong><\/span><\/p>\n","protected":false},"excerpt":{"rendered":"<p>29 de noviembre de 2009 &nbsp; ABRAMOS LOS OJOS &nbsp; Queridos amigos y hermanos: Paz Habr\u00e1 se\u00f1ales en el sol, la luna y las estrellas&#8230; Sin duda habr\u00e1 se\u00f1ales de [&hellip;]<\/p>\n","protected":false},"author":2,"featured_media":0,"parent":544,"menu_order":0,"comment_status":"closed","ping_status":"closed","template":"","meta":{"_et_pb_use_builder":"","_et_pb_old_content":"","_et_gb_content_width":"","_mc_calendar":[],"footnotes":""},"class_list":["post-3085","page","type-page","status-publish","hentry"],"_links":{"self":[{"href":"http:\/\/www.parroquiasanmiguelarcangel.es\/web\/wp-json\/wp\/v2\/pages\/3085","targetHints":{"allow":["GET"]}}],"collection":[{"href":"http:\/\/www.parroquiasanmiguelarcangel.es\/web\/wp-json\/wp\/v2\/pages"}],"about":[{"href":"http:\/\/www.parroquiasanmiguelarcangel.es\/web\/wp-json\/wp\/v2\/types\/page"}],"author":[{"embeddable":true,"href":"http:\/\/www.parroquiasanmiguelarcangel.es\/web\/wp-json\/wp\/v2\/users\/2"}],"replies":[{"embeddable":true,"href":"http:\/\/www.parroquiasanmiguelarcangel.es\/web\/wp-json\/wp\/v2\/comments?post=3085"}],"version-history":[{"count":5,"href":"http:\/\/www.parroquiasanmiguelarcangel.es\/web\/wp-json\/wp\/v2\/pages\/3085\/revisions"}],"predecessor-version":[{"id":3126,"href":"http:\/\/www.parroquiasanmiguelarcangel.es\/web\/wp-json\/wp\/v2\/pages\/3085\/revisions\/3126"}],"up":[{"embeddable":true,"href":"http:\/\/www.parroquiasanmiguelarcangel.es\/web\/wp-json\/wp\/v2\/pages\/544"}],"wp:attachment":[{"href":"http:\/\/www.parroquiasanmiguelarcangel.es\/web\/wp-json\/wp\/v2\/media?parent=3085"}],"curies":[{"name":"wp","href":"https:\/\/api.w.org\/{rel}","templated":true}]}}