{"id":3089,"date":"2013-03-06T12:37:17","date_gmt":"2013-03-06T11:37:17","guid":{"rendered":"http:\/\/www.parroquiasanmiguelarcangel.es\/web\/?page_id=3089"},"modified":"2013-03-06T19:44:15","modified_gmt":"2013-03-06T18:44:15","slug":"ante-el-adviento-2009","status":"publish","type":"page","link":"http:\/\/www.parroquiasanmiguelarcangel.es\/web\/la-voz-del-parroco\/voces-anteriores\/ante-el-adviento-2009","title":{"rendered":"ANTE EL ADVIENTO 2009"},"content":{"rendered":"<h5>22 de noviembre de 2009<\/h5>\n<p>&nbsp;<\/p>\n<p style=\"text-align: center;\"><strong><span style=\"font-size: x-large;\">ANTE EL ADVIENTO 2009<\/span><\/strong><\/p>\n<p>&nbsp;<\/p>\n<p style=\"text-align: justify;\">Queridos amigos y hermanos: Paz, paz<\/p>\n<p style=\"text-align: justify;\">Perm\u00edteme, por favor que te comente que el tiempo lit\u00fargico en el que nos adentramos, me parece, a m\u00ed personalmente, un tiempo muy agradable. Un tiempo en el que, despu\u00e9s de un largo periodo de tiempo ordinario, se nos invita a encontrarnos con la novedad de comenzar algo diferente y experimentar la fuerza que esta novedad nos aporta. Se nos est\u00e1 invitando a vivir de forma muy cercana a toda realidad humana a la vida del cada d\u00eda. Es una invitaci\u00f3n a vivir nuestra realidad, la tuya y la m\u00eda, de una manera atenta, intensa&#8230; Y es que Dios viene a nuestra historia, la tuya y la m\u00eda, y se implica en ella y pone en ella sus deseos, sus objetivos que no son otros que luz para todos, amor para todos, vida para todos, felicidad para todos.<\/p>\n<p style=\"text-align: justify;\">Os invito a todos, queridos amigos y hermanos a saborear este Adviento, a impregnar el alma en \u00e9l, a que:<\/p>\n<p style=\"padding-left: 280px;\"><i>Abramos la ventana de los ojos,<\/i><\/p>\n<p style=\"padding-left: 280px;\"><i>la ventana de los o\u00eddos,<\/i><\/p>\n<p style=\"padding-left: 280px;\"><i>la ventana de las manos,<\/i><\/p>\n<p style=\"padding-left: 280px;\"><i>la ventana del coraz\u00f3n.<\/i><\/p>\n<p style=\"text-align: justify;\">Haremos referencia cada uno de los domingos a una de estas ventanas, a su apertura. Tenemos que dejarnos cambiar por la palabra, porque cuando el mundo no comparte el gozo, nuestro gozo, por el nacimiento de Jes\u00fas, el Cristo, el Salvador, ello est\u00e1 suponiendo una acusaci\u00f3n a nuestra propia identidad de cristianos y a nuestro compromiso de vivir la Palabra de Dios.<\/p>\n<p>&nbsp;<\/p>\n<p style=\"text-align: center;\"><span style=\"font-size: medium;\"><strong>\u00a1QUE ABRAMOS NUESTRA VIDA A LA PALABRA!<\/strong><\/span><\/p>\n","protected":false},"excerpt":{"rendered":"<p>22 de noviembre de 2009 &nbsp; ANTE EL ADVIENTO 2009 &nbsp; Queridos amigos y hermanos: Paz, paz Perm\u00edteme, por favor que te comente que el tiempo lit\u00fargico en el que [&hellip;]<\/p>\n","protected":false},"author":2,"featured_media":0,"parent":544,"menu_order":0,"comment_status":"closed","ping_status":"closed","template":"","meta":{"_et_pb_use_builder":"","_et_pb_old_content":"","_et_gb_content_width":"","_mc_calendar":[],"footnotes":""},"class_list":["post-3089","page","type-page","status-publish","hentry"],"_links":{"self":[{"href":"http:\/\/www.parroquiasanmiguelarcangel.es\/web\/wp-json\/wp\/v2\/pages\/3089","targetHints":{"allow":["GET"]}}],"collection":[{"href":"http:\/\/www.parroquiasanmiguelarcangel.es\/web\/wp-json\/wp\/v2\/pages"}],"about":[{"href":"http:\/\/www.parroquiasanmiguelarcangel.es\/web\/wp-json\/wp\/v2\/types\/page"}],"author":[{"embeddable":true,"href":"http:\/\/www.parroquiasanmiguelarcangel.es\/web\/wp-json\/wp\/v2\/users\/2"}],"replies":[{"embeddable":true,"href":"http:\/\/www.parroquiasanmiguelarcangel.es\/web\/wp-json\/wp\/v2\/comments?post=3089"}],"version-history":[{"count":4,"href":"http:\/\/www.parroquiasanmiguelarcangel.es\/web\/wp-json\/wp\/v2\/pages\/3089\/revisions"}],"predecessor-version":[{"id":3127,"href":"http:\/\/www.parroquiasanmiguelarcangel.es\/web\/wp-json\/wp\/v2\/pages\/3089\/revisions\/3127"}],"up":[{"embeddable":true,"href":"http:\/\/www.parroquiasanmiguelarcangel.es\/web\/wp-json\/wp\/v2\/pages\/544"}],"wp:attachment":[{"href":"http:\/\/www.parroquiasanmiguelarcangel.es\/web\/wp-json\/wp\/v2\/media?parent=3089"}],"curies":[{"name":"wp","href":"https:\/\/api.w.org\/{rel}","templated":true}]}}