{"id":3092,"date":"2013-03-06T12:40:07","date_gmt":"2013-03-06T11:40:07","guid":{"rendered":"http:\/\/www.parroquiasanmiguelarcangel.es\/web\/?page_id=3092"},"modified":"2013-03-06T19:41:50","modified_gmt":"2013-03-06T18:41:50","slug":"5-la-familia-forjadora-de-una-nueva-cultura","status":"publish","type":"page","link":"http:\/\/www.parroquiasanmiguelarcangel.es\/web\/la-voz-del-parroco\/voces-anteriores\/5-la-familia-forjadora-de-una-nueva-cultura","title":{"rendered":"5. LA FAMILIA, FORJADORA DE UNA NUEVA CULTURA"},"content":{"rendered":"<h5>12 de enero de 2009<\/h5>\n<p>&nbsp;<\/p>\n<p style=\"text-align: center;\"><strong><span style=\"font-size: x-large;\">5. LA FAMILIA, FORJADORA DE UNA NUEVA CULTURA<\/span><\/strong><\/p>\n<p>&nbsp;<\/p>\n<p style=\"text-align: justify;\">Querido amigo\/a y hermano\/a: Paz<\/p>\n<p style=\"text-align: justify;\">Reci\u00e9n estrenado el tercer milenio de la era cristiana, Juan Pablo II ha destacado la importancia de la Pastoral de la familia en orden a afrontar los desaf\u00edos del nuevo milenio. En su Carta Apost\u00f3lica Tertio Millenio Adverniente, se\u00f1ala, \u201c\u00bfacaso no fu\u00e9 por medio de una familia, la de Nazaret como el Hijo de Dios quiso entrar en la historia del hombre?\u201d. Ante los desaf\u00edos del nuevo milenio es preciso remontar la \u201ccrisis de la civilizaci\u00f3n del amor, y la vida, que depende estrechamente de la familia, cuna y transmisora de valores esenciales para la humanidad.<\/p>\n<p style=\"text-align: justify;\">En la familia se vive el amor, se transmite la vida y la educaci\u00f3n. Su importancia es decisiva en orden a la sociabilidad de la persona de modo que, a trav\u00e9s de la familia se forja la sociedad. Por ello, la cultura \u2013en gran medida- ha estado matizada por la realidad de las familias. Mas a\u00fan cuando se integra arm\u00f3nicamente el factor religioso.<\/p>\n<p style=\"text-align: justify;\">Buena muestra de lo dicho es el c\u00f3mo la cultura occidental ha sabido incorporar el arte sagrado, en gran medida inspirado por la devoci\u00f3n a la Sagrada Familia. Para que la familia sirva eficazmente al bien del hombre y de la sociedad, en lugar de seguir los derroteros de la cultura de la satisfacci\u00f3n, del materialismo ego\u00edsta y del utilitarismo, deber\u00e1 emprender el camino de la cultura, de la civilizaci\u00f3n del amor y de la vida.<\/p>\n<p style=\"text-align: justify;\">Los obispos espa\u00f1oles, al hilo de las afirmaciones del Papa, han afirmado: \u201cel futuro de la humanidad se fragua en la familia; por consiguiente, es indispensable y urgente que todo hombre de buena voluntad se esfuerce por salvar y promover los valores y exigencias de la familia\u201d.<\/p>\n<p style=\"text-align: justify;\">La familia es \u201cescuela del m\u00e1s rico humanismo\u201d (GS 52) y \u201cmotor de la humanidad\u201d donde se vive la fe y crece la Iglesia.<\/p>\n<p style=\"text-align: center;\"><span style=\"font-size: medium;\"><strong>\u00a1LA FAMILIA ES EL CORAZON DE LA NUEVA EVANGELIZACION!<\/strong><\/span><\/p>\n","protected":false},"excerpt":{"rendered":"<p>12 de enero de 2009 &nbsp; 5. LA FAMILIA, FORJADORA DE UNA NUEVA CULTURA &nbsp; Querido amigo\/a y hermano\/a: Paz Reci\u00e9n estrenado el tercer milenio de la era cristiana, Juan [&hellip;]<\/p>\n","protected":false},"author":2,"featured_media":0,"parent":544,"menu_order":0,"comment_status":"closed","ping_status":"closed","template":"","meta":{"_et_pb_use_builder":"","_et_pb_old_content":"","_et_gb_content_width":"","_mc_calendar":[],"footnotes":""},"class_list":["post-3092","page","type-page","status-publish","hentry"],"_links":{"self":[{"href":"http:\/\/www.parroquiasanmiguelarcangel.es\/web\/wp-json\/wp\/v2\/pages\/3092","targetHints":{"allow":["GET"]}}],"collection":[{"href":"http:\/\/www.parroquiasanmiguelarcangel.es\/web\/wp-json\/wp\/v2\/pages"}],"about":[{"href":"http:\/\/www.parroquiasanmiguelarcangel.es\/web\/wp-json\/wp\/v2\/types\/page"}],"author":[{"embeddable":true,"href":"http:\/\/www.parroquiasanmiguelarcangel.es\/web\/wp-json\/wp\/v2\/users\/2"}],"replies":[{"embeddable":true,"href":"http:\/\/www.parroquiasanmiguelarcangel.es\/web\/wp-json\/wp\/v2\/comments?post=3092"}],"version-history":[{"count":4,"href":"http:\/\/www.parroquiasanmiguelarcangel.es\/web\/wp-json\/wp\/v2\/pages\/3092\/revisions"}],"predecessor-version":[{"id":3122,"href":"http:\/\/www.parroquiasanmiguelarcangel.es\/web\/wp-json\/wp\/v2\/pages\/3092\/revisions\/3122"}],"up":[{"embeddable":true,"href":"http:\/\/www.parroquiasanmiguelarcangel.es\/web\/wp-json\/wp\/v2\/pages\/544"}],"wp:attachment":[{"href":"http:\/\/www.parroquiasanmiguelarcangel.es\/web\/wp-json\/wp\/v2\/media?parent=3092"}],"curies":[{"name":"wp","href":"https:\/\/api.w.org\/{rel}","templated":true}]}}