{"id":3095,"date":"2013-03-06T12:42:45","date_gmt":"2013-03-06T11:42:45","guid":{"rendered":"http:\/\/www.parroquiasanmiguelarcangel.es\/web\/?page_id=3095"},"modified":"2013-03-06T19:41:24","modified_gmt":"2013-03-06T18:41:24","slug":"4-la-familia-y-la-comunidad-parroquial","status":"publish","type":"page","link":"http:\/\/www.parroquiasanmiguelarcangel.es\/web\/la-voz-del-parroco\/voces-anteriores\/4-la-familia-y-la-comunidad-parroquial","title":{"rendered":"4. LA FAMILIA Y LA COMUNIDAD PARROQUIAL"},"content":{"rendered":"<h5>30 de diciembre de 2008<\/h5>\n<p>&nbsp;<\/p>\n<p style=\"text-align: center;\"><strong><span style=\"font-size: x-large;\">4. LA FAMILIA Y LA COMUNIDAD PARROQUIAL<\/span><\/strong><\/p>\n<p>&nbsp;<\/p>\n<p style=\"text-align: center;\"><i>\u201cLa familia cristiana esta llamada a tomar parte activa y responsable en la misi\u00f3n de la Iglesia de manera propia y original, es decir, poniendo al servicio de la Iglesia y de la sociedad su propio ser y obrar, en cuanto comunidad intima de vida y de amor\u201d<\/i> (Juan Pablo II).<\/p>\n<p>&nbsp;<\/p>\n<p style=\"text-align: justify;\">Querido amigo\/a y hermano\/a: Paz<\/p>\n<p style=\"text-align: justify;\">La parroquia es el hogar de la fe. En ella nacemos como cristianos, en ella creemos y nos educamos en la fe; y en ella vivimos la fraternidad y el compromiso cristiano. Pero este <strong>hogar grande<\/strong>, que es la parroquia, necesita de los hogares familiares para cumplir su misi\u00f3n. La familia es como una Iglesia en peque\u00f1o, es \u201cla Iglesia dom\u00e9stica\u201d porque es la primera comunidad donde descubrimos la fe y el amor y donde aprendimos, tu y yo, a vivirlo. All\u00ed, <strong>un hombre y una mujer, el matrimonio, tu padre y madre y mi padre y mi madre manifestaron para ti y para m\u00ed la relaci\u00f3n amorosa entre Dios y la humanidad<\/strong>.<\/p>\n<p style=\"text-align: justify;\">En la familia aprendemos a ser personas y cristianos; <strong>all\u00ed aprendimos a hablar, a sonre\u00edr y a dar los primeros pasos en la convivencia. All\u00ed descubrimos lo que son los padres, all\u00ed recibimos la primera raci\u00f3n de amor<\/strong>, tan necesaria como la de pan. <strong>All\u00ed aprendimos a balbucear las cosas de Dios, a rezar y a llamar a Dios Padre<\/strong>.<\/p>\n<p style=\"text-align: justify;\">Como ves, la relaci\u00f3n y colaboraci\u00f3n que ha de existir entre parroquia y familia ha de ser muy estrecha y cercana. La parroquia encuentra en la familia su cuna y modelo. Pero, sobre todo, encuentra el marco ideal para importantes acciones pastorales como la preparaci\u00f3n de novios al matrimonio, creaci\u00f3n y direcci\u00f3n de grupos de matrimonios\u2026<\/p>\n<p style=\"text-align: justify;\">Todas estas tareas espec\u00edficas y propias de las familias cristianas son preocupaciones constantes de la parroquia. Y es aqu\u00ed donde la familia tiene una misi\u00f3n muy hermosa que cumplir para ser en verdad una familia cristiana. Ahora bien, es verdad, que llevamos dentro la inclinaci\u00f3n al individualismo. Y para justificar nuestro comportamiento ponemos en practica aqu\u00e9l refr\u00e1n popular: \u201ccada uno en su casa y Dios en la de todos\u201d. Con este equivocado refr\u00e1n queremos justificar, a menudo, nuestra pereza y desinter\u00e9s por las tareas parroquiales.<\/p>\n<p style=\"text-align: justify;\">Creedme, <strong>el creyente que vive de espaldas a la Iglesia, pronto comienza a debilitarse en su fe y esperanza cristianas<\/strong>. Fuera de la Comunidad eclesial no es posible vivir la fe con vigor y dinamismo. Y es que, la fe cristiana <strong>se transmite, se vive y se celebra<\/strong> comunitariamente.<\/p>\n","protected":false},"excerpt":{"rendered":"<p>30 de diciembre de 2008 &nbsp; 4. LA FAMILIA Y LA COMUNIDAD PARROQUIAL &nbsp; \u201cLa familia cristiana esta llamada a tomar parte activa y responsable en la misi\u00f3n de la [&hellip;]<\/p>\n","protected":false},"author":2,"featured_media":0,"parent":544,"menu_order":0,"comment_status":"closed","ping_status":"closed","template":"","meta":{"_et_pb_use_builder":"","_et_pb_old_content":"","_et_gb_content_width":"","_mc_calendar":[],"footnotes":""},"class_list":["post-3095","page","type-page","status-publish","hentry"],"_links":{"self":[{"href":"http:\/\/www.parroquiasanmiguelarcangel.es\/web\/wp-json\/wp\/v2\/pages\/3095","targetHints":{"allow":["GET"]}}],"collection":[{"href":"http:\/\/www.parroquiasanmiguelarcangel.es\/web\/wp-json\/wp\/v2\/pages"}],"about":[{"href":"http:\/\/www.parroquiasanmiguelarcangel.es\/web\/wp-json\/wp\/v2\/types\/page"}],"author":[{"embeddable":true,"href":"http:\/\/www.parroquiasanmiguelarcangel.es\/web\/wp-json\/wp\/v2\/users\/2"}],"replies":[{"embeddable":true,"href":"http:\/\/www.parroquiasanmiguelarcangel.es\/web\/wp-json\/wp\/v2\/comments?post=3095"}],"version-history":[{"count":4,"href":"http:\/\/www.parroquiasanmiguelarcangel.es\/web\/wp-json\/wp\/v2\/pages\/3095\/revisions"}],"predecessor-version":[{"id":3125,"href":"http:\/\/www.parroquiasanmiguelarcangel.es\/web\/wp-json\/wp\/v2\/pages\/3095\/revisions\/3125"}],"up":[{"embeddable":true,"href":"http:\/\/www.parroquiasanmiguelarcangel.es\/web\/wp-json\/wp\/v2\/pages\/544"}],"wp:attachment":[{"href":"http:\/\/www.parroquiasanmiguelarcangel.es\/web\/wp-json\/wp\/v2\/media?parent=3095"}],"curies":[{"name":"wp","href":"https:\/\/api.w.org\/{rel}","templated":true}]}}