{"id":3098,"date":"2013-03-06T12:44:39","date_gmt":"2013-03-06T11:44:39","guid":{"rendered":"http:\/\/www.parroquiasanmiguelarcangel.es\/web\/?page_id=3098"},"modified":"2013-03-06T19:40:45","modified_gmt":"2013-03-06T18:40:45","slug":"3-la-familia-iglesia-domestica","status":"publish","type":"page","link":"http:\/\/www.parroquiasanmiguelarcangel.es\/web\/la-voz-del-parroco\/voces-anteriores\/3-la-familia-iglesia-domestica","title":{"rendered":"3. LA FAMILIA, IGLESIA DOM\u00c9STICA"},"content":{"rendered":"<h5>17 de diciembre de 2008<\/h5>\n<p>&nbsp;<\/p>\n<p style=\"text-align: center;\"><strong><span style=\"font-size: x-large;\">3. LA FAMILIA, IGLESIA DOM\u00c9STICA<\/span><\/strong><\/p>\n<p>&nbsp;<\/p>\n<p style=\"text-align: justify;\">Querido amigo\/a y hermano\/a: Paz<\/p>\n<p style=\"text-align: justify;\">Dec\u00eda D. Miguel de Unamuno: \u201creconc\u00e9ntrate para irradiar; deja llenarte para que reboses luego, conservando el manantial. Rec\u00f3gete en ti mismo para darte a los dem\u00e1s todo entero e indiviso. Estas frases suponen un buen p\u00f3rtico para presentar la familia \u201chacia dentro\u201d, hacia la hondura, hacia ese centro nuclear donde se asienta la fe y la vida religiosa.<\/p>\n<p style=\"text-align: justify;\">La llamada a la interioridad es muy oportuna porque \u2013hoy y siempre- lo que le hace falta a la familia no son cosas, ni productos, ni actividad. <strong>Le hace falta alma, reposo, esperanza<\/strong>. Y estas realidades s\u00f3lo las puede regalar Dios.<\/p>\n<p style=\"text-align: justify;\">Necesitamos la fe para vivir de una manera l\u00facida y despierta en un mundo donde la increencia es la atm\u00f3sfera que respiramos. Se intenta hacernos creer que la fe est\u00e1 superada y que hist\u00f3ricamente la increencia es la \u00fanica y leg\u00edtima representante de la modernidad. Los cristianos en general y la familia en particular, en estos momentos de indiferencia religiosa, <strong>necesitamos convertirnos a la fe<\/strong>. Una fe <strong>robusta<\/strong>, una fe <strong>alegre<\/strong>, una fe <strong>activa<\/strong>, una fe <strong>humilde<\/strong> que de nada presume, sino de estar apoyada en el Se\u00f1or-Jes\u00fas.<\/p>\n<p style=\"text-align: justify;\">Si la iglesia puede ser concebida como una familia, tambi\u00e9n la familia puede ser concebida como una \u201cpeque\u00f1a Iglesia\u201d. Dec\u00eda San Juan Cris\u00f3stomo: \u201cCuando ayer os dije: que cada uno de vosotros convierta su casa en una Iglesia, aclamasteis a grandes voces y d\u00edsteis signos de placer con que aquellas palabras os inundaron\u201d. La familia como \u201cIglesia dom\u00e9stica\u201d es, sin duda, una familia que:<\/p>\n<p style=\"text-align: justify; padding-left: 60px;\">&#8211; Cree y espera en Cristo-Jes\u00fas.<\/p>\n<p style=\"text-align: justify; padding-left: 60px;\">&#8211; Ora porque sabe que la oraci\u00f3n es tan necesaria como el respirar.<\/p>\n<p style=\"text-align: justify; padding-left: 60px;\">&#8211; Celebra los sacramentos de Cristo como momentos de gracia y fuerza cristiana.<\/p>\n<p style=\"text-align: justify; padding-left: 60px;\">&#8211; Ama y es solidaria con las dem\u00e1s familias y con los sufrimientos humanos.<\/p>\n<p style=\"text-align: justify; padding-left: 60px;\">&#8211; Evangeliza y anuncia con otras palabras el Reino de Dios y su justicia.<\/p>\n<p style=\"text-align: justify;\">La familia cristina (Iglesia domestica), <strong>habla de Dios, habla con Dios<\/strong>, que no deja de ser el mejor de los modos para que nuestros hijos aprendan a rezar. La familia cristiana <strong>no olvida los signos religiosos externos en su hogar<\/strong>, y, por supuesto, <strong>no olvida las celebraciones sacramentales<\/strong> (misa dominical, celebraci\u00f3n de la reconciliaci\u00f3n\u2026). La familia \u2013sin duda- es <strong>\u201cIglesia dom\u00e9stica\u201d<\/strong>.<\/p>\n","protected":false},"excerpt":{"rendered":"<p>17 de diciembre de 2008 &nbsp; 3. LA FAMILIA, IGLESIA DOM\u00c9STICA &nbsp; Querido amigo\/a y hermano\/a: Paz Dec\u00eda D. Miguel de Unamuno: \u201creconc\u00e9ntrate para irradiar; deja llenarte para que reboses [&hellip;]<\/p>\n","protected":false},"author":2,"featured_media":0,"parent":544,"menu_order":0,"comment_status":"closed","ping_status":"closed","template":"","meta":{"_et_pb_use_builder":"","_et_pb_old_content":"","_et_gb_content_width":"","_mc_calendar":[],"footnotes":""},"class_list":["post-3098","page","type-page","status-publish","hentry"],"_links":{"self":[{"href":"http:\/\/www.parroquiasanmiguelarcangel.es\/web\/wp-json\/wp\/v2\/pages\/3098","targetHints":{"allow":["GET"]}}],"collection":[{"href":"http:\/\/www.parroquiasanmiguelarcangel.es\/web\/wp-json\/wp\/v2\/pages"}],"about":[{"href":"http:\/\/www.parroquiasanmiguelarcangel.es\/web\/wp-json\/wp\/v2\/types\/page"}],"author":[{"embeddable":true,"href":"http:\/\/www.parroquiasanmiguelarcangel.es\/web\/wp-json\/wp\/v2\/users\/2"}],"replies":[{"embeddable":true,"href":"http:\/\/www.parroquiasanmiguelarcangel.es\/web\/wp-json\/wp\/v2\/comments?post=3098"}],"version-history":[{"count":4,"href":"http:\/\/www.parroquiasanmiguelarcangel.es\/web\/wp-json\/wp\/v2\/pages\/3098\/revisions"}],"predecessor-version":[{"id":3124,"href":"http:\/\/www.parroquiasanmiguelarcangel.es\/web\/wp-json\/wp\/v2\/pages\/3098\/revisions\/3124"}],"up":[{"embeddable":true,"href":"http:\/\/www.parroquiasanmiguelarcangel.es\/web\/wp-json\/wp\/v2\/pages\/544"}],"wp:attachment":[{"href":"http:\/\/www.parroquiasanmiguelarcangel.es\/web\/wp-json\/wp\/v2\/media?parent=3098"}],"curies":[{"name":"wp","href":"https:\/\/api.w.org\/{rel}","templated":true}]}}