{"id":31,"date":"2008-10-23T16:38:47","date_gmt":"2008-10-23T14:38:47","guid":{"rendered":"http:\/\/www.parroquiasanmiguelarcangel.es\/web\/?page_id=31"},"modified":"2008-10-28T01:45:42","modified_gmt":"2008-10-27T23:45:42","slug":"grupos","status":"publish","type":"page","link":"http:\/\/www.parroquiasanmiguelarcangel.es\/web\/grupos","title":{"rendered":"Grupos"},"content":{"rendered":"<blockquote><\/blockquote>\n<p>Estos son los grupos que existen de la Parroquia San Miguel Arc\u00e1ngel:<\/p>\n<ul>\n<li class=\"page_item page-item-47\"><a title=\"Prebautismales\" href=\"http:\/\/www.parroquiasanmiguelarcangel.es\/web\/grupos\/prebautismales\">Prebautismales<\/a><\/li>\n<li class=\"page_item page-item-49\"><a title=\"Prematrimoniales\" href=\"http:\/\/www.parroquiasanmiguelarcangel.es\/web\/grupos\/prematrimoniales\">Prematrimoniales<\/a><\/li>\n<li class=\"page_item page-item-51\"><a title=\"Catequesis para Adultos\" href=\"http:\/\/www.parroquiasanmiguelarcangel.es\/web\/grupos\/catequesis-para-adultos\">Catequesis para Adultos<\/a><\/li>\n<li class=\"page_item page-item-53\"><a title=\"Acci\u00f3n Cat\u00f3lica\" href=\"http:\/\/www.parroquiasanmiguelarcangel.es\/web\/grupos\/accion-catolica\">Acci\u00f3n Cat\u00f3lica<\/a><\/li>\n<li class=\"page_item page-item-55\"><a title=\"Reflexi\u00f3n Cristiana\" href=\"http:\/\/www.parroquiasanmiguelarcangel.es\/web\/grupos\/reflexion-cristiana\">Reflexi\u00f3n Cristiana<\/a><\/li>\n<li class=\"page_item page-item-57\"><a title=\"Vida Ascendente\" href=\"http:\/\/www.parroquiasanmiguelarcangel.es\/web\/grupos\/vida-ascendente\">Vida Ascendente<\/a><\/li>\n<li class=\"page_item page-item-59\"><a title=\"Grupo de Misiones\" href=\"http:\/\/www.parroquiasanmiguelarcangel.es\/web\/grupos\/grupo-de-misiones\">Grupo de Misiones<\/a><\/li>\n<li class=\"page_item page-item-61\"><a title=\"Cursillos de Cristiandad\" href=\"http:\/\/www.parroquiasanmiguelarcangel.es\/web\/grupos\/cursillos-de-cristiandad\">Cursillos de Cristiandad<\/a><\/li>\n<li class=\"page_item page-item-63\"><a title=\"Comunidad de As\u00eds\" href=\"http:\/\/www.parroquiasanmiguelarcangel.es\/web\/grupos\/comunidad-de-asis\">Comunidad de As\u00eds<\/a><\/li>\n<li class=\"page_item page-item-65\"><a title=\"Grupo de Liturgia\" href=\"http:\/\/www.parroquiasanmiguelarcangel.es\/web\/grupos\/grupo-de-liturgia\">Grupo de Liturgia<\/a><\/li>\n<li class=\"page_item page-item-67\"><a title=\"Coro de Adultos\" href=\"http:\/\/www.parroquiasanmiguelarcangel.es\/web\/grupos\/coro-de-adultos\">Coro de Adultos<\/a><\/li>\n<li class=\"page_item page-item-69\"><a title=\"Caritas\" href=\"http:\/\/www.parroquiasanmiguelarcangel.es\/web\/grupos\/caritas\">Caritas<\/a><\/li>\n<li class=\"page_item page-item-69\"><a href=\"http:\/\/ajmasada.parroquiasanmiguelarcangel.es\/\">Pastoral Juvenil: Catequesis y J\u00f3venes<\/a><\/li>\n<\/ul>\n","protected":false},"excerpt":{"rendered":"<p>Estos son los grupos que existen de la Parroquia San Miguel Arc\u00e1ngel: Prebautismales Prematrimoniales Catequesis para Adultos Acci\u00f3n Cat\u00f3lica Reflexi\u00f3n Cristiana Vida Ascendente Grupo de Misiones Cursillos de Cristiandad Comunidad [&hellip;]<\/p>\n","protected":false},"author":2,"featured_media":0,"parent":0,"menu_order":0,"comment_status":"closed","ping_status":"closed","template":"","meta":{"_et_pb_use_builder":"","_et_pb_old_content":"","_et_gb_content_width":"","_mc_calendar":[],"footnotes":""},"class_list":["post-31","page","type-page","status-publish","hentry"],"_links":{"self":[{"href":"http:\/\/www.parroquiasanmiguelarcangel.es\/web\/wp-json\/wp\/v2\/pages\/31","targetHints":{"allow":["GET"]}}],"collection":[{"href":"http:\/\/www.parroquiasanmiguelarcangel.es\/web\/wp-json\/wp\/v2\/pages"}],"about":[{"href":"http:\/\/www.parroquiasanmiguelarcangel.es\/web\/wp-json\/wp\/v2\/types\/page"}],"author":[{"embeddable":true,"href":"http:\/\/www.parroquiasanmiguelarcangel.es\/web\/wp-json\/wp\/v2\/users\/2"}],"replies":[{"embeddable":true,"href":"http:\/\/www.parroquiasanmiguelarcangel.es\/web\/wp-json\/wp\/v2\/comments?post=31"}],"version-history":[{"count":9,"href":"http:\/\/www.parroquiasanmiguelarcangel.es\/web\/wp-json\/wp\/v2\/pages\/31\/revisions"}],"predecessor-version":[{"id":121,"href":"http:\/\/www.parroquiasanmiguelarcangel.es\/web\/wp-json\/wp\/v2\/pages\/31\/revisions\/121"}],"wp:attachment":[{"href":"http:\/\/www.parroquiasanmiguelarcangel.es\/web\/wp-json\/wp\/v2\/media?parent=31"}],"curies":[{"name":"wp","href":"https:\/\/api.w.org\/{rel}","templated":true}]}}