{"id":3104,"date":"2013-03-06T12:49:18","date_gmt":"2013-03-06T11:49:18","guid":{"rendered":"http:\/\/www.parroquiasanmiguelarcangel.es\/web\/?page_id=3104"},"modified":"2013-03-06T19:38:18","modified_gmt":"2013-03-06T18:38:18","slug":"1-el-plan-de-dios-sobre-la-familia","status":"publish","type":"page","link":"http:\/\/www.parroquiasanmiguelarcangel.es\/web\/la-voz-del-parroco\/voces-anteriores\/1-el-plan-de-dios-sobre-la-familia","title":{"rendered":"1. EL PLAN DE DIOS SOBRE LA FAMILIA"},"content":{"rendered":"<h5>05 de diciembre de 2008<\/h5>\n<p>&nbsp;<\/p>\n<p style=\"text-align: center;\"><strong><span style=\"font-size: x-large;\">1. EL PLAN DE DIOS SOBRE LA FAMILIA<\/span><\/strong><\/p>\n<p style=\"text-align: center;\"><i>\u201cLa familia es el lugar del amor y la vida, mas a\u00fan, el lugar donde el amor engendra la vida,<br \/>\nporque ninguna de estas dos realidades ser\u00eda autentica, si no estuviese acompa\u00f1ada de la otra\u201d<\/i>(Juan Pablo II).<\/p>\n<p>&nbsp;<\/p>\n<p style=\"text-align: justify;\">Querido amigo\/a y hermano\/a: Paz<\/p>\n<p style=\"text-align: justify;\">En el misterio de la Encarnaci\u00f3n, el Hijo de Dios ha asumido nuestra naturaleza humana de forma que ya nada humano le es extra\u00f1o o ajeno. El pecado no, por supuesto.<\/p>\n<p style=\"text-align: justify;\">Y el Hijo de Dios, tomando nuestra carne y sangre, comparte el destino de los hombres, comparte tu destino y mi destino, en aut\u00e9ntica solidaridad. Se hace \u201cvecino\u201d nuestro -lo sabes muy bien- en una familia, la familia de Nazaret que es la mejor imagen de toda familia humana. En aquella familia, en aquella \u201cIglesia domestica\u201d se CONSAGRAN LAS RELACIONES HUMANAS QUE ALLI SE DAN, SEG\u00daN EL PLAN DE DIOS.<\/p>\n<p style=\"text-align: justify;\">Nazaret suena muy bien. Nos sabe a vida de familia y a c\u00e1lido hogar. All\u00ed se diviniz\u00f3 la vida de cada d\u00eda, la vida corriente. All\u00ed se diviniz\u00f3 tu vida y mi vida que \u2013por cierto- son bien corrientes y llenas de luces y sombras. All\u00ed, en Nazaret, aquella familia \u2013Jes\u00fas, Maria y Jos\u00e9- hicieron sagrado el vivir de cada d\u00eda.<\/p>\n<p style=\"text-align: justify;\">Dios ha querido unirse al hombre como el esposo se une a la esposa y lo ha realizado en la entrega de Cristo que ha dado su vida por nosotros. Esta entrega de Cristo es vista por San Pablo como el gran signo de amor a la Iglesia que queda para siempre unida a El. La Iglesia es la esposa de Cristo. Y esta uni\u00f3n encuentra en el matrimonio un especial signo visible y tangible del amor entre ambos.<\/p>\n<p style=\"text-align: justify;\">Pedimos al Se\u00f1or que la familia \u2013todas las familias- descubran su vocaci\u00f3n y misi\u00f3n en la Iglesia y en el mundo como imagen de la nueva humanidad que Dios quiere y ha establecido en Cristo-Jes\u00fas.<\/p>\n","protected":false},"excerpt":{"rendered":"<p>05 de diciembre de 2008 &nbsp; 1. EL PLAN DE DIOS SOBRE LA FAMILIA \u201cLa familia es el lugar del amor y la vida, mas a\u00fan, el lugar donde el [&hellip;]<\/p>\n","protected":false},"author":2,"featured_media":0,"parent":544,"menu_order":0,"comment_status":"closed","ping_status":"closed","template":"","meta":{"_et_pb_use_builder":"","_et_pb_old_content":"","_et_gb_content_width":"","_mc_calendar":[],"footnotes":""},"class_list":["post-3104","page","type-page","status-publish","hentry"],"_links":{"self":[{"href":"http:\/\/www.parroquiasanmiguelarcangel.es\/web\/wp-json\/wp\/v2\/pages\/3104","targetHints":{"allow":["GET"]}}],"collection":[{"href":"http:\/\/www.parroquiasanmiguelarcangel.es\/web\/wp-json\/wp\/v2\/pages"}],"about":[{"href":"http:\/\/www.parroquiasanmiguelarcangel.es\/web\/wp-json\/wp\/v2\/types\/page"}],"author":[{"embeddable":true,"href":"http:\/\/www.parroquiasanmiguelarcangel.es\/web\/wp-json\/wp\/v2\/users\/2"}],"replies":[{"embeddable":true,"href":"http:\/\/www.parroquiasanmiguelarcangel.es\/web\/wp-json\/wp\/v2\/comments?post=3104"}],"version-history":[{"count":4,"href":"http:\/\/www.parroquiasanmiguelarcangel.es\/web\/wp-json\/wp\/v2\/pages\/3104\/revisions"}],"predecessor-version":[{"id":3120,"href":"http:\/\/www.parroquiasanmiguelarcangel.es\/web\/wp-json\/wp\/v2\/pages\/3104\/revisions\/3120"}],"up":[{"embeddable":true,"href":"http:\/\/www.parroquiasanmiguelarcangel.es\/web\/wp-json\/wp\/v2\/pages\/544"}],"wp:attachment":[{"href":"http:\/\/www.parroquiasanmiguelarcangel.es\/web\/wp-json\/wp\/v2\/media?parent=3104"}],"curies":[{"name":"wp","href":"https:\/\/api.w.org\/{rel}","templated":true}]}}