{"id":3108,"date":"2013-03-06T12:52:23","date_gmt":"2013-03-06T11:52:23","guid":{"rendered":"http:\/\/www.parroquiasanmiguelarcangel.es\/web\/?page_id=3108"},"modified":"2013-03-06T19:44:47","modified_gmt":"2013-03-06T18:44:47","slug":"ante-nuestro-adviento","status":"publish","type":"page","link":"http:\/\/www.parroquiasanmiguelarcangel.es\/web\/la-voz-del-parroco\/voces-anteriores\/ante-nuestro-adviento","title":{"rendered":"ANTE NUESTRO ADVIENTO"},"content":{"rendered":"<h5>31 de noviembre de 2008<\/h5>\n<p>&nbsp;<\/p>\n<p style=\"text-align: center;\"><strong><span style=\"font-size: x-large;\">ANTE NUESTRO ADVIENTO<\/span><\/strong><\/p>\n<p>&nbsp;<\/p>\n<p style=\"text-align: justify;\">Querido amigo\/a y hermano\/a: Paz<\/p>\n<p style=\"text-align: justify;\">La alianza definitiva de Dios con los hombres y mujeres de este mundo no es fruto de la fantas\u00eda humana. Est\u00e1 ligada a una mujer. Esta mujer se llama MARIA. Esta mujer di\u00f3 a luz un ni\u00f1o que recibe el nombre de Jes\u00fas (Dios-con-nosotros).<\/p>\n<p style=\"text-align: justify;\">En este Adviento, que comenzamos, recordamos aquel pasaje de San Pablo en el que confiesa que le gustar\u00eda hacer el bien, pero que termina haciendo precisamente lo que no quiere (Rom. 7,15). Esta, sin duda, es una verdad que se aplica a nosotros tanto en nuestra vida particular como en la comunitaria\u2026 Sin duda que muchas veces tenemos buenas intenciones, nos sentimos movidos a hacer el bien, a ser sinceros, generosos\u2026 Muchas veces, seguro, denunciamos la explotaci\u00f3n y explotamos, denunciamos a los \u201cadoradores de \u00eddolos\u201d, a los que adoran el dinero, la fuerza, el poder, el placer, pero encendemos velas a esos mismos \u00eddolos. Denunciamos, tambi\u00e9n muchas veces, la codicia pero rezamos para acertar \u201cde lleno\u201d en las quinielas, en la loter\u00eda, en el bingo\u2026<\/p>\n<p style=\"text-align: justify;\">Ante todas estas realidades surge nuestra suplica a Dios, pidi\u00e9ndole un SER NUEVO, libre del ego\u00edsmo del orgullo, del af\u00e1n de poder que llenan, tantas veces, nuestros corazones. (1 Jn. 5,1-4)<\/p>\n<p style=\"text-align: justify; padding-left: 60px;\">&#8211; QUE EL SE\u00d1OR OIGA NUESTRO CLAMOR,<\/p>\n<p style=\"text-align: justify; padding-left: 60px;\">&#8211; QUE NOS TRAIGA EL GRAN REGALO DE UN CORAZON DE CARNE, HUMANO Y ARRANQUE EL DE PIEDRA QUE, A VECES, LLENA NUESTRO PECHO,<\/p>\n<p style=\"text-align: justify; padding-left: 60px;\">&#8211; QUE EL QUE CONOCE NUESTRAS FLAQUEZAS Y LIMITACIONES NAZCA DEFINITIVAMENTE EN NUESTRAS VIDAS.<\/p>\n","protected":false},"excerpt":{"rendered":"<p>31 de noviembre de 2008 &nbsp; ANTE NUESTRO ADVIENTO &nbsp; Querido amigo\/a y hermano\/a: Paz La alianza definitiva de Dios con los hombres y mujeres de este mundo no es [&hellip;]<\/p>\n","protected":false},"author":2,"featured_media":0,"parent":544,"menu_order":0,"comment_status":"closed","ping_status":"closed","template":"","meta":{"_et_pb_use_builder":"","_et_pb_old_content":"","_et_gb_content_width":"","_mc_calendar":[],"footnotes":""},"class_list":["post-3108","page","type-page","status-publish","hentry"],"_links":{"self":[{"href":"http:\/\/www.parroquiasanmiguelarcangel.es\/web\/wp-json\/wp\/v2\/pages\/3108","targetHints":{"allow":["GET"]}}],"collection":[{"href":"http:\/\/www.parroquiasanmiguelarcangel.es\/web\/wp-json\/wp\/v2\/pages"}],"about":[{"href":"http:\/\/www.parroquiasanmiguelarcangel.es\/web\/wp-json\/wp\/v2\/types\/page"}],"author":[{"embeddable":true,"href":"http:\/\/www.parroquiasanmiguelarcangel.es\/web\/wp-json\/wp\/v2\/users\/2"}],"replies":[{"embeddable":true,"href":"http:\/\/www.parroquiasanmiguelarcangel.es\/web\/wp-json\/wp\/v2\/comments?post=3108"}],"version-history":[{"count":5,"href":"http:\/\/www.parroquiasanmiguelarcangel.es\/web\/wp-json\/wp\/v2\/pages\/3108\/revisions"}],"predecessor-version":[{"id":3112,"href":"http:\/\/www.parroquiasanmiguelarcangel.es\/web\/wp-json\/wp\/v2\/pages\/3108\/revisions\/3112"}],"up":[{"embeddable":true,"href":"http:\/\/www.parroquiasanmiguelarcangel.es\/web\/wp-json\/wp\/v2\/pages\/544"}],"wp:attachment":[{"href":"http:\/\/www.parroquiasanmiguelarcangel.es\/web\/wp-json\/wp\/v2\/media?parent=3108"}],"curies":[{"name":"wp","href":"https:\/\/api.w.org\/{rel}","templated":true}]}}