{"id":3648,"date":"2014-02-09T15:36:06","date_gmt":"2014-02-09T14:36:06","guid":{"rendered":"http:\/\/www.parroquiasanmiguelarcangel.es\/web\/?page_id=3648"},"modified":"2014-02-09T15:39:12","modified_gmt":"2014-02-09T14:39:12","slug":"abramos-nuestras-manos","status":"publish","type":"page","link":"http:\/\/www.parroquiasanmiguelarcangel.es\/web\/la-voz-del-parroco\/abramos-nuestras-manos","title":{"rendered":"ABRAMOS NUESTRAS MANOS"},"content":{"rendered":"<h5>13 de diciembre de 2009<\/h5>\n<p>&nbsp;<\/p>\n<p style=\"text-align: center;\"><strong><span style=\"font-size: x-large;\">ABRAMOS NUESTRAS MANOS<\/span><\/strong><\/p>\n<p>&nbsp;<\/p>\n<p style=\"text-align: justify;\">\u00a0\u00a0\u00a0\u00a0\u00a0\u00a0\u00a0\u00a0\u00a0Queridos amigos y hermanos: Paz<\/p>\n<p style=\"text-align: justify;\">\u00a0\u00a0\u00a0\u00a0\u00a0\u00a0\u00a0\u00a0\u00a0Escucharemos que \u201cel que tenga dos t\u00fanicas d\u00e9 una al que no tiene, y lo mismo haga el que tenga comida&#8230;\u201d y tambi\u00e9n escucharemos de algunas que presenciaban el discurso y, parece, que se sintieron \u201ctocados\u201d por las palabras de Juan: \u00bfQu\u00e9 hemos de hacer?&#8230;<\/p>\n<p style=\"text-align: justify;\">\u00a0\u00a0\u00a0\u00a0\u00a0\u00a0\u00a0\u00a0\u00a0Los que hemos sido bautizados con agua, seguramente casi todos los domingos nos hacemos la pregunta de aquellos porque, sin duda, queremos ser de los bautizados, adem\u00e1s, con Esp\u00edritu y luego&#8230; Con la palabra de este domingo nos preguntamos \u00bfQU\u00c9 HACER?&#8230; Y lo hacemos ante la invitaci\u00f3n de acoger con toda alegr\u00eda el estallido de la Navidad&#8230; Con Jes\u00fas no se vive en el pasado, cruzado de brazos&#8230; LA BUENA NOTICIA se nos da hoy y para hoy para compartirla con todos, con los pobres, con los peque\u00f1os.<\/p>\n<p style=\"text-align: justify;\">\u00a0\u00a0\u00a0\u00a0\u00a0\u00a0\u00a0\u00a0\u00a0Y para poder hacerlo hay que dejar a un lado nuestros egoismos, nuestros olvidos, nuestras costumbres de c\u00f3moda pereza. <strong>Hay que compartir de verdad y con todo el coraz\u00f3n.<\/strong><\/p>\n<p style=\"text-align: justify;\">\u00a0\u00a0\u00a0\u00a0\u00a0\u00a0\u00a0\u00a0\u00a0Lo que sucede \u2013y t\u00fa y yo lo sabemos bien\u2013 es que el compartir, el abrir nuestras manos, requiere determinaci\u00f3n y fuerza que no proviene precisamente de los hombres sino de Dios. Es, por ello, por lo que pedimos al Se\u00f1or la fuerza del compartir. Que no pase esta nueva oportunidad de un compromiso:<\/p>\n<p>&nbsp;<\/p>\n<p style=\"text-align: center;\"><span style=\"font-size: medium;\"><strong>\u00a1QUE ESTEMOS ATENTOS A LAS NECESIDADES DE LOS DEM\u00c1S! EL SE\u00d1OR NOS INVITA A LA GENEROSIDAD.<\/strong><\/span><\/p>\n<p>&nbsp;<\/p>\n","protected":false},"excerpt":{"rendered":"<p>13 de diciembre de 2009 &nbsp; ABRAMOS NUESTRAS MANOS &nbsp; \u00a0\u00a0\u00a0\u00a0\u00a0\u00a0\u00a0\u00a0\u00a0Queridos amigos y hermanos: Paz \u00a0\u00a0\u00a0\u00a0\u00a0\u00a0\u00a0\u00a0\u00a0Escucharemos que \u201cel que tenga dos t\u00fanicas d\u00e9 una al que no tiene, y lo [&hellip;]<\/p>\n","protected":false},"author":2,"featured_media":0,"parent":15,"menu_order":0,"comment_status":"closed","ping_status":"closed","template":"","meta":{"_et_pb_use_builder":"","_et_pb_old_content":"","_et_gb_content_width":"","_mc_calendar":[],"footnotes":""},"class_list":["post-3648","page","type-page","status-publish","hentry"],"_links":{"self":[{"href":"http:\/\/www.parroquiasanmiguelarcangel.es\/web\/wp-json\/wp\/v2\/pages\/3648","targetHints":{"allow":["GET"]}}],"collection":[{"href":"http:\/\/www.parroquiasanmiguelarcangel.es\/web\/wp-json\/wp\/v2\/pages"}],"about":[{"href":"http:\/\/www.parroquiasanmiguelarcangel.es\/web\/wp-json\/wp\/v2\/types\/page"}],"author":[{"embeddable":true,"href":"http:\/\/www.parroquiasanmiguelarcangel.es\/web\/wp-json\/wp\/v2\/users\/2"}],"replies":[{"embeddable":true,"href":"http:\/\/www.parroquiasanmiguelarcangel.es\/web\/wp-json\/wp\/v2\/comments?post=3648"}],"version-history":[{"count":1,"href":"http:\/\/www.parroquiasanmiguelarcangel.es\/web\/wp-json\/wp\/v2\/pages\/3648\/revisions"}],"predecessor-version":[{"id":3651,"href":"http:\/\/www.parroquiasanmiguelarcangel.es\/web\/wp-json\/wp\/v2\/pages\/3648\/revisions\/3651"}],"up":[{"embeddable":true,"href":"http:\/\/www.parroquiasanmiguelarcangel.es\/web\/wp-json\/wp\/v2\/pages\/15"}],"wp:attachment":[{"href":"http:\/\/www.parroquiasanmiguelarcangel.es\/web\/wp-json\/wp\/v2\/media?parent=3648"}],"curies":[{"name":"wp","href":"https:\/\/api.w.org\/{rel}","templated":true}]}}