{"id":3797,"date":"2014-02-18T20:09:46","date_gmt":"2014-02-18T19:09:46","guid":{"rendered":"http:\/\/www.parroquiasanmiguelarcangel.es\/web\/?page_id=3797"},"modified":"2014-02-18T20:42:28","modified_gmt":"2014-02-18T19:42:28","slug":"una-sola-voz-y-un-solo-corazon","status":"publish","type":"page","link":"http:\/\/www.parroquiasanmiguelarcangel.es\/web\/una-sola-voz-y-un-solo-corazon","title":{"rendered":"UNA SOLA VOZ Y UN SOLO CORAZ\u00d3N"},"content":{"rendered":"<h5>Enero 2014<\/h5>\n<p><center><audio controls><source src=\"http:\/\/www.parroquiasanmiguelarcangel.es\/web\/wp-content\/uploads\/2008\/12\/P2014.mp3\" type=\"audio\/mpeg\"><\/audio><\/center><\/p>\n<p style=\"text-align: center;\"><strong><span style=\"font-size: x-large;\">UNA SOLA VOZ Y UN SOLO CORAZ\u00d3N <\/span><\/strong><\/p>\n<p style=\"text-align: justify;\">&nbsp;&nbsp;&nbsp;&nbsp;En el comienzo y\u2026 en el final del curso, siempre, me agrada dirigirme a Dios pidiendo la UNIDAD y, para ello, pido \u2013tambi\u00e9n siempre- la fuerza del viento de su Esp\u00edritu\u2026<\/p>\n<p style=\"text-align: justify;\">&nbsp;&nbsp;&nbsp;&nbsp;Desde esta parroquia de San Miguel su p\u00e1rroco, Se\u00f1or, se atreve a pedirte la fe, la misma que T\u00fa nos has dado. Esa que nos hace confesarte como \u00daNICO DIOS Y SE\u00d1OR, sin adaptaciones ni a\u00f1adidos. QUE SEAMOS UNA SOLA VOZ Y UN SOLO CORAZ\u00d3N para proclamarte en todo lugar como Se\u00f1or y Dios del universo.<\/p>\n<p style=\"text-align: justify;\">&nbsp;&nbsp;&nbsp;&nbsp;Y es que, Se\u00f1or, estamos divididos por causa de nuestro pecado. Estamos divididos por culpa de nuestro ego\u00edsmo. Estamos divididos por causa de nuestra historia y de interpretaciones. Estamos divididos por causa de nuestras miras humanas. Ante esta gran verdad, y en la Semana de la Unidad, Se\u00f1or, te pedimos desde lo m\u00e1s sincero y profundo de nuestro coraz\u00f3n: LL\u00c9VANOS A LA UNIDAD.<\/p>\n<p style=\"text-align: justify;\">&nbsp;&nbsp;&nbsp;&nbsp;Vuestro p\u00e1rroco.<\/p>\n","protected":false},"excerpt":{"rendered":"<p>Enero 2014 UNA SOLA VOZ Y UN SOLO CORAZ\u00d3N &nbsp;&nbsp;&nbsp;&nbsp;En el comienzo y\u2026 en el final del curso, siempre, me agrada dirigirme a Dios pidiendo la UNIDAD y, para ello, [&hellip;]<\/p>\n","protected":false},"author":2,"featured_media":0,"parent":0,"menu_order":0,"comment_status":"closed","ping_status":"closed","template":"","meta":{"_et_pb_use_builder":"","_et_pb_old_content":"","_et_gb_content_width":"","_mc_calendar":[],"footnotes":""},"class_list":["post-3797","page","type-page","status-publish","hentry"],"_links":{"self":[{"href":"http:\/\/www.parroquiasanmiguelarcangel.es\/web\/wp-json\/wp\/v2\/pages\/3797","targetHints":{"allow":["GET"]}}],"collection":[{"href":"http:\/\/www.parroquiasanmiguelarcangel.es\/web\/wp-json\/wp\/v2\/pages"}],"about":[{"href":"http:\/\/www.parroquiasanmiguelarcangel.es\/web\/wp-json\/wp\/v2\/types\/page"}],"author":[{"embeddable":true,"href":"http:\/\/www.parroquiasanmiguelarcangel.es\/web\/wp-json\/wp\/v2\/users\/2"}],"replies":[{"embeddable":true,"href":"http:\/\/www.parroquiasanmiguelarcangel.es\/web\/wp-json\/wp\/v2\/comments?post=3797"}],"version-history":[{"count":6,"href":"http:\/\/www.parroquiasanmiguelarcangel.es\/web\/wp-json\/wp\/v2\/pages\/3797\/revisions"}],"predecessor-version":[{"id":3808,"href":"http:\/\/www.parroquiasanmiguelarcangel.es\/web\/wp-json\/wp\/v2\/pages\/3797\/revisions\/3808"}],"wp:attachment":[{"href":"http:\/\/www.parroquiasanmiguelarcangel.es\/web\/wp-json\/wp\/v2\/media?parent=3797"}],"curies":[{"name":"wp","href":"https:\/\/api.w.org\/{rel}","templated":true}]}}