{"id":4303,"date":"2021-02-22T23:46:06","date_gmt":"2021-02-22T22:46:06","guid":{"rendered":"http:\/\/www.parroquiasanmiguelarcangel.es\/web\/?page_id=4303"},"modified":"2021-03-10T16:17:46","modified_gmt":"2021-03-10T15:17:46","slug":"ano-de-san-jose","status":"publish","type":"page","link":"http:\/\/www.parroquiasanmiguelarcangel.es\/web\/ano-de-san-jose","title":{"rendered":"A\u00f1o de San Jos\u00e9"},"content":{"rendered":"\n<figure class=\"wp-block-image size-large\"><a href=\"http:\/\/www.parroquiasanmiguelarcangel.es\/web\/wp-content\/uploads\/2021\/02\/anyosanjose.jpeg\"><img loading=\"lazy\" decoding=\"async\" width=\"640\" height=\"360\" src=\"http:\/\/www.parroquiasanmiguelarcangel.es\/web\/wp-content\/uploads\/2021\/02\/anyosanjose.jpeg\" alt=\"\" class=\"wp-image-4290\" srcset=\"http:\/\/www.parroquiasanmiguelarcangel.es\/web\/wp-content\/uploads\/2021\/02\/anyosanjose.jpeg 640w, http:\/\/www.parroquiasanmiguelarcangel.es\/web\/wp-content\/uploads\/2021\/02\/anyosanjose-480x270.jpeg 480w\" sizes=\"(min-width: 0px) and (max-width: 480px) 480px, (min-width: 481px) 640px, 100vw\" \/><\/a><\/figure>\n\n\n\n<p>En esta p\u00e1gina iremos actualizando el contenido que sobre San Jos\u00e9 vayamos viendo en la parroquia.<\/p>\n\n\n\n<p>Como ya sab\u00e9is hemos comenzado ya en nuestra parroquia el A\u00f1o de San Jos\u00e9. Despu\u00e9s de presentar el sentido que tiene, un primer acercamiento desde los t\u00edtulos con los que se refiere a San Jos\u00e9 el Magisterio, y presentarle b\u00edblicamente como modelo de disc\u00edpulo, seguimos profundizando en su figura, y acogi\u00e9ndonos a su intercesi\u00f3n. As\u00ed comenzamos un recorrido de oraci\u00f3n y meditaci\u00f3n en el que, adem\u00e1s, podremos prepararnos para recibir la indulgencia Plenaria. Se trata de los Siete Domingos de San Jos\u00e9. Cada domingo rezaremos, escucharemos una Palabra b\u00edblica meditada por uno de los sacerdotes de la parroquia, y oraremos con las letan\u00edas de San Jos\u00e9, acogi\u00e9ndonos a su patrocinio y protecci\u00f3n y, pidiendo la gracia de convertirnos a la fe como verdaderos disc\u00edpulos del Se\u00f1or.  <\/p>\n\n\n\n<p>Os dejamos los v\u00eddeos de las charlas sobre San Jos\u00e9:<\/p>\n\n\n\n<figure class=\"wp-block-embed is-type-rich is-provider-embed-handler wp-block-embed-embed-handler wp-embed-aspect-16-9 wp-has-aspect-ratio\"><div class=\"wp-block-embed__wrapper\">\n<iframe loading=\"lazy\" title=\"A\u00f1o de San Jos\u00e9 - Sentido de esta gracia\" width=\"1080\" height=\"608\" src=\"https:\/\/www.youtube.com\/embed\/p-UDOEW_MB0?feature=oembed\"  allow=\"accelerometer; autoplay; clipboard-write; encrypted-media; gyroscope; picture-in-picture\" allowfullscreen><\/iframe>\n<\/div><\/figure>\n\n\n\n<figure class=\"wp-block-embed is-type-rich is-provider-embed-handler wp-block-embed-embed-handler wp-embed-aspect-16-9 wp-has-aspect-ratio\"><div class=\"wp-block-embed__wrapper\">\n<iframe loading=\"lazy\" title=\"A\u00f1o de San Jos\u00e9 - Un camino en comunidad\" width=\"1080\" height=\"608\" src=\"https:\/\/www.youtube.com\/embed\/ATwdUYLJWU0?feature=oembed\"  allow=\"accelerometer; autoplay; clipboard-write; encrypted-media; gyroscope; picture-in-picture\" allowfullscreen><\/iframe>\n<\/div><\/figure>\n\n\n\n<figure class=\"wp-block-embed is-type-rich is-provider-embed-handler wp-block-embed-embed-handler wp-embed-aspect-16-9 wp-has-aspect-ratio\"><div class=\"wp-block-embed__wrapper\">\n<iframe loading=\"lazy\" title=\"A\u00f1o de San Jos\u00e9 - Indulgencia plenaria \u00bfQu\u00e9 es? 10 maneras de alcanzarla en este a\u00f1o de San Jos\u00e9\" width=\"1080\" height=\"608\" src=\"https:\/\/www.youtube.com\/embed\/pf-jQ0tQzAc?feature=oembed\"  allow=\"accelerometer; autoplay; clipboard-write; encrypted-media; gyroscope; picture-in-picture\" allowfullscreen><\/iframe>\n<\/div><\/figure>\n\n\n\n<figure class=\"wp-block-embed is-type-rich is-provider-embed-handler wp-block-embed-embed-handler wp-embed-aspect-16-9 wp-has-aspect-ratio\"><div class=\"wp-block-embed__wrapper\">\n<iframe loading=\"lazy\" title=\"A\u00f1o de San Jos\u00e9 - Esposo, custodio y patrono\" width=\"1080\" height=\"608\" src=\"https:\/\/www.youtube.com\/embed\/5kl6tuocq3w?feature=oembed\"  allow=\"accelerometer; autoplay; clipboard-write; encrypted-media; gyroscope; picture-in-picture\" allowfullscreen><\/iframe>\n<\/div><\/figure>\n\n\n\n<figure class=\"wp-block-embed is-type-rich is-provider-embed-handler wp-block-embed-embed-handler wp-embed-aspect-16-9 wp-has-aspect-ratio\"><div class=\"wp-block-embed__wrapper\">\n<iframe loading=\"lazy\" title=\"3\u00ba Domingo de San Jos\u00e9 - San Jos\u00e9, Casto Esposo de Mar\u00eda -  21\/02\/2021\" width=\"1080\" height=\"608\" src=\"https:\/\/www.youtube.com\/embed\/Gb4FZGTEOWw?feature=oembed\"  allow=\"accelerometer; autoplay; clipboard-write; encrypted-media; gyroscope; picture-in-picture\" allowfullscreen><\/iframe>\n<\/div><\/figure>\n\n\n\n<figure class=\"wp-block-embed is-type-rich is-provider-embed-handler wp-block-embed-embed-handler wp-embed-aspect-16-9 wp-has-aspect-ratio\"><div class=\"wp-block-embed__wrapper\">\n<iframe loading=\"lazy\" title=\"4\u00ba Domingo de San Jos\u00e9 - Justicia y Santidad de San Jos\u00e9 - 28\/02\/2021\" width=\"1080\" height=\"608\" src=\"https:\/\/www.youtube.com\/embed\/iVl_SPCh1N0?feature=oembed\"  allow=\"accelerometer; autoplay; clipboard-write; encrypted-media; gyroscope; picture-in-picture\" allowfullscreen><\/iframe>\n<\/div><\/figure>\n\n\n\n<figure class=\"wp-block-embed is-type-rich is-provider-embed-handler wp-block-embed-embed-handler wp-embed-aspect-16-9 wp-has-aspect-ratio\"><div class=\"wp-block-embed__wrapper\">\n<iframe loading=\"lazy\" title=\"5\u00ba Domingo de San Jos\u00e9 - San Jos\u00e9, Custodio del Redentor - 07\/03\/2021\" width=\"1080\" height=\"608\" src=\"https:\/\/www.youtube.com\/embed\/0naYK6g4-bU?feature=oembed\"  allow=\"accelerometer; autoplay; clipboard-write; encrypted-media; gyroscope; picture-in-picture\" allowfullscreen><\/iframe>\n<\/div><\/figure>\n\n\n\n<ul class=\"wp-block-list\"><li>Retiro sobre San Jos\u00e9:<\/li><\/ul>\n\n\n\n<figure class=\"wp-block-embed is-type-rich is-provider-embed-handler wp-block-embed-embed-handler wp-embed-aspect-16-9 wp-has-aspect-ratio\"><div class=\"wp-block-embed__wrapper\">\n<iframe loading=\"lazy\" title=\"S. Jos\u00e9 modelo de Disc\u00edpulo - Hijo de David (Retiro del padre Antonio Bravo parte 1)\" width=\"1080\" height=\"608\" src=\"https:\/\/www.youtube.com\/embed\/Ai2gYwr0fWQ?feature=oembed\"  allow=\"accelerometer; autoplay; clipboard-write; encrypted-media; gyroscope; picture-in-picture\" allowfullscreen><\/iframe>\n<\/div><\/figure>\n\n\n\n<figure class=\"wp-block-embed is-type-rich is-provider-embed-handler wp-block-embed-embed-handler wp-embed-aspect-16-9 wp-has-aspect-ratio\"><div class=\"wp-block-embed__wrapper\">\n<iframe loading=\"lazy\" title=\"S. Jos\u00e9, modelo de Disc\u00edpulo - Siervo bueno y fiel (Retiro del padre Antonio Bravo parte 2)\" width=\"1080\" height=\"608\" src=\"https:\/\/www.youtube.com\/embed\/s-SMlHQdlsU?feature=oembed\"  allow=\"accelerometer; autoplay; clipboard-write; encrypted-media; gyroscope; picture-in-picture\" allowfullscreen><\/iframe>\n<\/div><\/figure>\n","protected":false},"excerpt":{"rendered":"<p>En esta p\u00e1gina iremos actualizando el contenido que sobre San Jos\u00e9 vayamos viendo en la parroquia. Como ya sab\u00e9is hemos comenzado ya en nuestra parroquia el A\u00f1o de San Jos\u00e9. [&hellip;]<\/p>\n","protected":false},"author":9,"featured_media":0,"parent":0,"menu_order":0,"comment_status":"closed","ping_status":"closed","template":"","meta":{"_et_pb_use_builder":"off","_et_pb_old_content":"","_et_gb_content_width":"","_mc_calendar":[],"footnotes":""},"class_list":["post-4303","page","type-page","status-publish","hentry"],"_links":{"self":[{"href":"http:\/\/www.parroquiasanmiguelarcangel.es\/web\/wp-json\/wp\/v2\/pages\/4303","targetHints":{"allow":["GET"]}}],"collection":[{"href":"http:\/\/www.parroquiasanmiguelarcangel.es\/web\/wp-json\/wp\/v2\/pages"}],"about":[{"href":"http:\/\/www.parroquiasanmiguelarcangel.es\/web\/wp-json\/wp\/v2\/types\/page"}],"author":[{"embeddable":true,"href":"http:\/\/www.parroquiasanmiguelarcangel.es\/web\/wp-json\/wp\/v2\/users\/9"}],"replies":[{"embeddable":true,"href":"http:\/\/www.parroquiasanmiguelarcangel.es\/web\/wp-json\/wp\/v2\/comments?post=4303"}],"version-history":[{"count":3,"href":"http:\/\/www.parroquiasanmiguelarcangel.es\/web\/wp-json\/wp\/v2\/pages\/4303\/revisions"}],"predecessor-version":[{"id":4333,"href":"http:\/\/www.parroquiasanmiguelarcangel.es\/web\/wp-json\/wp\/v2\/pages\/4303\/revisions\/4333"}],"wp:attachment":[{"href":"http:\/\/www.parroquiasanmiguelarcangel.es\/web\/wp-json\/wp\/v2\/media?parent=4303"}],"curies":[{"name":"wp","href":"https:\/\/api.w.org\/{rel}","templated":true}]}}