{"id":460,"date":"2008-12-03T00:08:47","date_gmt":"2008-12-02T23:08:47","guid":{"rendered":"http:\/\/www.parroquiasanmiguelarcangel.es\/web\/?page_id=460"},"modified":"2008-12-03T00:18:48","modified_gmt":"2008-12-02T23:18:48","slug":"capilla","status":"publish","type":"page","link":"http:\/\/www.parroquiasanmiguelarcangel.es\/web\/retiros-y-oracion\/capilla","title":{"rendered":"Capilla"},"content":{"rendered":"<p><\/br><\/p>\n<p style=\"text-align: justify;\">&nbsp;&nbsp;&nbsp;Para la oraci\u00f3n personal, nada mejor que un peque\u00f1o espacio recogido. La Parroquia de San Miguel tiene una capilla, que suele estar abierta de 9 a 14 y de 17 a 21 horas, exceptuando los s\u00e1bados por la tarde y los domingos. Si en alguna ocasi\u00f3n la capilla est\u00e1 cerrada, siempre se puede buscar un rato de oraci\u00f3n ante el Sagrario en el templo.<\/p>\n","protected":false},"excerpt":{"rendered":"<p>&nbsp;&nbsp;&nbsp;Para la oraci\u00f3n personal, nada mejor que un peque\u00f1o espacio recogido. La Parroquia de San Miguel tiene una capilla, que suele estar abierta de 9 a 14 y de 17 [&hellip;]<\/p>\n","protected":false},"author":2,"featured_media":0,"parent":23,"menu_order":0,"comment_status":"closed","ping_status":"closed","template":"","meta":{"_et_pb_use_builder":"","_et_pb_old_content":"","_et_gb_content_width":"","_mc_calendar":[],"footnotes":""},"class_list":["post-460","page","type-page","status-publish","hentry"],"_links":{"self":[{"href":"http:\/\/www.parroquiasanmiguelarcangel.es\/web\/wp-json\/wp\/v2\/pages\/460","targetHints":{"allow":["GET"]}}],"collection":[{"href":"http:\/\/www.parroquiasanmiguelarcangel.es\/web\/wp-json\/wp\/v2\/pages"}],"about":[{"href":"http:\/\/www.parroquiasanmiguelarcangel.es\/web\/wp-json\/wp\/v2\/types\/page"}],"author":[{"embeddable":true,"href":"http:\/\/www.parroquiasanmiguelarcangel.es\/web\/wp-json\/wp\/v2\/users\/2"}],"replies":[{"embeddable":true,"href":"http:\/\/www.parroquiasanmiguelarcangel.es\/web\/wp-json\/wp\/v2\/comments?post=460"}],"version-history":[{"count":7,"href":"http:\/\/www.parroquiasanmiguelarcangel.es\/web\/wp-json\/wp\/v2\/pages\/460\/revisions"}],"predecessor-version":[{"id":478,"href":"http:\/\/www.parroquiasanmiguelarcangel.es\/web\/wp-json\/wp\/v2\/pages\/460\/revisions\/478"}],"up":[{"embeddable":true,"href":"http:\/\/www.parroquiasanmiguelarcangel.es\/web\/wp-json\/wp\/v2\/pages\/23"}],"wp:attachment":[{"href":"http:\/\/www.parroquiasanmiguelarcangel.es\/web\/wp-json\/wp\/v2\/media?parent=460"}],"curies":[{"name":"wp","href":"https:\/\/api.w.org\/{rel}","templated":true}]}}