{"id":464,"date":"2008-12-03T00:09:22","date_gmt":"2008-12-02T23:09:22","guid":{"rendered":"http:\/\/www.parroquiasanmiguelarcangel.es\/web\/?page_id=464"},"modified":"2008-12-03T00:19:26","modified_gmt":"2008-12-02T23:19:26","slug":"rosario","status":"publish","type":"page","link":"http:\/\/www.parroquiasanmiguelarcangel.es\/web\/retiros-y-oracion\/rosario","title":{"rendered":"Rosario"},"content":{"rendered":"<p><\/br><\/p>\n<p style=\"text-align: justify;\">&nbsp;&nbsp;&nbsp;El rosario en comunidad es una de las actividades parroquiales que no se interrumpen en ning\u00fan momento del curso, ni siquiera en verano. El rezo del rosario nos acercarnos a Cristo meditando los Misterios sobre su vida a trav\u00e9s de la figura de Mar\u00eda. El rosario tiene lugar todos los d\u00edas a las 19&#8217;30 en el templo.<img loading=\"lazy\" decoding=\"async\" class=\"alignright size-thumbnail wp-image-43\" title=\"rosario_rezo_manos\" src=\"http:\/\/www.parroquiasanmiguelarcangel.es\/web\/wp-content\/uploads\/2008\/10\/rosario_rezo_manos-150x150.jpg\" alt=\"\" width=\"150\" height=\"150\" \/><\/p>\n","protected":false},"excerpt":{"rendered":"<p>&nbsp;&nbsp;&nbsp;El rosario en comunidad es una de las actividades parroquiales que no se interrumpen en ning\u00fan momento del curso, ni siquiera en verano. El rezo del rosario nos acercarnos a [&hellip;]<\/p>\n","protected":false},"author":2,"featured_media":0,"parent":23,"menu_order":0,"comment_status":"closed","ping_status":"closed","template":"","meta":{"_et_pb_use_builder":"","_et_pb_old_content":"","_et_gb_content_width":"","_mc_calendar":[],"footnotes":""},"class_list":["post-464","page","type-page","status-publish","hentry"],"_links":{"self":[{"href":"http:\/\/www.parroquiasanmiguelarcangel.es\/web\/wp-json\/wp\/v2\/pages\/464","targetHints":{"allow":["GET"]}}],"collection":[{"href":"http:\/\/www.parroquiasanmiguelarcangel.es\/web\/wp-json\/wp\/v2\/pages"}],"about":[{"href":"http:\/\/www.parroquiasanmiguelarcangel.es\/web\/wp-json\/wp\/v2\/types\/page"}],"author":[{"embeddable":true,"href":"http:\/\/www.parroquiasanmiguelarcangel.es\/web\/wp-json\/wp\/v2\/users\/2"}],"replies":[{"embeddable":true,"href":"http:\/\/www.parroquiasanmiguelarcangel.es\/web\/wp-json\/wp\/v2\/comments?post=464"}],"version-history":[{"count":8,"href":"http:\/\/www.parroquiasanmiguelarcangel.es\/web\/wp-json\/wp\/v2\/pages\/464\/revisions"}],"predecessor-version":[{"id":479,"href":"http:\/\/www.parroquiasanmiguelarcangel.es\/web\/wp-json\/wp\/v2\/pages\/464\/revisions\/479"}],"up":[{"embeddable":true,"href":"http:\/\/www.parroquiasanmiguelarcangel.es\/web\/wp-json\/wp\/v2\/pages\/23"}],"wp:attachment":[{"href":"http:\/\/www.parroquiasanmiguelarcangel.es\/web\/wp-json\/wp\/v2\/media?parent=464"}],"curies":[{"name":"wp","href":"https:\/\/api.w.org\/{rel}","templated":true}]}}