{"id":472,"date":"2008-12-03T00:20:31","date_gmt":"2008-12-02T23:20:31","guid":{"rendered":"http:\/\/www.parroquiasanmiguelarcangel.es\/web\/?page_id=472"},"modified":"2008-12-03T12:18:47","modified_gmt":"2008-12-03T11:18:47","slug":"adoracion-al-santisimo","status":"publish","type":"page","link":"http:\/\/www.parroquiasanmiguelarcangel.es\/web\/retiros-y-oracion\/adoracion-al-santisimo","title":{"rendered":"Adoraci\u00f3n al Sant\u00edsimo"},"content":{"rendered":"<p><\/br><br \/>\n<img loading=\"lazy\" decoding=\"async\" class=\"size-thumbnail wp-image-44 alignleft\" title=\"custodia20completa203\" src=\"http:\/\/www.parroquiasanmiguelarcangel.es\/web\/wp-content\/uploads\/2008\/10\/custodia20completa203-150x150.jpg\" alt=\"\" width=\"150\" height=\"150\"\/><\/p>\n<p style=\"text-align: justify;\">&nbsp;&nbsp;&nbsp;En la parroquia de San Miguel el jueves es el d\u00eda dedicado a la adoraci\u00f3n del Sant\u00edsimo Sacramento. La adoraci\u00f3n es un tipo de oraci\u00f3n m\u00e1s especial que cualquier otra, porque podemos contemplar directamente a Cristo sacramentado.<br \/>\n&nbsp;&nbsp;&nbsp;La adoraci\u00f3n de los jueves, que lleva realiz\u00e1ndose casi 34 a\u00f1os, tiene lugar desde mediados de octubre hasta finales de junio. Cada jueves el Sant\u00edsimo Sacramento permanece expuesto en el altar desde las 10&#8217;30 hasta las 19&#8217;00. Previamente a la adoraci\u00f3n se hace el rezo de los laudes, durante la Misa de 10, y posteriormente se expone el Sant\u00edsimo. A algunas horas concretas se realizan oraciones colectivas, como el \u00c1ngelus a las 12:00, y el rosario de la Misericordia a las 15:00. &nbsp;&nbsp;&nbsp;La adoraci\u00f3n concluye con la bendici\u00f3n y reserva del Sacramento, justo antes de Misa de 19; durante esta Misa se rezan tambi\u00e9n las v\u00edsperas, como conclusi\u00f3n a la adoraci\u00f3n de todo el d\u00eda.Est\u00e1 organizada en torno a turnos de 30 minutos de duraci\u00f3n cada uno; en cada turno participan cuatro personas, aunque el templo permanece abierto para todo el que busque un rato de oraci\u00f3n.<br \/>\n&nbsp;&nbsp;&nbsp;El grupo de personas que toman parte en esos turnos est\u00e1 completamente abierto a todo aquel que quiera apuntarse para cubrir un turno determinado. Si est\u00e1s interesado en apuntarte, puedes informarte cualquier jueves durante las horas de la Adoraci\u00f3n, o pedir m\u00e1s informaci\u00f3n en la secretar\u00eda de la parroquia.<\/p>\n","protected":false},"excerpt":{"rendered":"<p>&nbsp;&nbsp;&nbsp;En la parroquia de San Miguel el jueves es el d\u00eda dedicado a la adoraci\u00f3n del Sant\u00edsimo Sacramento. La adoraci\u00f3n es un tipo de oraci\u00f3n m\u00e1s especial que cualquier otra, [&hellip;]<\/p>\n","protected":false},"author":2,"featured_media":0,"parent":23,"menu_order":0,"comment_status":"closed","ping_status":"closed","template":"","meta":{"_et_pb_use_builder":"","_et_pb_old_content":"","_et_gb_content_width":"","_mc_calendar":[],"footnotes":""},"class_list":["post-472","page","type-page","status-publish","hentry"],"_links":{"self":[{"href":"http:\/\/www.parroquiasanmiguelarcangel.es\/web\/wp-json\/wp\/v2\/pages\/472","targetHints":{"allow":["GET"]}}],"collection":[{"href":"http:\/\/www.parroquiasanmiguelarcangel.es\/web\/wp-json\/wp\/v2\/pages"}],"about":[{"href":"http:\/\/www.parroquiasanmiguelarcangel.es\/web\/wp-json\/wp\/v2\/types\/page"}],"author":[{"embeddable":true,"href":"http:\/\/www.parroquiasanmiguelarcangel.es\/web\/wp-json\/wp\/v2\/users\/2"}],"replies":[{"embeddable":true,"href":"http:\/\/www.parroquiasanmiguelarcangel.es\/web\/wp-json\/wp\/v2\/comments?post=472"}],"version-history":[{"count":7,"href":"http:\/\/www.parroquiasanmiguelarcangel.es\/web\/wp-json\/wp\/v2\/pages\/472\/revisions"}],"predecessor-version":[{"id":505,"href":"http:\/\/www.parroquiasanmiguelarcangel.es\/web\/wp-json\/wp\/v2\/pages\/472\/revisions\/505"}],"up":[{"embeddable":true,"href":"http:\/\/www.parroquiasanmiguelarcangel.es\/web\/wp-json\/wp\/v2\/pages\/23"}],"wp:attachment":[{"href":"http:\/\/www.parroquiasanmiguelarcangel.es\/web\/wp-json\/wp\/v2\/media?parent=472"}],"curies":[{"name":"wp","href":"https:\/\/api.w.org\/{rel}","templated":true}]}}