{"id":489,"date":"2008-12-03T00:25:43","date_gmt":"2008-12-02T23:25:43","guid":{"rendered":"http:\/\/www.parroquiasanmiguelarcangel.es\/web\/?page_id=489"},"modified":"2009-10-24T19:12:59","modified_gmt":"2009-10-24T18:12:59","slug":"ejercicios-espirituales","status":"publish","type":"page","link":"http:\/\/www.parroquiasanmiguelarcangel.es\/web\/retiros-y-oracion\/ejercicios-espirituales","title":{"rendered":"Ejercicios Espirituales"},"content":{"rendered":"<p><img loading=\"lazy\" decoding=\"async\" class=\"aligncenter size-medium wp-image-45\" title=\"sec247_pic1\" src=\"http:\/\/www.parroquiasanmiguelarcangel.es\/web\/wp-content\/uploads\/2008\/10\/sec247_pic1-300x198.jpg\" alt=\"\" width=\"208\" height=\"137\" srcset=\"http:\/\/www.parroquiasanmiguelarcangel.es\/web\/wp-content\/uploads\/2008\/10\/sec247_pic1-300x198.jpg 300w, http:\/\/www.parroquiasanmiguelarcangel.es\/web\/wp-content\/uploads\/2008\/10\/sec247_pic1.jpg 320w\" sizes=\"(max-width: 208px) 100vw, 208px\" \/><\/p>\n<p style=\"text-align: justify;\">&nbsp;&nbsp;&nbsp;Para tener el esp\u00edritu en buena forma no basta solamente con la oraci\u00f3n diaria; son muy recomendables unos ejercicios espirituales anuales, cuya duraci\u00f3n puede ser m\u00e1s corta o m\u00e1s larga, dependiendo y la experiencia de que se disponga. Los ejercicios son unos d\u00edas dedicados al silencio, la oraci\u00f3n, la meditaci\u00f3n y la escucha de Dios.<br \/>\n&nbsp;&nbsp;&nbsp;En la parroquia se ofrecen tres tandas de ejercicios espirituales cada a\u00f1o:<\/p>\n<p style=\"padding-left: 90px;\">&#8211; Ejercicios de fin de semana para j\u00f3venes, que generalmente tienen lugar el \u00faltimo fin de semana de febrero o el primero de marzo. (<strong><u>2010<\/u><\/strong>: 26, 27 y 28 de febrero)<\/p>\n<p style=\"padding-left: 90px;\">&#8211; Ejercicios de varios d\u00edas para j\u00f3venes, en el puente de la Constituci\u00f3n y la Inmaculada. (<strong><u>2009<\/u><\/strong>: Del 4 al 8 de diciembre)<\/p>\n<p style=\"padding-left: 90px;\">&#8211; Ejercicios de fin de semana para adultos<\/p>\n<p>&nbsp;&nbsp;&nbsp;Las fechas de Ejercicios para este curso se pueden consultar en el calendario de actividades de la parroquia.<\/p>\n","protected":false},"excerpt":{"rendered":"<p>&nbsp;&nbsp;&nbsp;Para tener el esp\u00edritu en buena forma no basta solamente con la oraci\u00f3n diaria; son muy recomendables unos ejercicios espirituales anuales, cuya duraci\u00f3n puede ser m\u00e1s corta o m\u00e1s larga, [&hellip;]<\/p>\n","protected":false},"author":2,"featured_media":0,"parent":23,"menu_order":0,"comment_status":"closed","ping_status":"closed","template":"","meta":{"_et_pb_use_builder":"","_et_pb_old_content":"","_et_gb_content_width":"","_mc_calendar":[],"footnotes":""},"class_list":["post-489","page","type-page","status-publish","hentry"],"_links":{"self":[{"href":"http:\/\/www.parroquiasanmiguelarcangel.es\/web\/wp-json\/wp\/v2\/pages\/489","targetHints":{"allow":["GET"]}}],"collection":[{"href":"http:\/\/www.parroquiasanmiguelarcangel.es\/web\/wp-json\/wp\/v2\/pages"}],"about":[{"href":"http:\/\/www.parroquiasanmiguelarcangel.es\/web\/wp-json\/wp\/v2\/types\/page"}],"author":[{"embeddable":true,"href":"http:\/\/www.parroquiasanmiguelarcangel.es\/web\/wp-json\/wp\/v2\/users\/2"}],"replies":[{"embeddable":true,"href":"http:\/\/www.parroquiasanmiguelarcangel.es\/web\/wp-json\/wp\/v2\/comments?post=489"}],"version-history":[{"count":17,"href":"http:\/\/www.parroquiasanmiguelarcangel.es\/web\/wp-json\/wp\/v2\/pages\/489\/revisions"}],"predecessor-version":[{"id":1191,"href":"http:\/\/www.parroquiasanmiguelarcangel.es\/web\/wp-json\/wp\/v2\/pages\/489\/revisions\/1191"}],"up":[{"embeddable":true,"href":"http:\/\/www.parroquiasanmiguelarcangel.es\/web\/wp-json\/wp\/v2\/pages\/23"}],"wp:attachment":[{"href":"http:\/\/www.parroquiasanmiguelarcangel.es\/web\/wp-json\/wp\/v2\/media?parent=489"}],"curies":[{"name":"wp","href":"https:\/\/api.w.org\/{rel}","templated":true}]}}