{"id":536,"date":"2008-12-05T14:52:33","date_gmt":"2008-12-05T13:52:33","guid":{"rendered":"http:\/\/www.parroquiasanmiguelarcangel.es\/web\/?page_id=536"},"modified":"2014-02-18T20:12:58","modified_gmt":"2014-02-18T19:12:58","slug":"ultima-voz","status":"publish","type":"page","link":"http:\/\/www.parroquiasanmiguelarcangel.es\/web\/la-voz-del-parroco\/ultima-voz","title":{"rendered":"\u00daltima voz"},"content":{"rendered":"<h5>Febrero 2014<\/h5>\n<p><center><audio controls><source src=\"https:\/\/dl.dropboxusercontent.com\/u\/17598336\/parroco%20febrero.wav\"  type=\"audio\/mpeg\"><\/audio><\/center><\/p>\n<p style=\"text-align: center;\"><strong><span style=\"font-size: x-large;\">EN CONTINUA ACTITUD DE ALABANZA AL SE\u00d1OR<\/span><\/strong><\/p>\n<p style=\"text-align: justify;\">&nbsp;&nbsp;&nbsp;&nbsp;Hoy me vas a permitir que escriba estas poquitas letras \u201cdefiniendo\u201d lo que intento hacer todos los d\u00edas: Alabar al  Se\u00f1or.<\/p>\n<p style=\"text-align: justify;\">&nbsp;&nbsp;&nbsp;&nbsp;Yo personalmente lo intento todos los d\u00edas y a ello te animo. Mira- y adem\u00e1s lo sabes- \u00c9l es el que hace salir todos los d\u00edas el sol que fecunda y da calor, que hace germinar todo y llena de vida tu tierra y mi tierra. Te invito a alabar al Se\u00f1or que hace llegar la noche y despu\u00e9s, la claridad. <\/p>\n<p style=\"text-align: justify;\">&nbsp;&nbsp;&nbsp;&nbsp;\u00c9l hace pasar el invierno y llegar la primavera. Hace que los peces del mar y los animales del campo se nutran y vivan. Alaba a Dios conmigo, a ese Dios \u201cque se abaja para mirar a los hombres, que levanta del polvo al desvalido y alza de la basura al pobre\u201d.<\/p>\n<p style=\"text-align: justify;\">&nbsp;&nbsp;&nbsp;&nbsp;QUE \u00c9L LLENE DE ALEGR\u00cdA NUESTROS CORAZONES.<\/p>\n<p style=\"text-align: justify;\">&nbsp;&nbsp;&nbsp;&nbsp;Vuestro p\u00e1rroco.<\/p>\n","protected":false},"excerpt":{"rendered":"<p>Febrero 2014 EN CONTINUA ACTITUD DE ALABANZA AL SE\u00d1OR &nbsp;&nbsp;&nbsp;&nbsp;Hoy me vas a permitir que escriba estas poquitas letras \u201cdefiniendo\u201d lo que intento hacer todos los d\u00edas: Alabar al Se\u00f1or. [&hellip;]<\/p>\n","protected":false},"author":2,"featured_media":0,"parent":15,"menu_order":0,"comment_status":"closed","ping_status":"closed","template":"","meta":{"_et_pb_use_builder":"","_et_pb_old_content":"","_et_gb_content_width":"","_mc_calendar":[],"footnotes":""},"class_list":["post-536","page","type-page","status-publish","hentry"],"_links":{"self":[{"href":"http:\/\/www.parroquiasanmiguelarcangel.es\/web\/wp-json\/wp\/v2\/pages\/536","targetHints":{"allow":["GET"]}}],"collection":[{"href":"http:\/\/www.parroquiasanmiguelarcangel.es\/web\/wp-json\/wp\/v2\/pages"}],"about":[{"href":"http:\/\/www.parroquiasanmiguelarcangel.es\/web\/wp-json\/wp\/v2\/types\/page"}],"author":[{"embeddable":true,"href":"http:\/\/www.parroquiasanmiguelarcangel.es\/web\/wp-json\/wp\/v2\/users\/2"}],"replies":[{"embeddable":true,"href":"http:\/\/www.parroquiasanmiguelarcangel.es\/web\/wp-json\/wp\/v2\/comments?post=536"}],"version-history":[{"count":62,"href":"http:\/\/www.parroquiasanmiguelarcangel.es\/web\/wp-json\/wp\/v2\/pages\/536\/revisions"}],"predecessor-version":[{"id":547,"href":"http:\/\/www.parroquiasanmiguelarcangel.es\/web\/wp-json\/wp\/v2\/pages\/536\/revisions\/547"}],"up":[{"embeddable":true,"href":"http:\/\/www.parroquiasanmiguelarcangel.es\/web\/wp-json\/wp\/v2\/pages\/15"}],"wp:attachment":[{"href":"http:\/\/www.parroquiasanmiguelarcangel.es\/web\/wp-json\/wp\/v2\/media?parent=536"}],"curies":[{"name":"wp","href":"https:\/\/api.w.org\/{rel}","templated":true}]}}