{"id":544,"date":"2008-12-05T14:53:00","date_gmt":"2008-12-05T13:53:00","guid":{"rendered":"http:\/\/www.parroquiasanmiguelarcangel.es\/web\/?page_id=544"},"modified":"2014-02-18T20:39:09","modified_gmt":"2014-02-18T19:39:09","slug":"voces-anteriores","status":"publish","type":"page","link":"http:\/\/www.parroquiasanmiguelarcangel.es\/web\/la-voz-del-parroco\/voces-anteriores","title":{"rendered":"Voces anteriores"},"content":{"rendered":"<li><u>Enero 2014<\/u><\/li>\n<p style=\"text-align: center;\"><strong><span style=\"font-size: large;\">UNA SOLA VOZ Y UN SOLO CORAZ\u00d3N<\/span><\/strong><\/p>\n<p style=\"text-align: justify;\">En el comienzo y\u2026 en el final del curso, siempre, me agrada dirigirme a Dios pidiendo la UNIDAD y, para ello, pido \u2013tambi\u00e9n siempre- la fuerza del viento de su Esp\u00edritu\u2026<a href=\" http:\/\/www.parroquiasanmiguelarcangel.es\/web\/una-sola-voz-y-un-solo-corazon\" target=\"_blank\">leer m\u00e1s<\/a>.<\/p>\n<li><u>13 de diciembre de 2009<\/u><\/li>\n<p style=\"text-align: center;\"><strong><span style=\"font-size: large;\">ABRAMOS NUESTRAS MANOS<\/span><\/strong><\/p>\n<p style=\"text-align: justify;\">Queridos amigos y hermanos: Paz<\/p>\n<p style=\"text-align: justify;\">Escucharemos que \u201cel que tenga dos t\u00fanicas d\u00e9 una al que no tiene, y lo mismo haga el que tenga comida&#8230;\u201d y tambi\u00e9n escucharemos de algunas que presenciaban el discurso y, parece, que se sintieron \u201ctocados\u201d por las palabras de Juan: \u00bfQu\u00e9 hemos de hacer?&#8230; <a href=\" http:\/\/www.parroquiasanmiguelarcangel.es\/web\/la-voz-del-parroco\/abramos-nuestras-manos\" target=\"_blank\">leer m\u00e1s<\/a>.<\/p>\n<p><\/p>\n<li><u>6 de diciembre de 2009<\/u><\/li>\n<p style=\"text-align: center;\"><strong><span style=\"font-size: large;\">ABRAMOS LOS O\u00cdDOS<\/span><\/strong><\/p>\n<p style=\"text-align: justify;\">Queridos amigos y hermanos: Paz<\/p>\n<p style=\"text-align: justify;\">Una voz grita en el desierto que allanemos los caminos, que preparemos el sendero al Se\u00f1or. Ojala, Dios lo quiera, que estemos dispuestos a llenar los barrancos, a rebajar los montes y colinas, a redondear las esquinas; porque \u2013seguro\u2013 que t\u00fa y yo necesitamos de&#8230; <a title=\"ABRAMOS LOS O\u00cdDOS\" href=\"http:\/\/www.parroquiasanmiguelarcangel.es\/web\/la-voz-del-parroco\/voces-anteriores\/abramos-los-oidos\" target=\"_blank\">leer m\u00e1s<\/a>.<\/p>\n<p><\/p>\n<li><u>29 de noviembre de 2009<\/u><\/li>\n<p style=\"text-align: center;\"><strong><span style=\"font-size: large;\">ABRAMOS LOS OJOS<\/span><\/strong><\/p>\n<p style=\"text-align: justify;\">Queridos amigos y hermanos: Paz<\/p>\n<p style=\"text-align: justify;\">Habr\u00e1 se\u00f1ales en el sol, la luna y las estrellas&#8230; Sin duda habr\u00e1 se\u00f1ales de la llegada del Se\u00f1or, de la llegada del Salvador que necesitan nuestras pobres vidas, la tuya y la m\u00eda. Sin duda, habr\u00e1 se\u00f1ales. Lo autenticamente importante para t\u00ed y para m\u00ed y para&#8230; <a title=\"ABRAMOS LOS OJOS\" href=\"http:\/\/www.parroquiasanmiguelarcangel.es\/web\/la-voz-del-parroco\/voces-anteriores\/abramos-los-ojos\" target=\"_blank\">leer m\u00e1s<\/a>.<\/p>\n<p><\/p>\n<li><u>22 de noviembre de 2009<\/u><\/li>\n<p style=\"text-align: center;\"><strong><span style=\"font-size: large;\">ANTE EL ADVIENTO 2009<\/span><\/strong><\/p>\n<p style=\"text-align: justify;\">Queridos amigos y hermanos: Paz, paz<\/p>\n<p style=\"text-align: justify;\">Perm\u00edteme, por favor que te comente que el tiempo lit\u00fargico en el que nos adentramos, me parece, a m\u00ed personalmente, un tiempo muy agradable. Un tiempo en el que, despu\u00e9s de un largo periodo de tiempo ordinario, se nos invita a encontrarnos con la novedad&#8230; <a title=\"ANTE EL ADVIENTO 2009\" href=\"http:\/\/www.parroquiasanmiguelarcangel.es\/web\/la-voz-del-parroco\/voces-anteriores\/ante-el-adviento-2009\" target=\"_blank\">leer m\u00e1s<\/a>.<\/p>\n<p><\/p>\n<li><u>12 de enero de 2009<\/u><\/li>\n<p style=\"text-align: center;\"><strong><span style=\"font-size: large;\">5. LA FAMILIA, FORJADORA DE UNA NUEVA CULTURA<\/span><\/strong><\/p>\n<p style=\"text-align: justify;\">Querido amigo\/a y hermano\/a: Paz<\/p>\n<p style=\"text-align: justify;\">Reci\u00e9n estrenado el tercer milenio de la era cristiana, Juan Pablo II ha destacado la importancia de la Pastoral de la familia en orden a afrontar los desaf\u00edos del nuevo milenio. En su Carta Apost\u00f3lica Tertio&#8230; <a title=\"5. LA FAMILIA, FORJADORA DE UNA NUEVA CULTURA\" href=\"http:\/\/www.parroquiasanmiguelarcangel.es\/web\/la-voz-del-parroco\/voces-anteriores\/5-la-familia-forjadora-de-una-nueva-cultura\" target=\"_blank\">leer m\u00e1s<\/a>.<\/p>\n<p><\/p>\n<li><u>30 de diciembre de 2008<\/u><\/li>\n<p style=\"text-align: center;\"><strong><span style=\"font-size: large;\">4. LA FAMILIA Y LA COMUNIDAD PARROQUIAL<\/span><\/strong><\/p>\n<p style=\"text-align: justify;\">Querido amigo\/a y hermano\/a: Paz<\/p>\n<p style=\"text-align: justify;\">La parroquia es el hogar de la fe. En ella nacemos como cristianos, en ella creemos y nos educamos en la fe; y en ella vivimos la fraternidad y el compromiso cristiano. Pero este <strong>hogar grande<\/strong>, que es la parroquia&#8230; <a title=\"4. LA FAMILIA Y LA COMUNIDAD PARROQUIAL\" href=\"http:\/\/www.parroquiasanmiguelarcangel.es\/web\/la-voz-del-parroco\/voces-anteriores\/4-la-familia-y-la-comunidad-parroquial\" target=\"_blank\">leer m\u00e1s<\/a>.<\/p>\n<p><\/p>\n<li><u>17 de diciembre de 2008<\/u><\/li>\n<p style=\"text-align: center;\"><strong><span style=\"font-size: large;\">3. LA FAMILIA, IGLESIA DOM\u00c9STICA<\/span><\/strong><\/p>\n<p style=\"text-align: justify;\">Querido amigo\/a y hermano\/a: Paz<\/p>\n<p style=\"text-align: justify;\">Dec\u00eda D. Miguel de Unamuno: \u201creconc\u00e9ntrate para irradiar; deja llenarte para que reboses luego, conservando el manantial. Rec\u00f3gete en ti mismo para darte a los dem\u00e1s todo entero e indiviso. Estas frases suponen un buen p\u00f3rtico para presentar la&#8230; <a title=\"3. LA FAMILIA, IGLESIA DOM\u00c9STICA\" href=\"http:\/\/www.parroquiasanmiguelarcangel.es\/web\/la-voz-del-parroco\/voces-anteriores\/3-la-familia-iglesia-domestica\" target=\"_blank\">leer m\u00e1s<\/a>.<\/p>\n<p><\/p>\n<li><u>10 de diciembre de 2008<\/u><\/li>\n<p style=\"text-align: center;\"><strong><span style=\"font-size: large;\">2. DESAF\u00cdOS DE LA FAMILIA<\/span><\/strong><\/p>\n<p style=\"text-align: justify;\">Querido amigo\/a y hermano\/a: Paz<\/p>\n<p style=\"text-align: justify;\">Y siguiendo el tema de la familia, no podemos ignorar \u2013 afirma nuestro Obispo- la realidad que nos rodea, en la que esta hermosa realidad y verdad del matrimonio y la familia <strong>se ve acosada por graves deformaciones y obst\u00e1culos<\/strong>&#8230; <a title=\"2. DESAF\u00cdOS DE LA FAMILIA\" href=\"http:\/\/www.parroquiasanmiguelarcangel.es\/web\/la-voz-del-parroco\/voces-anteriores\/2-desafios-de-la-familia\" target=\"_blank\">leer m\u00e1s<\/a>.<\/p>\n<p><\/p>\n<li><u>05 de diciembre de 2008<\/u><\/li>\n<p style=\"text-align: center;\"><strong><span style=\"font-size: large;\">1. EL PLAN DE DIOS SOBRE LA FAMILIA<\/span><\/strong><\/p>\n<p style=\"text-align: justify;\">Querido amigo\/a y hermano\/a: Paz<\/p>\n<p style=\"text-align: justify;\">En el misterio de la Encarnaci\u00f3n, el Hijo de Dios ha asumido nuestra naturaleza humana de forma que ya nada humano le es extra\u00f1o o ajeno. El pecado no, por supuesto.<br \/>\nY el Hijo de Dios, tomando nuestra carne y&#8230; <a title=\"1. EL PLAN DE DIOS SOBRE LA FAMILIA\" href=\"http:\/\/www.parroquiasanmiguelarcangel.es\/web\/la-voz-del-parroco\/voces-anteriores\/1-el-plan-de-dios-sobre-la-familia\" target=\"_blank\">leer m\u00e1s<\/a>.<\/p>\n<p><\/p>\n<li><u>31 de noviembre de 2008<\/u><\/li>\n<p style=\"text-align: center;\"><strong><span style=\"font-size: large;\">ANTE NUESTRO ADVIENTO<\/span><\/strong><\/p>\n<p style=\"text-align: justify;\">Querido amigo\/a y hermano\/a: Paz<\/p>\n<p style=\"text-align: justify;\">La alianza definitiva de Dios con los hombres y mujeres de este mundo no es fruto de la fantas\u00eda humana. Est\u00e1 ligada a una mujer. Esta mujer se llama MARIA. Esta mujer di\u00f3 a luz un ni\u00f1o que recibe el nombre de Jes\u00fas (Dios-con-nosotros)&#8230; <a title=\"ANTE NUESTRO ADVIENTO\" href=\"http:\/\/www.parroquiasanmiguelarcangel.es\/web\/la-voz-del-parroco\/voces-anteriores\/ante-nuestro-adviento\" target=\"_blank\">leer m\u00e1s<\/a>.<\/p>\n","protected":false},"excerpt":{"rendered":"<p>Enero 2014 UNA SOLA VOZ Y UN SOLO CORAZ\u00d3N En el comienzo y\u2026 en el final del curso, siempre, me agrada dirigirme a Dios pidiendo la UNIDAD y, para ello, [&hellip;]<\/p>\n","protected":false},"author":2,"featured_media":0,"parent":15,"menu_order":0,"comment_status":"closed","ping_status":"closed","template":"","meta":{"_et_pb_use_builder":"","_et_pb_old_content":"","_et_gb_content_width":"","_mc_calendar":[],"footnotes":""},"class_list":["post-544","page","type-page","status-publish","hentry"],"_links":{"self":[{"href":"http:\/\/www.parroquiasanmiguelarcangel.es\/web\/wp-json\/wp\/v2\/pages\/544","targetHints":{"allow":["GET"]}}],"collection":[{"href":"http:\/\/www.parroquiasanmiguelarcangel.es\/web\/wp-json\/wp\/v2\/pages"}],"about":[{"href":"http:\/\/www.parroquiasanmiguelarcangel.es\/web\/wp-json\/wp\/v2\/types\/page"}],"author":[{"embeddable":true,"href":"http:\/\/www.parroquiasanmiguelarcangel.es\/web\/wp-json\/wp\/v2\/users\/2"}],"replies":[{"embeddable":true,"href":"http:\/\/www.parroquiasanmiguelarcangel.es\/web\/wp-json\/wp\/v2\/comments?post=544"}],"version-history":[{"count":34,"href":"http:\/\/www.parroquiasanmiguelarcangel.es\/web\/wp-json\/wp\/v2\/pages\/544\/revisions"}],"predecessor-version":[{"id":3806,"href":"http:\/\/www.parroquiasanmiguelarcangel.es\/web\/wp-json\/wp\/v2\/pages\/544\/revisions\/3806"}],"up":[{"embeddable":true,"href":"http:\/\/www.parroquiasanmiguelarcangel.es\/web\/wp-json\/wp\/v2\/pages\/15"}],"wp:attachment":[{"href":"http:\/\/www.parroquiasanmiguelarcangel.es\/web\/wp-json\/wp\/v2\/media?parent=544"}],"curies":[{"name":"wp","href":"https:\/\/api.w.org\/{rel}","templated":true}]}}