{"id":63,"date":"2008-10-23T16:57:55","date_gmt":"2008-10-23T14:57:55","guid":{"rendered":"http:\/\/www.parroquiasanmiguelarcangel.es\/web\/?page_id=63"},"modified":"2009-06-08T21:54:08","modified_gmt":"2009-06-08T20:54:08","slug":"comunidad-de-asis","status":"publish","type":"page","link":"http:\/\/www.parroquiasanmiguelarcangel.es\/web\/grupos\/comunidad-de-asis","title":{"rendered":"Comunidad de As\u00eds"},"content":{"rendered":"<p><\/p>\n<p style=\"text-align: justify;\">\n<p style=\"text-align:justify;\">&nbsp;&nbsp;&nbsp;As\u00eds es una <strong>comunidad cristiana<\/strong> cuya vocaci\u00f3n principal es la <strong>acogida a personas con una discapacidad ps\u00edquica<\/strong>. Esa acogida se realiza de forma singular en un Hogar, que es el coraz\u00f3n y origen de la Comunidad.<\/p>\n<p style=\"text-align:justify;\">&nbsp;&nbsp;&nbsp;En el Hogar viven acogidos cuatro chicos: <strong>Conchita, Conchi, David y Angel<\/strong>, de edades comprendidas entre los 22 y 45 a\u00f1os,\u00a0 y diferentes grados de discapacidad intelectual; y dos acompa\u00f1antes voluntarios: Cristina, profesora de Religi\u00f3n en un colegio de educaci\u00f3n especial, y Quico, sacerdote diocesano. Las personas est\u00e1n acogidas por diversas circunstancias, que no les permiten vivir habitualmente con su familia. Sin embargo, mantienen sus lazos familiares pasando con ellos parte del fin de semana y peque\u00f1os periodos vacacionales. El resto del tiempo viven en el Hogar. Durante el d\u00eda cada uno asiste a su taller o puesto de trabajo, y por la tarde\/noche conviven juntos como en un hogar cualquiera.<\/p>\n<p style=\"text-align:justify;\">&nbsp;&nbsp;&nbsp;As\u00eds forma parte de la red de comunidades de <strong>Fe y Luz<\/strong>, cuyo esp\u00edritu es el acompa\u00f1amiento a personas con una discapacidad ps\u00edquica y a sus familiares. Nos reunimos los <strong>terceros s\u00e1bados de mes<\/strong> en los locales de nuestra parroquia para celebrar una oraci\u00f3n y tomar algo juntos. Somos un grupo formado por j\u00f3venes, familias con hijos peque\u00f1os, chavales con discapacidad y personas m\u00e1s mayores. Somos en torno a 40 personas de las que unas 15 tienen alguna discapacidad.<\/p>\n<p style=\"text-align:justify;\">&nbsp;&nbsp;&nbsp;<u>Si te sientes llamado a participar en este proyecto, no dudes en venir, las puertas est\u00e1n abiertas<\/u>. Nos reunimos los terceros s\u00e1bados de mes a las 18h.<\/p>\n","protected":false},"excerpt":{"rendered":"<p>&nbsp;&nbsp;&nbsp;As\u00eds es una comunidad cristiana cuya vocaci\u00f3n principal es la acogida a personas con una discapacidad ps\u00edquica. Esa acogida se realiza de forma singular en un Hogar, que es el [&hellip;]<\/p>\n","protected":false},"author":2,"featured_media":0,"parent":31,"menu_order":0,"comment_status":"closed","ping_status":"closed","template":"","meta":{"_et_pb_use_builder":"","_et_pb_old_content":"","_et_gb_content_width":"","_mc_calendar":[],"footnotes":""},"class_list":["post-63","page","type-page","status-publish","hentry"],"_links":{"self":[{"href":"http:\/\/www.parroquiasanmiguelarcangel.es\/web\/wp-json\/wp\/v2\/pages\/63","targetHints":{"allow":["GET"]}}],"collection":[{"href":"http:\/\/www.parroquiasanmiguelarcangel.es\/web\/wp-json\/wp\/v2\/pages"}],"about":[{"href":"http:\/\/www.parroquiasanmiguelarcangel.es\/web\/wp-json\/wp\/v2\/types\/page"}],"author":[{"embeddable":true,"href":"http:\/\/www.parroquiasanmiguelarcangel.es\/web\/wp-json\/wp\/v2\/users\/2"}],"replies":[{"embeddable":true,"href":"http:\/\/www.parroquiasanmiguelarcangel.es\/web\/wp-json\/wp\/v2\/comments?post=63"}],"version-history":[{"count":12,"href":"http:\/\/www.parroquiasanmiguelarcangel.es\/web\/wp-json\/wp\/v2\/pages\/63\/revisions"}],"predecessor-version":[{"id":1049,"href":"http:\/\/www.parroquiasanmiguelarcangel.es\/web\/wp-json\/wp\/v2\/pages\/63\/revisions\/1049"}],"up":[{"embeddable":true,"href":"http:\/\/www.parroquiasanmiguelarcangel.es\/web\/wp-json\/wp\/v2\/pages\/31"}],"wp:attachment":[{"href":"http:\/\/www.parroquiasanmiguelarcangel.es\/web\/wp-json\/wp\/v2\/media?parent=63"}],"curies":[{"name":"wp","href":"https:\/\/api.w.org\/{rel}","templated":true}]}}