{"id":69,"date":"2008-10-23T17:00:25","date_gmt":"2008-10-23T15:00:25","guid":{"rendered":"http:\/\/www.parroquiasanmiguelarcangel.es\/web\/?page_id=69"},"modified":"2008-10-31T11:31:52","modified_gmt":"2008-10-31T09:31:52","slug":"caritas","status":"publish","type":"page","link":"http:\/\/www.parroquiasanmiguelarcangel.es\/web\/grupos\/caritas","title":{"rendered":"Caritas"},"content":{"rendered":"<blockquote>\n<p style=\"text-align: justify;\">\n<\/blockquote>\n<h3>C\u00c1RITAS EN LA PASTORAL DE LA IGLESIA<\/h3>\n<blockquote>\n<p style=\"text-align: justify;\">\n<\/blockquote>\n<p style=\"text-align: justify;\">C\u00e1ritas es el \u00f3rgano oficial de la Iglesia para la acci\u00f3n caritativa y social.<\/p>\n<p style=\"text-align: justify;\">Esta acci\u00f3n, C\u00e1ritas la realiza en cuatro dimensiones:<strong><\/strong><\/p>\n<ul>\n<li><strong>DIMENSI\u00d3N ECLESIAL<\/strong><\/li>\n<\/ul>\n<p style=\"padding-left: 30px; text-align: justify;\"><em>&#8220;Eran constantes en escuchar las ense\u00f1anzas de los Ap\u00f3steles, part\u00edan el pan y com\u00edan juntos; los creyentes viv\u00edan todos unidos y repart\u00edan sus bienes seg\u00fan las necesidades de cada uno&#8221; <\/em>Hch. 2, 44<\/p>\n<p style=\"text-align: justify;\"><strong> <\/strong><\/p>\n<ul>\n<li><strong>DIMENSI\u00d3N EVANGELIZADORA<\/strong><\/li>\n<\/ul>\n<p style=\"padding-left: 30px; text-align: justify;\"><em>\u00bfHas pensado que significa evangelizar a los hombres? Mira, evangelizar a un hombre es decirle: &#8220;T\u00fa tambi\u00e9n eres amado de Dios en el Se\u00f1or Jes\u00fas&#8221; Y no s\u00f3lo dec\u00edrselo, sino pensarlo realmente. Y no s\u00f3lo pensarlo, sino portarse con este hombre de tal manera que sienta y descubra que hay en \u00e9l algo de salvado, algo m\u00e1s grande y m\u00e1s noble de lo que \u00e9l pensaba, y que se despierte as\u00ed a una nueva conciencia de s\u00ed.<\/em><strong><em> <\/em><\/strong>&#8220;Sabidur\u00eda de un pobre&#8221;<\/p>\n<p><strong> <\/strong><\/p>\n<ul>\n<li><strong>DIMENSI\u00d3N PROF\u00c9TICA<\/strong><\/li>\n<\/ul>\n<p style=\"padding-left: 30px; text-align: justify;\">Luchar contra la injusticia, como generadora de pobreza, y luchar por la justicia, colaborando al cambio de las estructuras injustas de la sociedad. Ejercer la caridad, asistiendo a los necesitados que no admiten demora.<\/p>\n<ul>\n<li><strong>DIMENSI\u00d3N UNIVERSAL<\/strong><\/li>\n<\/ul>\n<p style=\"padding-left: 60px;\">&#8211; Exigencia interna<\/p>\n<p style=\"text-align: justify; padding-left: 60px;\">&#8211; Desaf\u00edo hist\u00f3rico<\/p>\n<p style=\"text-align: justify; padding-left: 60px;\">&#8211; Desaf\u00edo cultural<\/p>\n<p style=\"text-align: justify; padding-left: 60px;\">&#8211; Desaf\u00edo ecum\u00e9nico<\/p>\n<p style=\"text-align: justify;\"><em> <\/em><\/p>\n<p style=\"text-align: justify; padding-left: 30px;\">Caritas, como expresi\u00f3n comunitaria del amor preferencial por los pobres, realiza su acci\u00f3n a trav\u00e9s de:<\/p>\n<p style=\"text-align: justify; padding-left: 60px;\">&#8211; C\u00e1ritas parroquial<\/p>\n<p style=\"text-align: justify; padding-left: 60px;\">&#8211; C\u00e1ritas de arciprestazgo<strong> <\/strong><\/p>\n<p style=\"text-align: justify; padding-left: 60px;\">&#8211; C\u00e1ritas de vicar\u00eda<\/p>\n<p style=\"text-align: justify; padding-left: 60px;\">&#8211; C\u00e1ritas\u00a0 diocesana<\/p>\n<p style=\"text-align: justify; padding-left: 60px;\">&#8211; C\u00e1ritas interdiocesana<\/p>\n<p style=\"text-align: justify; padding-left: 60px;\">&#8211; C\u00e1ritas espa\u00f1ola<\/p>\n<p style=\"text-align: justify; padding-left: 60px;\">&#8211; C\u00e1ritas internacional<\/p>\n<p style=\"text-align: justify;\">La acci\u00f3n social de la parroquia de San Miguel la realizamos un n\u00famero de voluntarios\/as repartidos en distintos proyectos. Esta acci\u00f3n nace de nuestra fe en Jesucristo, muerto y resucitado, en quien creemos, y que <em>&#8220;fu\u00e9 enviado por el Padre para anunciar la salvaci\u00f3n a los pobres y levantar a los oprimidos&#8221; <\/em>( Lc 4,18).<\/p>\n<p style=\"text-align: justify; padding-left: 30px;\"><strong>Los sectores de mayor vulnerabilidad:<\/strong><\/p>\n<p style=\"text-align: justify; padding-left: 60px;\">&#8211; Mujeres con cargas familiares no compartidas<\/p>\n<p style=\"text-align: justify; padding-left: 60px;\">&#8211; Inmigrantes<\/p>\n<p style=\"text-align: justify; padding-left: 60px;\">&#8211; Desempleo y empleo precario<\/p>\n<p style=\"text-align: justify; padding-left: 60px;\">&#8211; Mayores<\/p>\n<p style=\"text-align: justify;\">Caritas de San Miguel lleva a\u00f1os intentando dar una respuesta cristiana a estas situaciones; respuesta que se vive:<\/p>\n<ul>\n<li>Al acercarnos al pobre y, con \u00e9l, trabajar por su liberaci\u00f3n y el cumplimiento de sus derechos, de forma que pueda ver el rostro misericordioso de Dios y sentirse amado.<\/li>\n<\/ul>\n<ul>\n<li>Trabajando para ello desde la atenci\u00f3n, la promoci\u00f3n personal y la b\u00fasqueda del cambio de las estructuras de pecado.<\/li>\n<\/ul>\n<p style=\"text-align: justify;\">\n<p style=\"text-align: justify;\">Como ya hemos mencionado, la acci\u00f3n social de la parroquia est\u00e1 estructurada en proyectos:<\/p>\n<p style=\"text-align: justify; padding-left: 30px;\">A. PROYECTO DE ACOGIDA<\/p>\n<p style=\"text-align: justify; padding-left: 30px;\">B. SENSIBILIZACION<\/p>\n<p style=\"text-align: justify; padding-left: 30px;\">C. ALFABETIZACION<\/p>\n<p style=\"text-align: justify; padding-left: 30px;\">D. PROYECTO DE APOYO PSICOSOCIAL A LA MUJER<\/p>\n<p style=\"text-align: justify;\">\n<p style=\"text-align: justify;\"><strong><span style=\"text-decoration: underline;\">A. PROYECTO DE ACOGIDA<\/span><\/strong><\/p>\n<p style=\"text-align: justify;\">Las personas que\u00a0 padecen las carencias: econ\u00f3micas, de salud,\u00a0 soledad, vivienda, trabajo etc. Acuden\u00a0 a la parroquia demandando ayuda urgente. La mayor\u00eda ha pasado ya por servicios sociales p\u00fablico o privados, incluso algunos son enviados por ellos, solicitando a C\u00e1ritas una ayuda.<\/p>\n<p style=\"text-align: justify;\">Su precaria situaci\u00f3n, la deficiente respuesta de\u00a0 los servicios sociales, o la imposibilidad de acceder a ellos, hace que lleguen a C\u00e1ritas esperando o exigiendo una respuesta inmediata a su demanda concreta. De ah\u00ed la importancia de una acogida cordial y comunitaria sobre la que iniciar un proceso de intervenci\u00f3n integral.<\/p>\n<p style=\"text-align: justify;\"><em><strong>\u00bf<\/strong><\/em><strong><em>Qu\u00e9 es la acogida?<\/em><\/strong><\/p>\n<p style=\"text-align: justify; padding-left: 30px;\">&#8211; Es un encuentro que en un ambiente concreto y a trav\u00e9s de la escucha y de la relaci\u00f3n interpersonal establece una serie de relaciones.<\/p>\n<p style=\"text-align: justify; padding-left: 30px;\">&#8211; Es una relaci\u00f3n activa, personalizada que, desde el respeto y la aceptaci\u00f3n, tiene como finalidad compartir, buscar juntos&#8230;<\/p>\n<p style=\"text-align: justify; padding-left: 30px;\">&#8211; Es momento importante en el proceso de integraci\u00f3n de una persona necesitada.<\/p>\n<p style=\"text-align: justify; padding-left: 30px;\">&#8211; Es un servicio que nos permite conocer la realidad social.<\/p>\n<p style=\"text-align: justify;\"><strong><em>Funciones de esta acogida<\/em><\/strong><\/p>\n<p style=\"text-align: justify; padding-left: 30px;\">&#8211; Ofrecer una posibilidad de comunicaci\u00f3n<\/p>\n<p style=\"text-align: justify; padding-left: 30px;\">&#8211; Dar seguridad y fortalecer los aspectos positivos de la persona, detectando sus recursos y capacidades.<\/p>\n<p style=\"text-align: justify; padding-left: 30px;\">&#8211; Disminuir el sufrimiento: toda relaci\u00f3n humana es curativa, es necesario encontrarse con la parte sana.<\/p>\n<p style=\"text-align: justify; padding-left: 30px;\">&#8211; Reforzar la autoestima sin crear expectativas falsas.<\/p>\n<p style=\"text-align: justify; padding-left: 30px;\">&#8211; Ayudar a clarificar el problema.<\/p>\n<p style=\"text-align: justify; padding-left: 30px;\">&#8211; Cambiar de actitud frente al problema, acoger es crear y creer que hay alternativas.<\/p>\n<p style=\"text-align: justify; padding-left: 30px;\">&#8211; Facilitar el acceso a los recursos sociales.<\/p>\n<p style=\"text-align: justify;\">Con este proyecto de acogida queremos conseguir que estas personas, familias y grupos puedan acceder a las condiciones b\u00e1sicas para vivir con dignidad y desde ah\u00ed contribuir al cambio social.<\/p>\n<p style=\"text-align: justify;\">\n<p style=\"text-align: justify;\"><em> <strong>Criterios en las actividades<\/strong><\/em><\/p>\n<p style=\"text-align: justify;\"><strong><em> <\/em><\/strong><\/p>\n<p style=\"text-align: justify; padding-left: 30px;\">&#8211; Contemplar, no solo el problema, sino toda la riqueza de las personas que llegan.<\/p>\n<p style=\"text-align: justify; padding-left: 30px;\">&#8211; Crecer en la capacidad de las personas para afrontar y cambiar su situaci\u00f3n<\/p>\n<p style=\"text-align: justify; padding-left: 30px;\">&#8211; Respetar la intimidad de la persona acogida, creencias y cultura.<\/p>\n<p style=\"text-align: justify; padding-left: 30px;\">&#8211; Aceptar que hay limites, que mis valores no son los suyos, que hay &#8220;pasos atr\u00e1s&#8221;, y que no somos &#8220;salvadores&#8221;.<\/p>\n<p style=\"text-align: justify; padding-left: 30px;\">\n<p style=\"text-align: justify;\"><strong><em>Actividades <\/em><\/strong><\/p>\n<ol>\n<li>1\u00aa Entrevista ( mi\u00e9rcoles de 17-20h de Septiembre a Julio<\/li>\n<li>Acompa\u00f1amiento\u00a0 ( Depende de lo que \u00e9ste demande)<\/li>\n<li>Ayudas econ\u00f3micas ( vinculadas al acompa\u00f1amiento)<\/li>\n<li>Ayuda de alimentos ( mi\u00e9rcoles de 17-20h de Septiembre a Julio )<\/li>\n<li>Asesoramiento jur\u00eddico ( mi\u00e9rcoles de 21-22h previa cita, de Setiembre a Julio)<\/li>\n<li>Cuidados de pies ( martes de 18-20h de septiembre a \u00a0junio )<\/li>\n<\/ol>\n<p style=\"text-align: justify;\">\n<p style=\"text-align: justify;\"><strong><span style=\"text-decoration: underline;\">B. PROYECTO DE SENSIBILIZACI\u00d3N<\/span><\/strong><\/p>\n<p style=\"text-align: justify;\">Este proyecto nace de la urgencia y de la necesidad de ser cada d\u00eda m\u00e1s, testigos y expresi\u00f3n del amor misericordioso, que Dios tiene para todas las personas pobres y con carencias de nuestro barrio.<\/p>\n<p style=\"text-align: justify;\">Con este proyecto queremos conseguir, de la comunidad parroquial, amar y servir a nuestros hermanos, cada d\u00eda m\u00e1s y mejor, e invitar a las personas m\u00e1s sensibilizadas a comprometerse en este servicio a trav\u00e9s del voluntariado de C\u00e1ritas de S. Miguel.<\/p>\n<p style=\"text-align: justify;\">\n<p style=\"text-align: justify;\"><em><strong>Las l\u00edneas de acci\u00f3n en este proyecto son:<\/strong><\/em><\/p>\n<p style=\"text-align: justify;\"><strong><span style=\"text-decoration: underline;\"> <\/span><\/strong><\/p>\n<p style=\"text-align: justify; padding-left: 30px;\">&#8211; En el \u00e1mbito personal, procurar que todos los voluntarios\/as tengan asegurado un espacio para la formaci\u00f3n y para la oraci\u00f3n com\u00fan.<\/p>\n<p style=\"text-align: justify; padding-left: 30px;\">&#8211; Adem\u00e1s de la reuni\u00f3n mensual del grupo o los cursos de formaci\u00f3n de C\u00e1ritas, se procura que todos los voluntarios \/as reciban\u00a0 y compartan alg\u00fan tipo de formaci\u00f3n.<\/p>\n<p style=\"text-align: justify; padding-left: 30px;\">&#8211; En el \u00e1mbito Parroquial, haciendo que todos los Grupos de la Parroquia, sin abandonar sus actividades, se sientan implicados y hagan como suyas todas nuestras actuaciones caritativas .<\/p>\n<p style=\"text-align: justify; padding-left: 30px;\">&#8211; En el entorno de las gentes de buena voluntad de nuestro barrio, posibilitando cauces de participaci\u00f3n.<\/p>\n<p style=\"text-align: justify;\"><strong><em>Actividades <\/em><\/strong><\/p>\n<ul>\n<li>Campa\u00f1as de C\u00e1ritas:<\/li>\n<\/ul>\n<p style=\"text-align: justify; padding-left: 60px;\">&#8211; Sin techo<\/p>\n<p style=\"text-align: justify; padding-left: 60px;\">&#8211; Navidad<\/p>\n<p style=\"text-align: justify; padding-left: 60px;\">&#8211; Corpus Christi<\/p>\n<p style=\"text-align: justify; padding-left: 60px;\">&#8211; Paro<\/p>\n<ul>\n<li>Convocatorias para colaboraci\u00f3n en actividades concretas.<\/li>\n<\/ul>\n<ul>\n<li>Crear una &#8220;bolsa de benefactores&#8221; o &#8220;samaritanos&#8221; que sean como la &#8220;mano tendida&#8221; que saca del apuro y atiende la necesidad concreta del hermano cuando se presenta. Mantendr\u00edamos informado al benefactor, siempre que lo solicite, la necesidad que ha remediado.<\/li>\n<\/ul>\n<p style=\"text-align: justify;\"><strong><span style=\"text-decoration: underline;\"> <\/span><\/strong><\/p>\n<p style=\"text-align: justify;\"><strong><span style=\"text-decoration: underline;\"> <\/span><\/strong><\/p>\n<p style=\"text-align: justify;\"><strong><span style=\"text-decoration: underline;\">C. PROYECTO DE ALFABETIZACION <\/span><\/strong><\/p>\n<p style=\"text-align: justify;\"><strong><span style=\"text-decoration: underline;\"> <\/span><\/strong><\/p>\n<p style=\"text-align: justify;\"><strong><span style=\"text-decoration: underline;\"> <\/span><\/strong><\/p>\n<p style=\"text-align: justify;\">Una de las dificultades de los \/as inmigrantes para la integraci\u00f3n social y laboral es su dificultad de relaci\u00f3n, debido al idioma. Muchos de ellos \/as\u00a0 han logrado comprenderlo e incluso hablarlo, pero no saben ni leer ni escribir. Otros ni siquiera lo hablan, por lo que sus posibilidades de encontrar trabajo quedan muy reducidas.<\/p>\n<p style=\"text-align: justify;\">Entendemos, por tanto, que la alfabetizaci\u00f3n es algo imprescindible para la promoci\u00f3n e integraci\u00f3n del inmigrante.<\/p>\n<p style=\"text-align: justify;\">Las clases se dan lo mi\u00e9rcoles y jueves de 6-8 de septiembre a julio.<\/p>\n<p style=\"text-align: justify;\">\n","protected":false},"excerpt":{"rendered":"<p>C\u00c1RITAS EN LA PASTORAL DE LA IGLESIA C\u00e1ritas es el \u00f3rgano oficial de la Iglesia para la acci\u00f3n caritativa y social. Esta acci\u00f3n, C\u00e1ritas la realiza en cuatro dimensiones: DIMENSI\u00d3N [&hellip;]<\/p>\n","protected":false},"author":2,"featured_media":0,"parent":31,"menu_order":0,"comment_status":"closed","ping_status":"closed","template":"","meta":{"_et_pb_use_builder":"","_et_pb_old_content":"","_et_gb_content_width":"","_mc_calendar":[],"footnotes":""},"class_list":["post-69","page","type-page","status-publish","hentry"],"_links":{"self":[{"href":"http:\/\/www.parroquiasanmiguelarcangel.es\/web\/wp-json\/wp\/v2\/pages\/69","targetHints":{"allow":["GET"]}}],"collection":[{"href":"http:\/\/www.parroquiasanmiguelarcangel.es\/web\/wp-json\/wp\/v2\/pages"}],"about":[{"href":"http:\/\/www.parroquiasanmiguelarcangel.es\/web\/wp-json\/wp\/v2\/types\/page"}],"author":[{"embeddable":true,"href":"http:\/\/www.parroquiasanmiguelarcangel.es\/web\/wp-json\/wp\/v2\/users\/2"}],"replies":[{"embeddable":true,"href":"http:\/\/www.parroquiasanmiguelarcangel.es\/web\/wp-json\/wp\/v2\/comments?post=69"}],"version-history":[{"count":13,"href":"http:\/\/www.parroquiasanmiguelarcangel.es\/web\/wp-json\/wp\/v2\/pages\/69\/revisions"}],"predecessor-version":[{"id":110,"href":"http:\/\/www.parroquiasanmiguelarcangel.es\/web\/wp-json\/wp\/v2\/pages\/69\/revisions\/110"}],"up":[{"embeddable":true,"href":"http:\/\/www.parroquiasanmiguelarcangel.es\/web\/wp-json\/wp\/v2\/pages\/31"}],"wp:attachment":[{"href":"http:\/\/www.parroquiasanmiguelarcangel.es\/web\/wp-json\/wp\/v2\/media?parent=69"}],"curies":[{"name":"wp","href":"https:\/\/api.w.org\/{rel}","templated":true}]}}