{"id":712,"date":"2009-03-15T10:47:06","date_gmt":"2009-03-15T09:47:06","guid":{"rendered":"http:\/\/www.parroquiasanmiguelarcangel.es\/web\/?page_id=712"},"modified":"2023-02-06T23:06:26","modified_gmt":"2023-02-06T22:06:26","slug":"acampada-de-fin-de-curso","status":"publish","type":"page","link":"http:\/\/www.parroquiasanmiguelarcangel.es\/web\/fotos\/acampada-de-fin-de-curso","title":{"rendered":"Colonias de Iniciaci\u00f3n"},"content":{"rendered":"<p style=\"text-align: right;\"><a href=\"http:\/\/www.parroquiasanmiguelarcangel.es\/web\/fotos\"><span style=\"color: #b00e00;\"><strong>Volver a Galer\u00eda de Fotos &gt;&gt;<\/strong><\/span><\/a><\/p>\n<p><a href=\"https:\/\/www.flickr.com\/photos\/29361954@N03\/52664859815\/in\/album-72177720305711017\/\">2016. Navas de Riofr\u00edo<\/a><\/p>\n<p><a href=\"https:\/\/www.flickr.com\/photos\/29361954@N03\/sets\/72157649166633090\/show\/\" target=\"_blank\" rel=\"noopener\">2014. Navas de Riofr\u00edo<\/a><\/p>\n<p><a href=\"https:\/\/www.flickr.com\/photos\/29361954@N03\/sets\/72157649166633090\/show\/\" target=\"_blank\" rel=\"noopener\">2013. Navas de Riofr\u00edo<\/a><\/p>\n<p style=\"text-align: left;\"><a href=\"http:\/\/www.flickr.com\/photos\/29361954@N03\/sets\/72157632008588553\/show\/\" target=\"_blank\" rel=\"noopener\">2012. Navas de Riofr\u00edo<\/a><\/p>\n<p><a href=\"http:\/\/www.flickr.com\/photos\/29361954@N03\/sets\/72157627686964275\/show\/\" target=\"_blank\" rel=\"noopener\">2011. Navas de Riofr\u00edo<\/a><\/p>\n<p><a href=\"http:\/\/www.flickr.com\/photos\/29361954@N03\/sets\/72157624397202740\/show\/\" target=\"_blank\" rel=\"noopener\">2010. Miraflores de la Sierra<\/a><\/p>\n<p><a href=\"http:\/\/www.flickr.com\/photos\/29361954@N03\/sets\/72157622068886300\/show\/\" target=\"_blank\" rel=\"noopener\">2009. Miraflores de la Sierra<\/a><\/p>\n<p><a href=\"http:\/\/www.flickr.com\/photos\/29361954@N03\/sets\/72157607126532287\/show\" target=\"_blank\" rel=\"noopener\">2008. Rozas de Puerto Real<\/a><\/p>\n<p><a href=\"http:\/\/www.flickr.com\/photos\/29361954@N03\/sets\/72157607125458623\/show\" target=\"_blank\" rel=\"noopener\">2007. Cubas de la Sagra<\/a><\/p>\n<p style=\"padding-left: 60px;\">\n","protected":false},"excerpt":{"rendered":"<p>Volver a Galer\u00eda de Fotos &gt;&gt; 2016. Navas de Riofr\u00edo 2014. Navas de Riofr\u00edo 2013. Navas de Riofr\u00edo 2012. Navas de Riofr\u00edo 2011. Navas de Riofr\u00edo 2010. Miraflores de la [&hellip;]<\/p>\n","protected":false},"author":2,"featured_media":0,"parent":72,"menu_order":0,"comment_status":"closed","ping_status":"closed","template":"","meta":{"_et_pb_use_builder":"","_et_pb_old_content":"","_et_gb_content_width":"","_mc_calendar":[],"footnotes":""},"class_list":["post-712","page","type-page","status-publish","hentry"],"_links":{"self":[{"href":"http:\/\/www.parroquiasanmiguelarcangel.es\/web\/wp-json\/wp\/v2\/pages\/712","targetHints":{"allow":["GET"]}}],"collection":[{"href":"http:\/\/www.parroquiasanmiguelarcangel.es\/web\/wp-json\/wp\/v2\/pages"}],"about":[{"href":"http:\/\/www.parroquiasanmiguelarcangel.es\/web\/wp-json\/wp\/v2\/types\/page"}],"author":[{"embeddable":true,"href":"http:\/\/www.parroquiasanmiguelarcangel.es\/web\/wp-json\/wp\/v2\/users\/2"}],"replies":[{"embeddable":true,"href":"http:\/\/www.parroquiasanmiguelarcangel.es\/web\/wp-json\/wp\/v2\/comments?post=712"}],"version-history":[{"count":22,"href":"http:\/\/www.parroquiasanmiguelarcangel.es\/web\/wp-json\/wp\/v2\/pages\/712\/revisions"}],"predecessor-version":[{"id":4599,"href":"http:\/\/www.parroquiasanmiguelarcangel.es\/web\/wp-json\/wp\/v2\/pages\/712\/revisions\/4599"}],"up":[{"embeddable":true,"href":"http:\/\/www.parroquiasanmiguelarcangel.es\/web\/wp-json\/wp\/v2\/pages\/72"}],"wp:attachment":[{"href":"http:\/\/www.parroquiasanmiguelarcangel.es\/web\/wp-json\/wp\/v2\/media?parent=712"}],"curies":[{"name":"wp","href":"https:\/\/api.w.org\/{rel}","templated":true}]}}