{"id":715,"date":"2009-03-15T12:29:28","date_gmt":"2009-03-15T11:29:28","guid":{"rendered":"http:\/\/www.parroquiasanmiguelarcangel.es\/web\/?page_id=715"},"modified":"2015-02-22T23:09:44","modified_gmt":"2015-02-22T22:09:44","slug":"peregrinaciones-y-actividades-del-verano","status":"publish","type":"page","link":"http:\/\/www.parroquiasanmiguelarcangel.es\/web\/fotos\/peregrinaciones-y-actividades-del-verano","title":{"rendered":"Peregrinaciones y actividades del verano"},"content":{"rendered":"<p><\/p>\n<p style=\"text-align: right;\"><a href=\"http:\/\/www.parroquiasanmiguelarcangel.es\/web\/fotos\"><span style=\"color:#b00e00;\"><strong>Volver a Galer\u00eda de Fotos >><\/strong><\/span><\/a><\/p>\n<p style=\"padding-left: 60px;\"><span style=\"text-decoration: underline;\">2014<\/span><\/p>\n<p style=\"padding-left: 90px;\"><a href=\"https:\/\/www.flickr.com\/photos\/29361954@N03\/sets\/72157649091680008\/show\" target=\"_blank\">Peregrinaci\u00f3n de la Providencia Verano 2014<\/a>&nbsp;&nbsp;&nbsp;&nbsp;<img loading=\"lazy\" decoding=\"async\" src=\"http:\/\/www.parroquiasanmiguelarcangel.es\/web\/wp-content\/uploads\/2008\/11\/logo-nuevo-new.jpg\" alt=\"\" width=\"70\" height=\"20\" align=\"middle\" \/><\/p>\n<p style=\"padding-left: 90px;\"><a href=\"https:\/\/www.flickr.com\/photos\/29361954@N03\/sets\/72157647261549957\/show\" target=\"_blank\">Camino de Santiago 2014<\/a>&nbsp;&nbsp;&nbsp;&nbsp;<img loading=\"lazy\" decoding=\"async\" src=\"http:\/\/www.parroquiasanmiguelarcangel.es\/web\/wp-content\/uploads\/2008\/11\/logo-nuevo-new.jpg\" alt=\"\" width=\"70\" height=\"20\" align=\"middle\" \/><\/p>\n<p style=\"padding-left: 60px;\"><span style=\"text-decoration: underline;\">2013<\/span><\/p>\n<p style=\"padding-left: 90px;\"><a href=\" https:\/\/www.flickr.com\/photos\/29361954@N03\/sets\/72157649481564805\/show\/\" target=\"_blank\">Peregrinaci\u00f3n de la Providencia Diciembre 2013<\/a><\/p>\n<p style=\"padding-left: 90px;\"><a href=\" https:\/\/www.flickr.com\/photos\/29361954@N03\/sets\/72157649059884537\/show\/\" target=\"_blank\">Peregrinaci\u00f3n de la Providencia Verano 2013<\/a><\/p>\n<p style=\"padding-left: 90px;\"><a href=\" http:\/\/www.flickr.com\/photos\/29361954@N03\/sets\/72157640830912874\/show\" target=\"_blank\">Festival Anuncio 2013<\/a><\/p>\n<p style=\"padding-left: 60px;\"><span style=\"text-decoration: underline;\">2012<\/span><\/p>\n<p style=\"padding-left: 90px;\"><a href=\" http:\/\/www.flickr.com\/photos\/29361954@N03\/sets\/72157632965900224\/show\/\" target=\"_blank\">Peregrinaci\u00f3n de la Providencia Italia 2012<\/a><\/p>\n<p style=\"padding-left: 90px;\"><a href=\" http:\/\/www.flickr.com\/photos\/29361954@N03\/sets\/72157632961630929\/show\/\" target=\"_blank\">Ceuta 2012<\/a><\/p>\n<p style=\"padding-left: 60px;\"><span style=\"text-decoration: underline;\">2011<\/span><\/p>\n<p style=\"padding-left: 90px;\"><a href=\"http:\/\/www.flickr.com\/photos\/29361954@N03\/sets\/72157627699116931\/show\" target=\"_blank\">Tierra Santa 2011<\/a><\/p>\n<p style=\"padding-left: 90px;\"><a href=\"http:\/\/www.flickr.com\/photos\/29361954@N03\/sets\/72157627508404598\/show\" target=\"_blank\">JMJ Madrid 2011<\/a><\/p>\n<p style=\"padding-left: 60px;\"><span style=\"text-decoration: underline;\">2010<\/span><\/p>\n<p style=\"padding-left: 90px;\"><a href=\"http:\/\/www.flickr.com\/photos\/29361954@N03\/sets\/72157624955689806\/show\" target=\"_blank\">Misi\u00f3n en Bolivia 2010<\/a><\/p>\n<p style=\"padding-left: 90px;\"><a href=\"http:\/\/www.flickr.com\/photos\/29361954@N03\/sets\/72157624590559883\/show\" target=\"_blank\">Camino de Santiago 2010<\/a><\/p>\n<p style=\"padding-left: 60px;\"><span style=\"text-decoration: underline;\">2009<\/span><\/p>\n<p style=\"padding-left: 90px;\"><a href=\"http:\/\/www.flickr.com\/photos\/29361954@N03\/sets\/72157622176010838\/show\" target=\"_blank\">Misi\u00f3n en Bolivia 2009<\/a><\/p>\n<p style=\"padding-left: 90px;\"><a href=\"http:\/\/www.flickr.com\/photos\/29361954@N03\/sets\/72157621961859262\/show\" target=\"_blank\">Acogida peregrinos italianos<\/a><\/p>\n<p style=\"padding-left: 90px;\"><a href=\"http:\/\/www.flickr.com\/photos\/29361954@N03\/sets\/72157621937074780\/show\" target=\"_blank\">Carri\u00f3n de los Condes: Una Iglesia para la Misi\u00f3n<\/a><\/p>\n<p style=\"padding-left: 60px;\"><span style=\"text-decoration: underline;\">2008<\/span><\/p>\n<p style=\"padding-left: 90px;\"><a href=\"http:\/\/www.flickr.com\/photos\/29361954@N03\/sets\/72157607978240234\/show\" target=\"_blank\">Campo de Trabajo en Zaragoza<\/a><\/p>\n<p style=\"padding-left: 90px;\"><a href=\"http:\/\/www.flickr.com\/photos\/29361954@N03\/sets\/72157607820452611\/show\" target=\"_blank\">Misi\u00f3n Popular en Alhama<\/a><\/p>\n<p style=\"padding-left: 90px;\"><a href=\"http:\/\/www.flickr.com\/photos\/29361954@N03\/sets\/72157607869262816\/show\" target=\"_blank\">Misiones en Bolivia<\/a><\/p>\n<p style=\"padding-left: 60px;\"><span style=\"text-decoration: underline;\">2007<\/span><\/p>\n<p style=\"padding-left: 90px;\"><a href=\"http:\/\/www.flickr.com\/photos\/29361954@N03\/sets\/72157607133190153\/show\" target=\"_blank\">Lourdes-Ars-Taiz\u00e9<\/a><\/p>\n<p style=\"padding-left: 90px;\"><a href=\"http:\/\/www.flickr.com\/photos\/29361954@N03\/sets\/72157607160751577\/show\" target=\"_blank\">Misi\u00f3n Joven Roma<\/a><\/p>\n<p style=\"padding-left: 60px;\"><span style=\"text-decoration: underline;\">2006<\/span><\/p>\n<p style=\"padding-left: 90px;\"><a href=\"http:\/\/www.flickr.com\/photos\/29361954@N03\/sets\/72157607079823147\/show\" target=\"_blank\">As\u00eds y Roma<\/a><\/p>\n<p style=\"padding-left: 60px;\"><span style=\"text-decoration: underline;\">2005<\/span><\/p>\n<p style=\"padding-left: 90px;\"><a href=\"http:\/\/www.flickr.com\/photos\/29361954@N03\/sets\/72157607051005904\/show\" target=\"_blank\">JMJ Colonia<\/a><\/p>\n<p style=\"padding-left: 90px;\">Campo de Trabajo Villimar<\/p>\n<p style=\"padding-left: 60px;\"><span style=\"text-decoration: underline;\">2004<\/span><\/p>\n<p style=\"padding-left: 90px;\"><a href=\"http:\/\/www.flickr.com\/photos\/29361954@N03\/sets\/72157607093196461\/show\" target=\"_blank\">Camino de Santiago<\/a><\/p>\n<p style=\"padding-left: 60px;\"><span style=\"text-decoration: underline;\"> <\/span><\/p>\n<p style=\"padding-left: 60px;\"><span style=\"text-decoration: underline;\">1999<\/span><\/p>\n<p style=\"padding-left: 90px;\"><a href=\"http:\/\/www.flickr.com\/photos\/29361954@N03\/sets\/72157607079722957\/show\" target=\"_blank\">Camino de Santiago<\/a><\/p>\n<p><\/p>\n","protected":false},"excerpt":{"rendered":"<p>Volver a Galer\u00eda de Fotos >> 2014 Peregrinaci\u00f3n de la Providencia Verano 2014&nbsp;&nbsp;&nbsp;&nbsp; Camino de Santiago 2014&nbsp;&nbsp;&nbsp;&nbsp; 2013 Peregrinaci\u00f3n de la Providencia Diciembre 2013 Peregrinaci\u00f3n de la Providencia Verano 2013 [&hellip;]<\/p>\n","protected":false},"author":2,"featured_media":0,"parent":72,"menu_order":0,"comment_status":"closed","ping_status":"closed","template":"","meta":{"_et_pb_use_builder":"","_et_pb_old_content":"","_et_gb_content_width":"","_mc_calendar":[],"footnotes":""},"class_list":["post-715","page","type-page","status-publish","hentry"],"_links":{"self":[{"href":"http:\/\/www.parroquiasanmiguelarcangel.es\/web\/wp-json\/wp\/v2\/pages\/715","targetHints":{"allow":["GET"]}}],"collection":[{"href":"http:\/\/www.parroquiasanmiguelarcangel.es\/web\/wp-json\/wp\/v2\/pages"}],"about":[{"href":"http:\/\/www.parroquiasanmiguelarcangel.es\/web\/wp-json\/wp\/v2\/types\/page"}],"author":[{"embeddable":true,"href":"http:\/\/www.parroquiasanmiguelarcangel.es\/web\/wp-json\/wp\/v2\/users\/2"}],"replies":[{"embeddable":true,"href":"http:\/\/www.parroquiasanmiguelarcangel.es\/web\/wp-json\/wp\/v2\/comments?post=715"}],"version-history":[{"count":37,"href":"http:\/\/www.parroquiasanmiguelarcangel.es\/web\/wp-json\/wp\/v2\/pages\/715\/revisions"}],"predecessor-version":[{"id":4213,"href":"http:\/\/www.parroquiasanmiguelarcangel.es\/web\/wp-json\/wp\/v2\/pages\/715\/revisions\/4213"}],"up":[{"embeddable":true,"href":"http:\/\/www.parroquiasanmiguelarcangel.es\/web\/wp-json\/wp\/v2\/pages\/72"}],"wp:attachment":[{"href":"http:\/\/www.parroquiasanmiguelarcangel.es\/web\/wp-json\/wp\/v2\/media?parent=715"}],"curies":[{"name":"wp","href":"https:\/\/api.w.org\/{rel}","templated":true}]}}