{"id":738,"date":"2009-03-15T12:42:12","date_gmt":"2009-03-15T11:42:12","guid":{"rendered":"http:\/\/www.parroquiasanmiguelarcangel.es\/web\/fotos\/738"},"modified":"2012-09-02T21:07:15","modified_gmt":"2012-09-02T20:07:15","slug":"juveniles","status":"publish","type":"page","link":"http:\/\/www.parroquiasanmiguelarcangel.es\/web\/fotos\/juveniles","title":{"rendered":"Juveniles"},"content":{"rendered":"<p><\/p>\n<p style=\"text-align: right;\"><a href=\"http:\/\/www.parroquiasanmiguelarcangel.es\/web\/fotos\"><span style=\"color:#b00e00;\"><strong>Volver a Galer\u00eda de Fotos >><\/strong><\/span><\/a><\/p>\n<p style=\"padding-left: 60px;\"><span style=\"text-decoration: underline;\">2011-2012<\/span><\/p>\n<p style=\"padding-left: 90px;\"><a href=\"http:\/\/www.flickr.com\/photos\/29361954@N03\/sets\/72157628849872447\/show\/\" target=\"_blank\">Encuentro Diocesano de Ni\u00f1os<\/a><\/span><\/p>\n<p style=\"padding-left: 60px;\"><span style=\"text-decoration: underline;\">2008-2009<\/span><\/p>\n<p style=\"padding-left: 90px;\"><a href=\"http:\/\/www.flickr.com\/photos\/29361954@N03\/sets\/72157622019161777\/show\/\" target=\"_blank\">Shem\u00e1<\/a><\/span><\/p>\n<p style=\"padding-left: 60px;\"><span style=\"text-decoration: underline;\">2007-2008<\/span><\/p>\n<p style=\"padding-left: 90px;\"><a href=\"http:\/\/www.flickr.com\/photos\/29361954@N03\/sets\/72157607106273503\/show\" target=\"_blank\">Excursi\u00f3n principio de curso<\/a><\/p>\n<p style=\"padding-left: 90px;\"><a href=\"http:\/\/www.flickr.com\/photos\/29361954@N03\/sets\/72157607230863901\/show\" target=\"_blank\">Shem\u00e1<\/a><\/p>\n<p style=\"padding-left: 90px;\"><a href=\"http:\/\/www.flickr.com\/photos\/29361954@N03\/sets\/72157607320162018\/show\" target=\"_blank\">Fiesta de Navidad<\/a><\/p>\n<p style=\"padding-left: 60px;\"><span style=\"text-decoration: underline;\">2006-2007<\/span><\/p>\n<p style=\"padding-left: 90px;\"><a href=\"http:\/\/www.flickr.com\/photos\/29361954@N03\/sets\/72157607230906343\/show\" target=\"_blank\">Excursi\u00f3n principio de curso<\/a><\/p>\n<p style=\"padding-left: 90px;\"><a href=\"http:\/\/www.flickr.com\/photos\/29361954@N03\/sets\/72157607230310065\/show\" target=\"_blank\">Shem\u00e1<\/a><\/p>\n<p style=\"padding-left: 90px;\"><a href=\"http:\/\/www.flickr.com\/photos\/29361954@N03\/sets\/72157607114532281\/show\">II Gymkhana Urbana: Madrid Centro<\/a><\/p>\n<p style=\"padding-left: 90px;\"><a href=\"http:\/\/www.flickr.com\/photos\/29361954@N03\/sets\/72157607097475057\/show%C3%A7\">Fiesta Fin de Curso<\/a><\/p>\n<p style=\"padding-left: 60px;\"><span style=\"text-decoration: underline;\">2005-2006<\/span><\/p>\n<p style=\"padding-left: 90px;\"><a href=\"http:\/\/www.flickr.com\/photos\/29361954@N03\/sets\/72157607114711059\/show\">I Gymkhana Urbana: El Retiro<\/a><\/p>\n<p><\/p>\n","protected":false},"excerpt":{"rendered":"<p>Volver a Galer\u00eda de Fotos >> 2011-2012 Encuentro Diocesano de Ni\u00f1os 2008-2009 Shem\u00e1 2007-2008 Excursi\u00f3n principio de curso Shem\u00e1 Fiesta de Navidad 2006-2007 Excursi\u00f3n principio de curso Shem\u00e1 II Gymkhana [&hellip;]<\/p>\n","protected":false},"author":2,"featured_media":0,"parent":72,"menu_order":0,"comment_status":"closed","ping_status":"closed","template":"","meta":{"_et_pb_use_builder":"","_et_pb_old_content":"","_et_gb_content_width":"","_mc_calendar":[],"footnotes":""},"class_list":["post-738","page","type-page","status-publish","hentry"],"_links":{"self":[{"href":"http:\/\/www.parroquiasanmiguelarcangel.es\/web\/wp-json\/wp\/v2\/pages\/738","targetHints":{"allow":["GET"]}}],"collection":[{"href":"http:\/\/www.parroquiasanmiguelarcangel.es\/web\/wp-json\/wp\/v2\/pages"}],"about":[{"href":"http:\/\/www.parroquiasanmiguelarcangel.es\/web\/wp-json\/wp\/v2\/types\/page"}],"author":[{"embeddable":true,"href":"http:\/\/www.parroquiasanmiguelarcangel.es\/web\/wp-json\/wp\/v2\/users\/2"}],"replies":[{"embeddable":true,"href":"http:\/\/www.parroquiasanmiguelarcangel.es\/web\/wp-json\/wp\/v2\/comments?post=738"}],"version-history":[{"count":13,"href":"http:\/\/www.parroquiasanmiguelarcangel.es\/web\/wp-json\/wp\/v2\/pages\/738\/revisions"}],"predecessor-version":[{"id":4616,"href":"http:\/\/www.parroquiasanmiguelarcangel.es\/web\/wp-json\/wp\/v2\/pages\/738\/revisions\/4616"}],"up":[{"embeddable":true,"href":"http:\/\/www.parroquiasanmiguelarcangel.es\/web\/wp-json\/wp\/v2\/pages\/72"}],"wp:attachment":[{"href":"http:\/\/www.parroquiasanmiguelarcangel.es\/web\/wp-json\/wp\/v2\/media?parent=738"}],"curies":[{"name":"wp","href":"https:\/\/api.w.org\/{rel}","templated":true}]}}