{"id":74,"date":"2008-10-23T23:34:39","date_gmt":"2008-10-23T21:34:39","guid":{"rendered":"http:\/\/www.parroquiasanmiguelarcangel.es\/web\/musica"},"modified":"2009-12-24T23:37:56","modified_gmt":"2009-12-24T22:37:56","slug":"musica","status":"publish","type":"page","link":"http:\/\/www.parroquiasanmiguelarcangel.es\/web\/musica","title":{"rendered":"M\u00fasica"},"content":{"rendered":"<blockquote>\n<p style=\"text-align: justify; padding-left: 30px;\">\n<\/blockquote>\n<ul>\n<li><a href=\"http:\/\/www.parroquiasanmiguelarcangel.es\/web\/musica\/gonzalo-mazarrasa\" target=\"_self\"><span style=\"text-decoration: underline;\"><h8>Discograf\u00eda Gonzalo Mazarrasa<\/h8><\/span><\/a><\/li>\n<p>\n<\/ul>\n<ul>\n<li><span style=\"text-decoration: underline;\"><h8>Cantos de Adoraci\u00f3n<\/h8><\/span><\/li>\n<\/ul>\n<p style=\"padding-left: 30px;\"><strong> <\/strong><\/p>\n<p style=\"padding-left: 60px;\"><strong> <\/strong><a href=\"http:\/\/www.goear.com\/listen.php?v=2a55dd6\">Canci\u00f3n de sanaci\u00f3n (Jes\u00fas Silva)<\/a><\/p>\n<p style=\"padding-left: 60px;\"><a href=\"http:\/\/www.goear.com\/listen.php?v=86fb3b2\">\u00c9l vendr\u00e1 y te salvar\u00e1<\/a><\/p>\n<p style=\"padding-left: 60px;\">Gloria a Dios (Ana Gonz\u00e1lez Caballero)<\/a><\/p>\n<p style=\"padding-left: 60px;\"><a href=\"http:\/\/www.goear.com\/listen.php?v=f0314b5\">Yo tambi\u00e9n tengo sed (Paloma Alonso)<\/a><\/p>\n<p style=\"padding-left: 60px;\"><a href=\"http:\/\/www.goear.com\/listen.php?v=f612e52\">Estoy a la puerta y llamo (Jesed)<\/a><\/p>\n<p style=\"padding-left: 60px;\"><a href=\"http:\/\/www.goear.com\/listen.php?v=9c0cc7b\">Alab\u00e1ndote<\/a><\/p>\n<p style=\"padding-left: 60px;\"><a href=\"http:\/\/www.goear.com\/listen.php?v=8085b78\">Ven y desc\u00e1nsate<\/a><\/p>\n<p style=\"padding-left: 60px;\"><a href=\"http:\/\/www.goear.com\/listen.php?v=fc080ed\">Arranca de mi pecho<\/a><\/p>\n<p style=\"padding-left: 60px;\"><a href=\"http:\/\/www.goear.com\/listen.php?v=ed7a039\">Tuya es la victoria<\/a><\/p>\n<p style=\"padding-left: 60px;\"><a href=\"http:\/\/www.goear.com\/listen.php?v=4308a13\">Ven Esp\u00edritu de Dios<\/a><\/p>\n<p style=\"padding-left: 60px;\"><a href=\"http:\/\/www.goear.com\/listen.php?v=c9d254a\">Yo abrir\u00e9 una puerta<\/a><\/p>\n<p style=\"padding-left: 60px;\"><a href=\"http:\/\/www.goear.com\/listen.php?v=0c93f03\">Curar\u00e9 tu cuerpo herido<\/a><\/p>\n<p style=\"padding-left: 60px;\"><a href=\"http:\/\/www.goear.com\/listen.php?v=d9ef7d8\">S\u00e1name ahora<\/a><\/p>\n<p style=\"padding-left: 60px;\"><a href=\"http:\/\/www.goear.com\/listen.php?v=58db1e5\">Nada nos separar\u00e1<\/a><\/p>\n<p style=\"padding-left: 60px;\"><a href=\"http:\/\/www.goear.com\/listen.php?v=d07c638\">Quiero llenarme de ti<\/a><\/p>\n<p style=\"padding-left: 60px;\"><a href=\"http:\/\/www.goear.com\/listen.php?v=9ea2603\">En mi debilidad<\/a><\/p>\n<p style=\"padding-left: 60px;\"><a href=\"http:\/\/www.goear.com\/listen.php?v=83954a5\">Al nombre de Jes\u00fas<\/a><\/p>\n<p style=\"padding-left: 60px;\"><a href=\"http:\/\/www.goear.com\/listen.php?v=ce0506b\">Mi coraz\u00f3n no es ambicioso<\/a><\/p>\n<p style=\"padding-left: 60px;\"><a href=\"http:\/\/www.goear.com\/listen.php?v=ba0e16e\">Sendas Dios har\u00e1<\/a><\/p>\n<ul>\n<li><span style=\"text-decoration: underline;\"><h8>Virgen Mar\u00eda<\/h8><\/span><\/li>\n<\/ul>\n<p style=\"padding-left: 60px;\"><a href=\"http:\/\/www.goear.com\/listen.php?v=e8ae8b0\">El diario de Mar\u00eda<\/a><\/p>\n<p style=\"padding-left: 60px;\">Ll\u00e9vame pronto contigo (Ana Gonz\u00e1lez Caballero)<\/a><\/p>\n<p style=\"padding-left: 60px;\"><a href=\"http:\/\/www.goear.com\/listen.php?v=bcd5a82\">Mi alma glorifica<\/a><\/p>\n<p style=\"padding-left: 60px;\"><a href=\"http:\/\/www.goear.com\/listen.php?v=3bce716\">Salve Regina<\/a><\/p>\n<ul>\n<li><span style=\"text-decoration: underline;\"><h8>Clarisas de Lerma<\/h8><\/span><\/li>\n<\/ul>\n<p style=\"padding-left: 60px;\">Soy de Cristo<\/a><\/p>\n<p style=\"padding-left: 60px;\">Mi luz toda de ti vendr\u00e1 (Ana Gonz\u00e1lez Caballero)<\/a><\/p>\n<p style=\"padding-left: 60px;\">Qu\u00e9 hermosos son (Ana Gonz\u00e1lez Caballero)<\/a><\/p>\n<p style=\"padding-left: 60px;\">Conozco tu conducta (Ana Gonz\u00e1lez Caballero)<\/a><\/p>\n<p style=\"padding-left: 60px;\">Si conocieras el don de Dios (Ana Gonz\u00e1lez Caballero)<\/a><\/p>\n<p style=\"padding-left: 60px;\">Tarde Te am\u00e9 (Ana Gonz\u00e1lez Caballero)<\/a><\/p>\n<p style=\"padding-left: 60px;\">Ven Se\u00f1or Jes\u00fas (Ana Gonz\u00e1lez Caballero)<\/a><\/p>\n<p style=\"padding-left: 60px;\">Venid a m\u00ed (Ana Gonz\u00e1lez Caballero)<\/a><\/p>\n<p style=\"padding-left: 60px;\">Tengo sed<\/a><\/p>\n<p style=\"padding-left: 60px;\">Mi vida por Cristo<\/a><\/p>\n<p style=\"padding-left: 60px;\">Hasta el fin<\/a><\/p>\n<p style=\"padding-left: 60px;\">Hermanadas<\/a><\/p>\n<p style=\"padding-left: 60px;\">Los diablillos<\/a><\/p>\n<p style=\"padding-left: 60px;\"><a href=\"http:\/\/www.goear.com\/listen.php?v=7f45666\">D\u00e9jame estar contigo<\/a><\/p>\n<ul>\n<li><span style=\"text-decoration: underline;\"><h8>Marcos Witt<\/h8><\/span><\/li>\n<\/ul>\n<p style=\"padding-left: 60px;\"><a href=\"http:\/\/www.goear.com\/listen.php?v=2544eab\">Yo te busco<\/a><\/p>\n<p style=\"padding-left: 60px;\"><a href=\"http:\/\/www.goear.com\/listen.php?v=de99e78\">Enciende una luz<\/a><\/p>\n<ul>\n<li><span style=\"text-decoration: underline;\"><h8>Taiz\u00e9<\/h8><\/span><\/li>\n<\/ul>\n<p style=\"padding-left: 60px;\"><a href=\"http:\/\/www.goear.com\/listen.php?v=74aa5de\">Aleluya<\/a><\/p>\n<p style=\"padding-left: 60px;\"><a href=\"http:\/\/www.goear.com\/listen.php?v=b748f09\">Magnificat<\/a><\/p>\n<ul>\n<li><span style=\"text-decoration: underline;\"><h8>Otras<\/h8><\/span><\/li>\n<\/ul>\n<p style=\"padding-left: 60px;\"><a href=\"http:\/\/www.goear.com\/listen.php?v=fb5702a\">He venido para que viv\u00e1is<\/a><\/p>\n<p style=\"padding-left: 60px;\"><a href=\"http:\/\/www.goear.com\/listen.php?v=cb3aa97\">Preg\u00f3n Pascual<\/a><\/p>\n<p style=\"padding-left: 60px;\"><a href=\"http:\/\/www.goear.com\/listen.php?v=5724edd\">Alleluia<\/a><\/p>\n<p style=\"padding-left: 60px;\"><a href=\"http:\/\/www.goear.com\/listen.php?v=ee1a49e\">Fuente Viva<\/a><\/p>\n<p style=\"padding-left: 60px;\"><a href=\"http:\/\/www.goear.com\/listen.php?v=fae202f\">Luce<\/a><\/p>\n<p style=\"padding-left: 60px;\"><a href=\"http:\/\/www.goear.com\/listen.php?v=8404159\">Nacido para amar<\/a><\/p>\n<p style=\"padding-left: 60px;\"><a href=\"http:\/\/www.goear.com\/listen.php?v=f80cdf1\">El le\u00f3n de la tribu<\/a><\/p>\n<p style=\"padding-left: 60px;\"><a href=\"http:\/\/www.goear.com\/listen.php?v=1becc1d\">Ven y juntos alabemos<\/a><\/p>\n<ul>\n<li><span style=\"text-decoration: underline;\"><h8>Rap (White)<\/h8><\/span><\/li>\n<\/ul>\n<p style=\"padding-left: 60px;\"><a href=\"http:\/\/www.goear.com\/listen.php?v=a5022b4\">Vuestro Dios<\/a><\/p>\n<p style=\"padding-left: 60px;\"><a href=\"http:\/\/www.goear.com\/listen.php?v=6cbf993\">Dios es grande<\/a><\/p>\n<p style=\"padding-left: 60px;\">\n<p style=\"padding-left: 60px;\"><a href=\"http:\/\/www.goear.com\/listen.php?v=cbf5e15\">Ecce Homo<\/a><\/p>\n<p style=\"padding-left: 60px;\"><a href=\"http:\/\/www.goear.com\/listen.php?v=b296c0d\">Gracias<\/a><\/p>\n<p style=\"padding-left: 60px;\">\n<p style=\"padding-left: 60px;\"><a href=\"http:\/\/www.goear.com\/listen.php?v=73bbace\">Hola Inmaculada<\/a><\/p>\n<p style=\"padding-left: 60px;\"><a href=\"http:\/\/www.goear.com\/listen.php?v=79da1ca\">Levanta mi cabeza<\/a><\/p>\n<p style=\"padding-left: 60px;\">\n<p style=\"padding-left: 60px;\"><a href=\"http:\/\/www.goear.com\/listen.php?v=726f2f4\">Lev\u00e1ntate ni\u00f1a<\/a><\/p>\n<p style=\"padding-left: 60px;\"><a href=\"http:\/\/www.goear.com\/listen.php?v=c52fc97\">Luna de primavera<\/a><\/p>\n<p style=\"padding-left: 60px;\"><a href=\"http:\/\/www.goear.com\/listen.php?v=ede5997\">Quiero escribirte<\/a><\/p>\n<p style=\"padding-left: 60px;\"><a href=\"http:\/\/www.goear.com\/listen.php?v=a2dc047\">Vuela<\/a><\/p>\n<p style=\"padding-left: 60px;\">\n<p style=\"padding-left: 60px;\">\n","protected":false},"excerpt":{"rendered":"<p>Discograf\u00eda Gonzalo Mazarrasa Cantos de Adoraci\u00f3n Canci\u00f3n de sanaci\u00f3n (Jes\u00fas Silva) \u00c9l vendr\u00e1 y te salvar\u00e1 Gloria a Dios (Ana Gonz\u00e1lez Caballero) Yo tambi\u00e9n tengo sed (Paloma Alonso) Estoy a [&hellip;]<\/p>\n","protected":false},"author":2,"featured_media":0,"parent":0,"menu_order":0,"comment_status":"closed","ping_status":"closed","template":"","meta":{"_et_pb_use_builder":"","_et_pb_old_content":"","_et_gb_content_width":"","_mc_calendar":[],"footnotes":""},"class_list":["post-74","page","type-page","status-publish","hentry"],"_links":{"self":[{"href":"http:\/\/www.parroquiasanmiguelarcangel.es\/web\/wp-json\/wp\/v2\/pages\/74","targetHints":{"allow":["GET"]}}],"collection":[{"href":"http:\/\/www.parroquiasanmiguelarcangel.es\/web\/wp-json\/wp\/v2\/pages"}],"about":[{"href":"http:\/\/www.parroquiasanmiguelarcangel.es\/web\/wp-json\/wp\/v2\/types\/page"}],"author":[{"embeddable":true,"href":"http:\/\/www.parroquiasanmiguelarcangel.es\/web\/wp-json\/wp\/v2\/users\/2"}],"replies":[{"embeddable":true,"href":"http:\/\/www.parroquiasanmiguelarcangel.es\/web\/wp-json\/wp\/v2\/comments?post=74"}],"version-history":[{"count":56,"href":"http:\/\/www.parroquiasanmiguelarcangel.es\/web\/wp-json\/wp\/v2\/pages\/74\/revisions"}],"predecessor-version":[{"id":1303,"href":"http:\/\/www.parroquiasanmiguelarcangel.es\/web\/wp-json\/wp\/v2\/pages\/74\/revisions\/1303"}],"wp:attachment":[{"href":"http:\/\/www.parroquiasanmiguelarcangel.es\/web\/wp-json\/wp\/v2\/media?parent=74"}],"curies":[{"name":"wp","href":"https:\/\/api.w.org\/{rel}","templated":true}]}}