{"id":754,"date":"2009-03-15T12:50:05","date_gmt":"2009-03-15T11:50:05","guid":{"rendered":"http:\/\/www.parroquiasanmiguelarcangel.es\/web\/?page_id=754"},"modified":"2010-09-26T23:55:54","modified_gmt":"2010-09-26T22:55:54","slug":"mision-joven","status":"publish","type":"page","link":"http:\/\/www.parroquiasanmiguelarcangel.es\/web\/fotos\/mision-joven","title":{"rendered":"Misi\u00f3n Joven"},"content":{"rendered":"<p><\/p>\n<p style=\"text-align: right;\"><a href=\"http:\/\/www.parroquiasanmiguelarcangel.es\/web\/fotos\"><span style=\"color:#b00e00;\"><strong>Volver a Galer\u00eda de Fotos >><\/strong><\/span><\/a><\/p>\n<p style=\"padding-left: 90px;\"><a href=\"http:\/\/www.flickr.com\/photos\/29361954@N03\/sets\/72157607214159228\/show\" target=\"_blank\">Misa de env\u00edo<\/a><\/p>\n<p style=\"padding-left: 60px;\">\n<p style=\"padding-left: 60px;\"><span style=\"text-decoration: underline;\">Carpa San Isidro<\/span><\/p>\n<p style=\"padding-left: 90px;\"><a href=\"http:\/\/www.flickr.com\/photos\/29361954@N03\/sets\/72157624142358578\/show\" target=\"_blank\">2010<\/a><\/p>\n<p style=\"padding-left: 90px;\"><a href=\"http:\/\/www.flickr.com\/photos\/29361954@N03\/sets\/72157618482160613\/show\" target=\"_blank\">2009<\/a><\/p>\n<p style=\"padding-left: 90px;\"><a href=\"http:\/\/www.flickr.com\/photos\/29361954@N03\/sets\/72157607227911256\/show\" target=\"_blank\">2008<\/a><\/p>\n<p style=\"padding-left: 90px;\"><a href=\"http:\/\/www.flickr.com\/photos\/29361954@N03\/sets\/72157607103095190\/show\" target=\"_blank\">2007<\/a><\/p>\n<p style=\"padding-left: 60px;\">\n<p style=\"padding-left: 60px;\"><span style=\"text-decoration: underline;\">Marqu\u00e9s de Vadillo<\/span><\/p>\n<p style=\"padding-left: 90px;\"><a href=\"http:\/\/www.flickr.com\/photos\/29361954@N03\/sets\/72157615866261655\/show\" target=\"_blank\">2009<\/a><\/p>\n<p style=\"padding-left: 90px;\"><a href=\"http:\/\/www.flickr.com\/photos\/29361954@N03\/sets\/72157607218551114\/show\" target=\"_blank\">2008<\/a><\/p>\n<p style=\"padding-left: 90px;\">2007<\/p>\n<p style=\"padding-left: 90px;\">\n<p style=\"padding-left: 60px;\"><span style=\"text-decoration: underline;\">Oraci\u00f3n \u00ab Lo que te importa nos importa \u00bb<\/span><\/p>\n<p style=\"padding-left: 90px;\">2008<\/p>\n<p style=\"padding-left: 90px;\"><a href=\"http:\/\/www.flickr.com\/photos\/29361954@N03\/sets\/72157607226872516\/show\" target=\"_blank\">2007<\/a><\/p>\n<p style=\"padding-left: 60px;\"><span style=\"text-decoration: underline;\">Bendici\u00f3n de Belenes<\/span><\/p>\n<p style=\"padding-left: 90px;\"><a href=\"http:\/\/www.flickr.com\/photos\/29361954@N03\/sets\/72157611557929012\/show\" target=\"_blank\">2008<\/a><\/p>\n<p style=\"padding-left: 60px;\"><span style=\"text-decoration: underline;\">Encuentro de J\u00f3venes de Vicar\u00eda<\/span><\/p>\n<p style=\"padding-left: 90px;\"><a href=\"http:\/\/www.flickr.com\/photos\/29361954@N03\/sets\/72157618569418168\/show\" target=\"_blank\">2009<\/a><\/p>\n<p><\/p>\n","protected":false},"excerpt":{"rendered":"<p>Volver a Galer\u00eda de Fotos >> Misa de env\u00edo Carpa San Isidro 2010 2009 2008 2007 Marqu\u00e9s de Vadillo 2009 2008 2007 Oraci\u00f3n \u00ab Lo que te importa nos importa [&hellip;]<\/p>\n","protected":false},"author":2,"featured_media":0,"parent":72,"menu_order":0,"comment_status":"closed","ping_status":"closed","template":"","meta":{"_et_pb_use_builder":"","_et_pb_old_content":"","_et_gb_content_width":"","_mc_calendar":[],"footnotes":""},"class_list":["post-754","page","type-page","status-publish","hentry"],"_links":{"self":[{"href":"http:\/\/www.parroquiasanmiguelarcangel.es\/web\/wp-json\/wp\/v2\/pages\/754","targetHints":{"allow":["GET"]}}],"collection":[{"href":"http:\/\/www.parroquiasanmiguelarcangel.es\/web\/wp-json\/wp\/v2\/pages"}],"about":[{"href":"http:\/\/www.parroquiasanmiguelarcangel.es\/web\/wp-json\/wp\/v2\/types\/page"}],"author":[{"embeddable":true,"href":"http:\/\/www.parroquiasanmiguelarcangel.es\/web\/wp-json\/wp\/v2\/users\/2"}],"replies":[{"embeddable":true,"href":"http:\/\/www.parroquiasanmiguelarcangel.es\/web\/wp-json\/wp\/v2\/comments?post=754"}],"version-history":[{"count":16,"href":"http:\/\/www.parroquiasanmiguelarcangel.es\/web\/wp-json\/wp\/v2\/pages\/754\/revisions"}],"predecessor-version":[{"id":1945,"href":"http:\/\/www.parroquiasanmiguelarcangel.es\/web\/wp-json\/wp\/v2\/pages\/754\/revisions\/1945"}],"up":[{"embeddable":true,"href":"http:\/\/www.parroquiasanmiguelarcangel.es\/web\/wp-json\/wp\/v2\/pages\/72"}],"wp:attachment":[{"href":"http:\/\/www.parroquiasanmiguelarcangel.es\/web\/wp-json\/wp\/v2\/media?parent=754"}],"curies":[{"name":"wp","href":"https:\/\/api.w.org\/{rel}","templated":true}]}}