{"id":770,"date":"2009-03-15T12:58:04","date_gmt":"2009-03-15T11:58:04","guid":{"rendered":"http:\/\/www.parroquiasanmiguelarcangel.es\/web\/?page_id=770"},"modified":"2010-09-26T23:55:12","modified_gmt":"2010-09-26T22:55:12","slug":"coro","status":"publish","type":"page","link":"http:\/\/www.parroquiasanmiguelarcangel.es\/web\/fotos\/coro","title":{"rendered":"Coro"},"content":{"rendered":"<p><\/p>\n<p style=\"text-align: right;\"><a href=\"http:\/\/www.parroquiasanmiguelarcangel.es\/web\/fotos\"><span style=\"color:#b00e00;\"><strong>Volver a Galer\u00eda de Fotos >><\/strong><\/span><\/a><\/p>\n<p style=\"padding-left: 90px;\"><a href=\"http:\/\/www.flickr.com\/photos\/29361954@N03\/sets\/72157622027965024\/show\" target=\"_blank\">Varios<\/a><\/p>\n<p style=\"padding-left: 90px;\"><a href=\"http:\/\/www.flickr.com\/photos\/29361954@N03\/sets\/72157622867256927\/show\/with\/4181016667\/\" target=\"_blank\">Escuela de Guitarra y Animaci\u00f3n Musical<\/a><\/p>\n<p style=\"padding-left: 90px;\"><a href=\"http:\/\/www.flickr.com\/photos\/29361954@N03\/sets\/72157621943025941\/show\/\" target=\"_blank\">Grabaci\u00f3n Disco Misionero<\/a><\/p>\n","protected":false},"excerpt":{"rendered":"<p>Volver a Galer\u00eda de Fotos >> Varios Escuela de Guitarra y Animaci\u00f3n Musical Grabaci\u00f3n Disco Misionero<\/p>\n","protected":false},"author":2,"featured_media":0,"parent":72,"menu_order":0,"comment_status":"closed","ping_status":"closed","template":"","meta":{"_et_pb_use_builder":"","_et_pb_old_content":"","_et_gb_content_width":"","_mc_calendar":[],"footnotes":""},"class_list":["post-770","page","type-page","status-publish","hentry"],"_links":{"self":[{"href":"http:\/\/www.parroquiasanmiguelarcangel.es\/web\/wp-json\/wp\/v2\/pages\/770","targetHints":{"allow":["GET"]}}],"collection":[{"href":"http:\/\/www.parroquiasanmiguelarcangel.es\/web\/wp-json\/wp\/v2\/pages"}],"about":[{"href":"http:\/\/www.parroquiasanmiguelarcangel.es\/web\/wp-json\/wp\/v2\/types\/page"}],"author":[{"embeddable":true,"href":"http:\/\/www.parroquiasanmiguelarcangel.es\/web\/wp-json\/wp\/v2\/users\/2"}],"replies":[{"embeddable":true,"href":"http:\/\/www.parroquiasanmiguelarcangel.es\/web\/wp-json\/wp\/v2\/comments?post=770"}],"version-history":[{"count":9,"href":"http:\/\/www.parroquiasanmiguelarcangel.es\/web\/wp-json\/wp\/v2\/pages\/770\/revisions"}],"predecessor-version":[{"id":1944,"href":"http:\/\/www.parroquiasanmiguelarcangel.es\/web\/wp-json\/wp\/v2\/pages\/770\/revisions\/1944"}],"up":[{"embeddable":true,"href":"http:\/\/www.parroquiasanmiguelarcangel.es\/web\/wp-json\/wp\/v2\/pages\/72"}],"wp:attachment":[{"href":"http:\/\/www.parroquiasanmiguelarcangel.es\/web\/wp-json\/wp\/v2\/media?parent=770"}],"curies":[{"name":"wp","href":"https:\/\/api.w.org\/{rel}","templated":true}]}}