{"id":172,"date":"2008-10-31T01:12:20","date_gmt":"2008-10-30T23:12:20","guid":{"rendered":"http:\/\/www.parroquiasanmiguelarcangel.es\/web\/?page_id=172"},"modified":"2008-10-31T01:20:16","modified_gmt":"2008-10-30T23:20:16","slug":"acogida","status":"publish","type":"page","link":"https:\/\/www.parroquiasanmiguelarcangel.es\/web\/acogida","title":{"rendered":"Acogida"},"content":{"rendered":"<blockquote>\n<p style=\"text-align: justify;\">\n<\/blockquote>\n<h3 style=\"text-align: center;\"><span style=\"color: #800000;\"><strong>\u00a1\u00a1BIENVENIDO!!<\/strong><\/span><\/h3>\n<p><\/p>\n<p style=\"text-align: justify;\">Si por casualidad has llegado hasta aqu\u00ed, pasa, \u00a1s\u00e9 siempre bienvenido!<\/p>\n<p style=\"text-align: justify;\">Somos un grupo de adultos, j\u00f3venes, mayores y ni\u00f1os del barrio de San Isidro de Madrid, enamorados de Cristo, con grandes deseos de compartir gratis todo aquello que gratis se nos ha regalado.<\/p>\n<p style=\"text-align: justify;\">\u00bfTe gustar\u00eda compartir esta aventura con nosotros, la experiencia de sentirte amado y acogido incondicionalmente? \u00bfTe apasiona el trato con ni\u00f1os y adolescentes, el teatro, la m\u00fasica, la naturaleza y acompa\u00f1ar y luchar en favor de los m\u00e1s necesitados? \u00a1Este puede ser tu lugar!<\/p>\n<p style=\"text-align: justify;\">En la parroquia de San Miguel encontrar\u00e1s personas entusiastas por la vida y el Evangelio, so\u00f1adores de un mundo nuevo.<\/p>\n<p style=\"text-align: justify;\">\u00bfTe has sentido solo alguna vez? La  Iglesia, que es madre y hogar, te abre sus puertas. Siempre existen motivos para sonre\u00edr.\u00a0 Caminar al lado de otros es una alegr\u00eda y privilegio que compartimos en la parroquia. Quiz\u00e1s necesites hablar o confesarte con un sacerdote, conocer gente nueva, o simplemente experimentar la alegr\u00eda de vivir.<\/p>\n<p style=\"text-align: center;\">\u00a1No lo dudes! Te esperamos en la parroquia de San Miguel Arc\u00e1ngel.<\/p>\n<p style=\"text-align: center;\"><strong>\u00a1Cristo tiene sed de ti!<\/strong><\/p>\n<p style=\"text-align: justify;\">\n","protected":false},"excerpt":{"rendered":"<p>\u00a1\u00a1BIENVENIDO!! Si por casualidad has llegado hasta aqu\u00ed, pasa, \u00a1s\u00e9 siempre bienvenido! Somos un grupo de adultos, j\u00f3venes, mayores y ni\u00f1os del barrio de San Isidro de Madrid, enamorados de [&hellip;]<\/p>\n","protected":false},"author":2,"featured_media":0,"parent":0,"menu_order":10,"comment_status":"closed","ping_status":"closed","template":"","meta":{"_et_pb_use_builder":"","_et_pb_old_content":"","_et_gb_content_width":"","_mc_calendar":[],"footnotes":""},"class_list":["post-172","page","type-page","status-publish","hentry"],"_links":{"self":[{"href":"https:\/\/www.parroquiasanmiguelarcangel.es\/web\/wp-json\/wp\/v2\/pages\/172","targetHints":{"allow":["GET"]}}],"collection":[{"href":"https:\/\/www.parroquiasanmiguelarcangel.es\/web\/wp-json\/wp\/v2\/pages"}],"about":[{"href":"https:\/\/www.parroquiasanmiguelarcangel.es\/web\/wp-json\/wp\/v2\/types\/page"}],"author":[{"embeddable":true,"href":"https:\/\/www.parroquiasanmiguelarcangel.es\/web\/wp-json\/wp\/v2\/users\/2"}],"replies":[{"embeddable":true,"href":"https:\/\/www.parroquiasanmiguelarcangel.es\/web\/wp-json\/wp\/v2\/comments?post=172"}],"version-history":[{"count":13,"href":"https:\/\/www.parroquiasanmiguelarcangel.es\/web\/wp-json\/wp\/v2\/pages\/172\/revisions"}],"predecessor-version":[{"id":185,"href":"https:\/\/www.parroquiasanmiguelarcangel.es\/web\/wp-json\/wp\/v2\/pages\/172\/revisions\/185"}],"wp:attachment":[{"href":"https:\/\/www.parroquiasanmiguelarcangel.es\/web\/wp-json\/wp\/v2\/media?parent=172"}],"curies":[{"name":"wp","href":"https:\/\/api.w.org\/{rel}","templated":true}]}}