{"id":4254,"date":"2021-01-20T00:51:55","date_gmt":"2021-01-19T23:51:55","guid":{"rendered":"http:\/\/www.parroquiasanmiguelarcangel.es\/web\/?page_id=4254"},"modified":"2025-11-12T21:52:20","modified_gmt":"2025-11-12T20:52:20","slug":"4254-2","status":"publish","type":"page","link":"https:\/\/www.parroquiasanmiguelarcangel.es\/web\/","title":{"rendered":"Parroquia San Miguel Arc\u00e1ngel"},"content":{"rendered":"<p>[et_pb_section fb_built=&#8221;1&#8243; _builder_version=&#8221;4.16&#8243; _module_preset=&#8221;default&#8221; global_colors_info=&#8221;{}&#8221;][et_pb_row _builder_version=&#8221;4.16&#8243; _module_preset=&#8221;default&#8221; global_colors_info=&#8221;{}&#8221;][et_pb_column type=&#8221;4_4&#8243; _builder_version=&#8221;4.16&#8243; _module_preset=&#8221;default&#8221; hover_enabled=&#8221;0&#8243; global_colors_info=&#8221;{}&#8221; sticky_enabled=&#8221;0&#8243;][et_pb_image src=&#8221;http:\/\/www.parroquiasanmiguelarcangel.es\/web\/wp-content\/uploads\/2025\/11\/banner_san_miguel.png&#8221; title_text=&#8221;banner_san_miguel&#8221; _builder_version=&#8221;4.27.4&#8243; _module_preset=&#8221;default&#8221; hover_enabled=&#8221;0&#8243; global_colors_info=&#8221;{}&#8221; sticky_enabled=&#8221;0&#8243;][\/et_pb_image][\/et_pb_column][\/et_pb_row][\/et_pb_section][et_pb_section fb_built=&#8221;1&#8243; fullwidth=&#8221;on&#8221; _builder_version=&#8221;4.16&#8243; _module_preset=&#8221;default&#8221; background_color=&#8221;#FFFFFF&#8221; global_colors_info=&#8221;{}&#8221;][et_pb_fullwidth_header title=&#8221;Bienvenido a tu parroquia&#8221; _builder_version=&#8221;4.16&#8243; _module_preset=&#8221;default&#8221; global_colors_info=&#8221;{}&#8221;]<\/p>\n<p>Bienvenido a la Parroquia de San Miguel Arc\u00e1ngel.<\/p>\n<p>&nbsp;<\/p>\n<p>[\/et_pb_fullwidth_header][\/et_pb_section][et_pb_section fb_built=&#8221;1&#8243; _builder_version=&#8221;4.16&#8243; _module_preset=&#8221;default&#8221; global_colors_info=&#8221;{}&#8221;][et_pb_row _builder_version=&#8221;4.16&#8243; _module_preset=&#8221;default&#8221; global_colors_info=&#8221;{}&#8221;][et_pb_column type=&#8221;4_4&#8243; _builder_version=&#8221;4.16&#8243; _module_preset=&#8221;default&#8221; global_colors_info=&#8221;{}&#8221;][et_pb_post_slider posts_number=&#8221;3&#8243; include_categories=&#8221;all&#8221; more_text=&#8221;Leerlo completo&#8221; _builder_version=&#8221;4.16&#8243; _module_preset=&#8221;default&#8221; global_colors_info=&#8221;{}&#8221;][\/et_pb_post_slider][\/et_pb_column][\/et_pb_row][\/et_pb_section][et_pb_section fb_built=&#8221;1&#8243; _builder_version=&#8221;4.18.0&#8243; _module_preset=&#8221;default&#8221; global_colors_info=&#8221;{}&#8221;][et_pb_row column_structure=&#8221;1_3,1_3,1_3&#8243; use_custom_gutter=&#8221;on&#8221; gutter_width=&#8221;1&#8243; _builder_version=&#8221;4.18.0&#8243; _module_preset=&#8221;default&#8221; width=&#8221;100%&#8221; max_width=&#8221;100%&#8221; custom_padding=&#8221;0px||0px||false|false&#8221; border_width_top=&#8221;1px&#8221; border_color_top=&#8221;#d3d3d3&#8243; border_width_bottom=&#8221;1px&#8221; border_color_bottom=&#8221;#d3d3d3&#8243; global_colors_info=&#8221;{}&#8221; background__hover_enabled=&#8221;on|hover&#8221;][et_pb_column type=&#8221;1_3&#8243; module_class=&#8221;hover-column&#8221; admin_label=&#8221;FormacionColumn&#8221; _builder_version=&#8221;4.16&#8243; _module_preset=&#8221;default&#8221; use_background_color_gradient=&#8221;on&#8221; background_color_gradient_stops=&#8221;rgba(255,255,255,0) 30%|#000000 100%&#8221; background_color_gradient_overlays_image=&#8221;on&#8221; background_color_gradient_start=&#8221;rgba(255,255,255,0)&#8221; background_color_gradient_start_position=&#8221;30%&#8221; background_color_gradient_end=&#8221;#000000&#8243; global_colors_info=&#8221;{}&#8221; background__hover_enabled=&#8221;on|hover&#8221; background_image__hover=&#8221;http:\/\/www.parroquiasanmiguelarcangel.es\/web\/wp-content\/uploads\/2021\/11\/jesc3bas-te-invita-a-seguirle-e1636846863319-300&#215;260.jpg&#8221; background_enable_image__hover=&#8221;on&#8221;][et_pb_text module_class=&#8221;hover-title&#8221; _builder_version=&#8221;4.16&#8243; _module_preset=&#8221;default&#8221; header_3_font=&#8221;Oswald|200||on|||||&#8221; header_3_font_size=&#8221;3vw&#8221; header_3_letter_spacing=&#8221;-2px&#8221; width=&#8221;44%&#8221; width_tablet=&#8221;48%&#8221; width_phone=&#8221;50%&#8221; width_last_edited=&#8221;on|phone&#8221; module_alignment=&#8221;right&#8221; custom_margin=&#8221;0px||25vh||false|false&#8221; custom_padding=&#8221;5%|7%|5%|7%|false|false&#8221; header_3_font_size_tablet=&#8221;7vw&#8221; header_3_font_size_phone=&#8221;14vw&#8221; header_3_font_size_last_edited=&#8221;on|phone&#8221; border_width_right=&#8221;1px&#8221; border_color_right=&#8221;#d3d3d3&#8243; border_width_bottom=&#8221;1px&#8221; border_color_bottom=&#8221;#d3d3d3&#8243; global_colors_info=&#8221;{}&#8221;]<\/p>\n<h3>Formaci\u00f3n<\/h3>\n<p>[\/et_pb_text][et_pb_text module_class=&#8221;hover-text&#8221; _builder_version=&#8221;4.16&#8243; _module_preset=&#8221;default&#8221; text_font=&#8221;Karla||||||||&#8221; text_text_color=&#8221;#FFFFFF&#8221; text_font_size=&#8221;0.8vw&#8221; text_line_height=&#8221;2.2em&#8221; custom_padding=&#8221;|9%|10%|9%|false|false&#8221; text_font_size_tablet=&#8221;2vw&#8221; text_font_size_phone=&#8221;3.6vw&#8221; text_font_size_last_edited=&#8221;on|desktop&#8221; global_colors_info=&#8221;{}&#8221;]<\/p>\n<p><strong>M\u00e9nsaje de nuestro p\u00e1rroco:<\/strong><\/p>\n<p>El Se\u00f1or nos invita a ser sus disc\u00edpulos. Y para eso necesitamos un tiempo para conocerlo.<\/p>\n<p>Si sacas ese tiempo para \u00c9l, te aseguro que tu modo de vivir la Misa y tu misma vida se llenar\u00e1 de gozo y sentido. Porques es imposible conocer a Cristo y no amarlo, amarlo y no seguirlo.<\/p>\n<p>Por eso, te animo a que puedas participar en alguno de los caminos de formaci\u00f3n y oraci\u00f3n.<\/p>\n<p style=\"text-align: right;\">Miguel \u00c1ngel Torrente<\/p>\n<p>[\/et_pb_text][et_pb_button button_url=&#8221;http:\/\/www.parroquiasanmiguelarcangel.es\/web\/ano-de-san-jose&#8221; button_text=&#8221;Leer m\u00e1s&#8221; module_class=&#8221;hover-button&#8221; _builder_version=&#8221;4.16&#8243; _module_preset=&#8221;default&#8221; custom_button=&#8221;on&#8221; button_text_size=&#8221;1vw&#8221; button_border_width=&#8221;0px&#8221; button_border_radius=&#8221;0px&#8221; button_font=&#8221;Karla||||||||&#8221; button_icon=&#8221;&#x24;||divi||400&#8243; button_icon_placement=&#8221;left&#8221; button_on_hover=&#8221;off&#8221; custom_margin=&#8221;|9%|8%|9%|false|false&#8221; custom_padding=&#8221;|20%|5%||false|false&#8221; button_text_size_tablet=&#8221;2.5vw&#8221; button_text_size_phone=&#8221;4vw&#8221; button_text_size_last_edited=&#8221;on|phone&#8221; box_shadow_style=&#8221;preset4&#8243; box_shadow_horizontal=&#8221;0px&#8221; box_shadow_vertical=&#8221;2px&#8221; box_shadow_color=&#8221;#000000&#8243; global_colors_info=&#8221;{}&#8221; button_text_size__hover_enabled=&#8221;off|desktop&#8221;][\/et_pb_button][\/et_pb_column][et_pb_column type=&#8221;1_3&#8243; module_class=&#8221;hover-column&#8221; admin_label=&#8221;Colabora&#8221; _builder_version=&#8221;4.16&#8243; _module_preset=&#8221;default&#8221; use_background_color_gradient=&#8221;on&#8221; background_color_gradient_stops=&#8221;rgba(255,255,255,0) 30%|#000000 100%&#8221; background_color_gradient_overlays_image=&#8221;on&#8221; background_color_gradient_start=&#8221;rgba(255,255,255,0)&#8221; background_color_gradient_start_position=&#8221;30%&#8221; background_color_gradient_end=&#8221;#000000&#8243; global_colors_info=&#8221;{}&#8221; background__hover_enabled=&#8221;on|hover&#8221; background_image__hover=&#8221;http:\/\/www.parroquiasanmiguelarcangel.es\/web\/wp-content\/uploads\/2021\/11\/hucha-300&#215;300.jpg&#8221; background_enable_image__hover=&#8221;on&#8221;][et_pb_text module_class=&#8221;hover-title&#8221; _builder_version=&#8221;4.16&#8243; _module_preset=&#8221;default&#8221; header_3_font=&#8221;Oswald|200||on|||||&#8221; header_3_font_size=&#8221;3vw&#8221; header_3_letter_spacing=&#8221;-2px&#8221; width=&#8221;44%&#8221; width_tablet=&#8221;48%&#8221; width_phone=&#8221;50%&#8221; width_last_edited=&#8221;on|phone&#8221; module_alignment=&#8221;right&#8221; custom_margin=&#8221;0px||25vh||false|false&#8221; custom_padding=&#8221;5%|7%|5%|7%|false|false&#8221; header_3_font_size_tablet=&#8221;7vw&#8221; header_3_font_size_phone=&#8221;14vw&#8221; header_3_font_size_last_edited=&#8221;on|phone&#8221; border_width_right=&#8221;1px&#8221; border_color_right=&#8221;#d3d3d3&#8243; border_width_bottom=&#8221;1px&#8221; border_color_bottom=&#8221;#d3d3d3&#8243; global_colors_info=&#8221;{}&#8221;]<\/p>\n<h3>Colabora<\/h3>\n<p>[\/et_pb_text][et_pb_text module_class=&#8221;hover-text&#8221; _builder_version=&#8221;4.16&#8243; _module_preset=&#8221;default&#8221; text_font=&#8221;Karla||||||||&#8221; text_text_color=&#8221;#FFFFFF&#8221; text_font_size=&#8221;0.8vw&#8221; text_line_height=&#8221;2.2em&#8221; custom_padding=&#8221;|9%|10%|9%|false|false&#8221; text_font_size_tablet=&#8221;2vw&#8221; text_font_size_phone=&#8221;3.6vw&#8221; text_font_size_last_edited=&#8221;on|desktop&#8221; global_colors_info=&#8221;{}&#8221;]<\/p>\n<p><strong>Colabora con la parroquia<\/strong><\/p>\n<p>La parroquia realiza multitud de actividades y de obras buenas.<\/p>\n<p>Para poder seguir llevando a cabo la misi\u00f3n, es necesario rehabilitar el edificio que todos usamos.<\/p>\n<p>!No te lo pienses y echa una mano!<\/p>\n<p>[\/et_pb_text][et_pb_button button_url=&#8221;http:\/\/www.parroquiasanmiguelarcangel.es\/web\/colabora&#8221; button_text=&#8221;Leer m\u00e1s&#8221; module_class=&#8221;hover-button&#8221; _builder_version=&#8221;4.16&#8243; _module_preset=&#8221;default&#8221; custom_button=&#8221;on&#8221; button_text_size=&#8221;1vw&#8221; button_border_width=&#8221;0px&#8221; button_border_radius=&#8221;0px&#8221; button_font=&#8221;Karla||||||||&#8221; button_icon=&#8221;&#x24;||divi||400&#8243; button_icon_placement=&#8221;left&#8221; button_on_hover=&#8221;off&#8221; custom_margin=&#8221;|9%|8%|9%|false|false&#8221; custom_padding=&#8221;|20%|5%||false|false&#8221; button_text_size_tablet=&#8221;2.5vw&#8221; button_text_size_phone=&#8221;4vw&#8221; button_text_size_last_edited=&#8221;on|phone&#8221; box_shadow_style=&#8221;preset4&#8243; box_shadow_horizontal=&#8221;0px&#8221; box_shadow_vertical=&#8221;2px&#8221; box_shadow_color=&#8221;#000000&#8243; global_colors_info=&#8221;{}&#8221; button_text_size__hover_enabled=&#8221;off|desktop&#8221;][\/et_pb_button][\/et_pb_column][et_pb_column type=&#8221;1_3&#8243; module_class=&#8221;hover-column&#8221; admin_label=&#8221;Rehabilitaci\u00f3n&#8221; _builder_version=&#8221;4.16&#8243; _module_preset=&#8221;default&#8221; use_background_color_gradient=&#8221;on&#8221; background_color_gradient_stops=&#8221;rgba(255,255,255,0) 30%|#000000 100%&#8221; background_color_gradient_overlays_image=&#8221;on&#8221; background_color_gradient_start=&#8221;rgba(255,255,255,0)&#8221; background_color_gradient_start_position=&#8221;30%&#8221; background_color_gradient_end=&#8221;#000000&#8243; global_colors_info=&#8221;{}&#8221; background__hover_enabled=&#8221;on|hover&#8221; background_image__hover=&#8221;http:\/\/www.parroquiasanmiguelarcangel.es\/web\/wp-content\/uploads\/2021\/11\/obra.jpg&#8221; background_enable_image__hover=&#8221;on&#8221;][et_pb_text module_class=&#8221;hover-title&#8221; _builder_version=&#8221;4.16&#8243; _module_preset=&#8221;default&#8221; header_3_font=&#8221;Oswald|200||on|||||&#8221; header_3_font_size=&#8221;3vw&#8221; header_3_letter_spacing=&#8221;-2px&#8221; width=&#8221;44%&#8221; width_tablet=&#8221;48%&#8221; width_phone=&#8221;50%&#8221; width_last_edited=&#8221;on|phone&#8221; module_alignment=&#8221;right&#8221; custom_margin=&#8221;0px||25vh||false|false&#8221; custom_padding=&#8221;5%|7%|5%|7%|false|false&#8221; header_3_font_size_tablet=&#8221;7vw&#8221; header_3_font_size_phone=&#8221;14vw&#8221; header_3_font_size_last_edited=&#8221;on|phone&#8221; border_width_right=&#8221;1px&#8221; border_color_right=&#8221;#d3d3d3&#8243; border_width_bottom=&#8221;1px&#8221; border_color_bottom=&#8221;#d3d3d3&#8243; global_colors_info=&#8221;{}&#8221;]<\/p>\n<h3>Obras<\/h3>\n<p>[\/et_pb_text][et_pb_text module_class=&#8221;hover-text&#8221; _builder_version=&#8221;4.16&#8243; _module_preset=&#8221;default&#8221; text_font=&#8221;Karla||||||||&#8221; text_text_color=&#8221;#FFFFFF&#8221; text_font_size=&#8221;0.8vw&#8221; text_line_height=&#8221;2.2em&#8221; custom_padding=&#8221;|9%|10%|9%|false|false&#8221; text_font_size_tablet=&#8221;2vw&#8221; text_font_size_phone=&#8221;3.6vw&#8221; text_font_size_last_edited=&#8221;on|desktop&#8221; global_colors_info=&#8221;{}&#8221;]<\/p>\n<p><strong>Rehabilitaci\u00f3n parroquial<\/strong><\/p>\n<p>Os ense\u00f1amos las obras de rehabilitaci\u00f3n que se est\u00e1n llevando a cabo.<\/p>\n<p>[\/et_pb_text][et_pb_button button_url=&#8221;http:\/\/www.parroquiasanmiguelarcangel.es\/web\/rehabilitacion-parroquial&#8221; button_text=&#8221;Leer m\u00e1s&#8221; module_class=&#8221;hover-button&#8221; _builder_version=&#8221;4.16&#8243; _module_preset=&#8221;default&#8221; custom_button=&#8221;on&#8221; button_text_size=&#8221;1vw&#8221; button_border_width=&#8221;0px&#8221; button_border_radius=&#8221;0px&#8221; button_font=&#8221;Karla||||||||&#8221; button_icon=&#8221;&#x24;||divi||400&#8243; button_icon_placement=&#8221;left&#8221; button_on_hover=&#8221;off&#8221; custom_margin=&#8221;|9%|8%|9%|false|false&#8221; custom_padding=&#8221;|20%|5%||false|false&#8221; button_text_size_tablet=&#8221;2.5vw&#8221; button_text_size_phone=&#8221;4vw&#8221; button_text_size_last_edited=&#8221;on|phone&#8221; box_shadow_style=&#8221;preset4&#8243; box_shadow_horizontal=&#8221;0px&#8221; box_shadow_vertical=&#8221;2px&#8221; box_shadow_color=&#8221;#000000&#8243; global_colors_info=&#8221;{}&#8221; button_text_size__hover_enabled=&#8221;off|desktop&#8221;][\/et_pb_button][\/et_pb_column][\/et_pb_row][\/et_pb_section][et_pb_section fb_built=&#8221;1&#8243; _builder_version=&#8221;4.16&#8243; _module_preset=&#8221;default&#8221; background_image=&#8221;http:\/\/www.parroquiasanmiguelarcangel.es\/web\/wp-content\/uploads\/2021\/01\/Iglesia_de_San_Miguel_Arcangel_resized.jpg&#8221; parallax=&#8221;on&#8221; parallax_method=&#8221;off&#8221; custom_css_main_element=&#8221;height: 100vh;&#8221; global_colors_info=&#8221;{}&#8221;][\/et_pb_section][et_pb_section fb_built=&#8221;1&#8243; _builder_version=&#8221;4.16&#8243; _module_preset=&#8221;default&#8221; global_colors_info=&#8221;{}&#8221;][et_pb_row _builder_version=&#8221;4.16&#8243; _module_preset=&#8221;default&#8221; global_colors_info=&#8221;{}&#8221;][et_pb_column type=&#8221;4_4&#8243; _builder_version=&#8221;4.16&#8243; _module_preset=&#8221;default&#8221; global_colors_info=&#8221;{}&#8221;][et_pb_text _builder_version=&#8221;4.16&#8243; _module_preset=&#8221;default&#8221; global_colors_info=&#8221;{}&#8221;]<\/p>\n<h1 style=\"text-align: center;\"><strong>Horarios<\/strong><\/h1>\n<p>[\/et_pb_text][\/et_pb_column][\/et_pb_row][et_pb_row column_structure=&#8221;1_4,1_4,1_4,1_4&#8243; _builder_version=&#8221;4.16&#8243; _module_preset=&#8221;default&#8221; global_colors_info=&#8221;{}&#8221;][et_pb_column type=&#8221;1_4&#8243; _builder_version=&#8221;4.16&#8243; _module_preset=&#8221;default&#8221; global_colors_info=&#8221;{}&#8221;][et_pb_text _builder_version=&#8221;4.16&#8243; _module_preset=&#8221;default&#8221; global_colors_info=&#8221;{}&#8221;]<\/p>\n<h2>Laborables<\/h2>\n<ul>\n<li>10:00<\/li>\n<li>19:00<\/li>\n<li>20:00<\/li>\n<\/ul>\n<p>[\/et_pb_text][\/et_pb_column][et_pb_column type=&#8221;1_4&#8243; _builder_version=&#8221;4.25.2&#8243; _module_preset=&#8221;default&#8221; global_colors_info=&#8221;{}&#8221;][et_pb_text _builder_version=&#8221;4.25.2&#8243; _module_preset=&#8221;default&#8221; global_colors_info=&#8221;{}&#8221;]<\/p>\n<h2>Laborables (verano)<\/h2>\n<ul>\n<li>10:00<\/li>\n<li>20:00<\/li>\n<\/ul>\n<p>[\/et_pb_text][\/et_pb_column][et_pb_column type=&#8221;1_4&#8243; _builder_version=&#8221;4.25.2&#8243; _module_preset=&#8221;default&#8221; global_colors_info=&#8221;{}&#8221;][et_pb_text _builder_version=&#8221;4.25.2&#8243; _module_preset=&#8221;default&#8221; global_colors_info=&#8221;{}&#8221;]<\/p>\n<h2>Domingos y festivos (invierno)<\/h2>\n<ul>\n<li>08:30<\/li>\n<li>10:00<\/li>\n<li>11:30<\/li>\n<li>13:00<\/li>\n<li>20:00<\/li>\n<\/ul>\n<p>[\/et_pb_text][\/et_pb_column][et_pb_column type=&#8221;1_4&#8243; _builder_version=&#8221;4.16&#8243; _module_preset=&#8221;default&#8221; global_colors_info=&#8221;{}&#8221;][et_pb_text _builder_version=&#8221;4.16&#8243; _module_preset=&#8221;default&#8221; global_colors_info=&#8221;{}&#8221;]<\/p>\n<h2>Domingos y festivos (verano)<\/h2>\n<ul>\n<li>08:30<\/li>\n<li>10:00<\/li>\n<li>12:30<\/li>\n<li>20:00<\/li>\n<\/ul>\n<p>[\/et_pb_text][\/et_pb_column][\/et_pb_row][et_pb_row _builder_version=&#8221;4.16&#8243; _module_preset=&#8221;default&#8221; min_height=&#8221;54px&#8221; global_colors_info=&#8221;{}&#8221;][et_pb_column type=&#8221;4_4&#8243; _builder_version=&#8221;4.16&#8243; _module_preset=&#8221;default&#8221; global_colors_info=&#8221;{}&#8221;][et_pb_text _builder_version=&#8221;4.16&#8243; _module_preset=&#8221;default&#8221; global_colors_info=&#8221;{}&#8221;]<\/p>\n<p>Habr\u00e1 confesiones media hora antes de las misas<\/p>\n<p>[\/et_pb_text][\/et_pb_column][\/et_pb_row][et_pb_row _builder_version=&#8221;4.16&#8243; _module_preset=&#8221;default&#8221; global_colors_info=&#8221;{}&#8221;][et_pb_column type=&#8221;4_4&#8243; _builder_version=&#8221;4.16&#8243; _module_preset=&#8221;default&#8221; global_colors_info=&#8221;{}&#8221;][et_pb_text _builder_version=&#8221;4.16&#8243; _module_preset=&#8221;default&#8221; global_colors_info=&#8221;{}&#8221;]<\/p>\n<p><strong>Adem\u00e1s, en estos tiempos de pandemia,\u00a0 pod\u00e9is seguir algunas de las celebraciones a trav\u00e9s del canal de Youtube de la parroquia. Pinchad <a href=\"https:\/\/www.youtube.com\/channel\/UCU7gVdoGLFWMEDjLkwLCDvw\" target=\"_blank\" rel=\"noopener noreferrer\">aqu\u00ed<\/a> para acceder.<\/strong><\/p>\n<p>[\/et_pb_text][\/et_pb_column][\/et_pb_row][\/et_pb_section]<\/p>\n","protected":false},"excerpt":{"rendered":"<p>Bienvenido a la Parroquia de San Miguel Arc\u00e1ngel. &nbsp;Formaci\u00f3nM\u00e9nsaje de nuestro p\u00e1rroco: El Se\u00f1or nos invita a ser sus disc\u00edpulos. Y para eso necesitamos un tiempo para conocerlo. Si sacas [&hellip;]<\/p>\n","protected":false},"author":9,"featured_media":0,"parent":0,"menu_order":0,"comment_status":"closed","ping_status":"closed","template":"","meta":{"_et_pb_use_builder":"on","_et_pb_old_content":"","_et_gb_content_width":"","_mc_calendar":[],"footnotes":""},"class_list":["post-4254","page","type-page","status-publish","hentry"],"_links":{"self":[{"href":"https:\/\/www.parroquiasanmiguelarcangel.es\/web\/wp-json\/wp\/v2\/pages\/4254","targetHints":{"allow":["GET"]}}],"collection":[{"href":"https:\/\/www.parroquiasanmiguelarcangel.es\/web\/wp-json\/wp\/v2\/pages"}],"about":[{"href":"https:\/\/www.parroquiasanmiguelarcangel.es\/web\/wp-json\/wp\/v2\/types\/page"}],"author":[{"embeddable":true,"href":"https:\/\/www.parroquiasanmiguelarcangel.es\/web\/wp-json\/wp\/v2\/users\/9"}],"replies":[{"embeddable":true,"href":"https:\/\/www.parroquiasanmiguelarcangel.es\/web\/wp-json\/wp\/v2\/comments?post=4254"}],"version-history":[{"count":36,"href":"https:\/\/www.parroquiasanmiguelarcangel.es\/web\/wp-json\/wp\/v2\/pages\/4254\/revisions"}],"predecessor-version":[{"id":4724,"href":"https:\/\/www.parroquiasanmiguelarcangel.es\/web\/wp-json\/wp\/v2\/pages\/4254\/revisions\/4724"}],"wp:attachment":[{"href":"https:\/\/www.parroquiasanmiguelarcangel.es\/web\/wp-json\/wp\/v2\/media?parent=4254"}],"curies":[{"name":"wp","href":"https:\/\/api.w.org\/{rel}","templated":true}]}}